{"id":84,"date":"2023-08-03T09:20:39","date_gmt":"2023-08-03T08:20:39","guid":{"rendered":"https:\/\/courssilpleut.com\/?post_type=product&#038;p=84"},"modified":"2026-03-12T10:19:19","modified_gmt":"2026-03-12T09:19:19","slug":"custom-pocketed-shirt","status":"publish","type":"product","link":"https:\/\/courssilpleut.com\/fr\/shop\/apparel\/custom-pocketed-shirt\/","title":{"rendered":"Chemise \u00e0 poches"},"content":{"rendered":"","protected":false},"excerpt":{"rendered":"<p>&nbsp;<\/p>\n<div class=\"elementor-element elementor-element-5a580a3 e-flex e-con-boxed e-con\" data-id=\"5a580a3\" data-element_type=\"container\" data-settings=\"{&quot;content_width&quot;:&quot;boxed&quot;}\">\n<div class=\"e-con-inner\">\n<div class=\"elementor-element elementor-element-ac70061 elementor-widget elementor-widget-text-editor\" data-id=\"ac70061\" data-element_type=\"widget\" data-widget_type=\"text-editor.default\">\n<div class=\"elementor-widget-container\">\n<p><span data-contrast=\"auto\">La chemise \u00e0 poches est un v\u00eatement polyvalent qui est id\u00e9al pour les voyages. Confectionn\u00e9e avec un tissu en lin, robuste et confortable, et pens\u00e9e pour \u00eatre facile \u00e0 manipuler sur un v\u00e9lo, elle est id\u00e9ale \u00e0 porter en tout temps et circonstances.<\/span><span data-ccp-props=\"{&quot;201341983&quot;:0,&quot;335559739&quot;:160,&quot;335559740&quot;:259}\">\u00a0<\/span><\/p>\n<\/div>\n<\/div>\n<\/div>\n<\/div>\n<div class=\"elementor-element elementor-element-6f73780 e-flex e-con-boxed e-con\" data-id=\"6f73780\" data-element_type=\"container\" data-settings=\"{&quot;content_width&quot;:&quot;boxed&quot;}\">\n<div class=\"e-con-inner\">\n<div class=\"elementor-element elementor-element-e9172da elementor-widget elementor-widget-text-editor\" data-id=\"e9172da\" data-element_type=\"widget\" data-widget_type=\"text-editor.default\">\n<div class=\"elementor-widget-container\">\n<pre style=\"padding-left: 40px;\"><em><strong>\u2014 disponible de la taille 85 \u00e0 115 (correspondant au tour de poitrine)<\/strong><\/em><em><strong>\r\n\u2014 coupe droite avec fermeture \u00e0 boutons pression KAM\n\u2014 100% lin europ\u00e9en ou 40% lin 30% laine 30% mohair\r\n\r\n<\/strong><\/em><\/pre>\n<\/div>\n<\/div>\n<\/div>\n<\/div>\n<p style=\"padding-left: 40px;\"><a href=\"https:\/\/courssilpleut.com\/fr\/pocketed-shirt\/\">description compl\u00e8te<\/a><\/p>\n<p>&nbsp;<\/p>\n<p>confectionn\u00e9 \u00e0 la main \u00e0 l'atelier, en France<\/p>\n<p>&nbsp;<\/p>","protected":false},"featured_media":865,"template":"","meta":[],"product_brand":[],"product_cat":[33,40],"product_tag":[],"class_list":{"0":"post-84","1":"product","2":"type-product","3":"status-publish","4":"has-post-thumbnail","6":"product_cat-apparel","7":"product_cat-made-to-order","8":"product_shipping_class-small-parcel","10":"first","11":"instock","12":"shipping-taxable","13":"purchasable","14":"product-type-variable"},"yoast_head":"<!-- This site is optimized with the Yoast SEO plugin v26.6 - https:\/\/yoast.com\/wordpress\/plugins\/seo\/ -->\n<title>Custom Pocketed shirt - Cours s&#039;il pleut<\/title>\n<meta name=\"robots\" content=\"index, follow, max-snippet:-1, max-image-preview:large, max-video-preview:-1\" \/>\n<link rel=\"canonical\" href=\"https:\/\/courssilpleut.com\/fr\/shop\/apparel\/custom-pocketed-shirt\/\" \/>\n<meta property=\"og:locale\" content=\"fr_FR\" \/>\n<meta property=\"og:type\" content=\"article\" \/>\n<meta property=\"og:title\" content=\"Custom Pocketed shirt - Cours s&#039;il pleut\" \/>\n<meta property=\"og:description\" content=\"&nbsp;      The Pocketed shirt is a versatile piece of equipment that\u2019s intended for multiday adventures. Made with durable and comfortable linen fabric with ease of use in mind, the Pocketed shirt is designed to be worn year-round, on and off the bike.\u00a0          \u2014 available from size 85 to 115 (corresponding to the wearer&#039;s chest circumference in cm) \u2014 straight cut with KAM snap closure \u2014 100% european linen or 40% linen 30% wool 30% mohair       complete product description &nbsp;  handmade in the Cours s&#039;il pleut workshop in France  &nbsp;\" \/>\n<meta property=\"og:url\" content=\"https:\/\/courssilpleut.com\/fr\/shop\/apparel\/custom-pocketed-shirt\/\" \/>\n<meta property=\"og:site_name\" content=\"Cours s&#039;il pleut\" \/>\n<meta property=\"article:modified_time\" content=\"2026-03-12T09:19:19+00:00\" \/>\n<meta property=\"og:image\" content=\"https:\/\/courssilpleut.com\/wp-content\/uploads\/2023\/08\/dessins-produits_Plan-de-travail-1-copie.png\" \/>\n\t<meta property=\"og:image:width\" content=\"2363\" \/>\n\t<meta property=\"og:image:height\" content=\"2953\" \/>\n\t<meta property=\"og:image:type\" content=\"image\/png\" \/>\n<meta name=\"twitter:card\" content=\"summary_large_image\" \/>\n<meta name=\"twitter:label1\" content=\"Dur\u00e9e de lecture estim\u00e9e\" \/>\n\t<meta name=\"twitter:data1\" content=\"1 minute\" \/>\n<script type=\"application\/ld+json\" class=\"yoast-schema-graph\">{\"@context\":\"https:\/\/schema.org\",\"@graph\":[{\"@type\":\"WebPage\",\"@id\":\"https:\/\/courssilpleut.com\/shop\/apparel\/custom-pocketed-shirt\/\",\"url\":\"https:\/\/courssilpleut.com\/shop\/apparel\/custom-pocketed-shirt\/\",\"name\":\"Custom Pocketed shirt - Cours s&#039;il pleut\",\"isPartOf\":{\"@id\":\"https:\/\/courssilpleut.com\/#website\"},\"primaryImageOfPage\":{\"@id\":\"https:\/\/courssilpleut.com\/shop\/apparel\/custom-pocketed-shirt\/#primaryimage\"},\"image\":{\"@id\":\"https:\/\/courssilpleut.com\/shop\/apparel\/custom-pocketed-shirt\/#primaryimage\"},\"thumbnailUrl\":\"https:\/\/courssilpleut.com\/wp-content\/uploads\/2023\/08\/dessins-produits_Plan-de-travail-1-copie.png\",\"datePublished\":\"2023-08-03T08:20:39+00:00\",\"dateModified\":\"2026-03-12T09:19:19+00:00\",\"breadcrumb\":{\"@id\":\"https:\/\/courssilpleut.com\/shop\/apparel\/custom-pocketed-shirt\/#breadcrumb\"},\"inLanguage\":\"fr-FR\",\"potentialAction\":[{\"@type\":\"ReadAction\",\"target\":[\"https:\/\/courssilpleut.com\/shop\/apparel\/custom-pocketed-shirt\/\"]}]},{\"@type\":\"ImageObject\",\"inLanguage\":\"fr-FR\",\"@id\":\"https:\/\/courssilpleut.com\/shop\/apparel\/custom-pocketed-shirt\/#primaryimage\",\"url\":\"https:\/\/courssilpleut.com\/wp-content\/uploads\/2023\/08\/dessins-produits_Plan-de-travail-1-copie.png\",\"contentUrl\":\"https:\/\/courssilpleut.com\/wp-content\/uploads\/2023\/08\/dessins-produits_Plan-de-travail-1-copie.png\",\"width\":2363,\"height\":2953},{\"@type\":\"BreadcrumbList\",\"@id\":\"https:\/\/courssilpleut.com\/shop\/apparel\/custom-pocketed-shirt\/#breadcrumb\",\"itemListElement\":[{\"@type\":\"ListItem\",\"position\":1,\"name\":\"Home\",\"item\":\"https:\/\/courssilpleut.com\/\"},{\"@type\":\"ListItem\",\"position\":2,\"name\":\"Store\",\"item\":\"https:\/\/courssilpleut.com\/fr\/store\/\"},{\"@type\":\"ListItem\",\"position\":3,\"name\":\"Custom Pocketed shirt\"}]},{\"@type\":\"WebSite\",\"@id\":\"https:\/\/courssilpleut.com\/#website\",\"url\":\"https:\/\/courssilpleut.com\/\",\"name\":\"Cours s'il pleut\",\"description\":\"Outdoor equipment for near and far ventures, made on a small scale in France | Equipements outdoor artisanaux con\u00e7us et confectionn\u00e9s en France\",\"publisher\":{\"@id\":\"https:\/\/courssilpleut.com\/#organization\"},\"potentialAction\":[{\"@type\":\"SearchAction\",\"target\":{\"@type\":\"EntryPoint\",\"urlTemplate\":\"https:\/\/courssilpleut.com\/?s={search_term_string}\"},\"query-input\":{\"@type\":\"PropertyValueSpecification\",\"valueRequired\":true,\"valueName\":\"search_term_string\"}}],\"inLanguage\":\"fr-FR\"},{\"@type\":\"Organization\",\"@id\":\"https:\/\/courssilpleut.com\/#organization\",\"name\":\"Cours s'il pleut\",\"url\":\"https:\/\/courssilpleut.com\/\",\"logo\":{\"@type\":\"ImageObject\",\"inLanguage\":\"fr-FR\",\"@id\":\"https:\/\/courssilpleut.com\/#\/schema\/logo\/image\/\",\"url\":\"https:\/\/courssilpleut.com\/wp-content\/uploads\/2023\/08\/logo_courssilpleut_Plan-de-travail-1-2.svg\",\"contentUrl\":\"https:\/\/courssilpleut.com\/wp-content\/uploads\/2023\/08\/logo_courssilpleut_Plan-de-travail-1-2.svg\",\"width\":500,\"height\":300,\"caption\":\"Cours s'il pleut\"},\"image\":{\"@id\":\"https:\/\/courssilpleut.com\/#\/schema\/logo\/image\/\"},\"sameAs\":[\"https:\/\/www.instagram.com\/courssilpleut\/\"]}]}<\/script>\n<!-- \/ Yoast SEO plugin. -->","yoast_head_json":{"title":"Custom Pocketed shirt - Cours s&#039;il pleut","robots":{"index":"index","follow":"follow","max-snippet":"max-snippet:-1","max-image-preview":"max-image-preview:large","max-video-preview":"max-video-preview:-1"},"canonical":"https:\/\/courssilpleut.com\/fr\/shop\/apparel\/custom-pocketed-shirt\/","og_locale":"fr_FR","og_type":"article","og_title":"Custom Pocketed shirt - Cours s&#039;il pleut","og_description":"&nbsp;      The Pocketed shirt is a versatile piece of equipment that\u2019s intended for multiday adventures. Made with durable and comfortable linen fabric with ease of use in mind, the Pocketed shirt is designed to be worn year-round, on and off the bike.\u00a0          \u2014 available from size 85 to 115 (corresponding to the wearer's chest circumference in cm) \u2014 straight cut with KAM snap closure \u2014 100% european linen or 40% linen 30% wool 30% mohair       complete product description &nbsp;  handmade in the Cours s'il pleut workshop in France  &nbsp;","og_url":"https:\/\/courssilpleut.com\/fr\/shop\/apparel\/custom-pocketed-shirt\/","og_site_name":"Cours s&#039;il pleut","article_modified_time":"2026-03-12T09:19:19+00:00","og_image":[{"width":2363,"height":2953,"url":"https:\/\/courssilpleut.com\/wp-content\/uploads\/2023\/08\/dessins-produits_Plan-de-travail-1-copie.png","type":"image\/png"}],"twitter_card":"summary_large_image","twitter_misc":{"Dur\u00e9e de lecture estim\u00e9e":"1 minute"},"schema":{"@context":"https:\/\/schema.org","@graph":[{"@type":"WebPage","@id":"https:\/\/courssilpleut.com\/shop\/apparel\/custom-pocketed-shirt\/","url":"https:\/\/courssilpleut.com\/shop\/apparel\/custom-pocketed-shirt\/","name":"Custom Pocketed shirt - Cours s&#039;il pleut","isPartOf":{"@id":"https:\/\/courssilpleut.com\/#website"},"primaryImageOfPage":{"@id":"https:\/\/courssilpleut.com\/shop\/apparel\/custom-pocketed-shirt\/#primaryimage"},"image":{"@id":"https:\/\/courssilpleut.com\/shop\/apparel\/custom-pocketed-shirt\/#primaryimage"},"thumbnailUrl":"https:\/\/courssilpleut.com\/wp-content\/uploads\/2023\/08\/dessins-produits_Plan-de-travail-1-copie.png","datePublished":"2023-08-03T08:20:39+00:00","dateModified":"2026-03-12T09:19:19+00:00","breadcrumb":{"@id":"https:\/\/courssilpleut.com\/shop\/apparel\/custom-pocketed-shirt\/#breadcrumb"},"inLanguage":"fr-FR","potentialAction":[{"@type":"ReadAction","target":["https:\/\/courssilpleut.com\/shop\/apparel\/custom-pocketed-shirt\/"]}]},{"@type":"ImageObject","inLanguage":"fr-FR","@id":"https:\/\/courssilpleut.com\/shop\/apparel\/custom-pocketed-shirt\/#primaryimage","url":"https:\/\/courssilpleut.com\/wp-content\/uploads\/2023\/08\/dessins-produits_Plan-de-travail-1-copie.png","contentUrl":"https:\/\/courssilpleut.com\/wp-content\/uploads\/2023\/08\/dessins-produits_Plan-de-travail-1-copie.png","width":2363,"height":2953},{"@type":"BreadcrumbList","@id":"https:\/\/courssilpleut.com\/shop\/apparel\/custom-pocketed-shirt\/#breadcrumb","itemListElement":[{"@type":"ListItem","position":1,"name":"Home","item":"https:\/\/courssilpleut.com\/"},{"@type":"ListItem","position":2,"name":"Store","item":"https:\/\/courssilpleut.com\/fr\/store\/"},{"@type":"ListItem","position":3,"name":"Custom Pocketed shirt"}]},{"@type":"WebSite","@id":"https:\/\/courssilpleut.com\/#website","url":"https:\/\/courssilpleut.com\/","name":"Cours s'il pleut","description":"Outdoor equipment for near and far ventures, made on a small scale in France | Equipements outdoor artisanaux con\u00e7us et confectionn\u00e9s en France","publisher":{"@id":"https:\/\/courssilpleut.com\/#organization"},"potentialAction":[{"@type":"SearchAction","target":{"@type":"EntryPoint","urlTemplate":"https:\/\/courssilpleut.com\/?s={search_term_string}"},"query-input":{"@type":"PropertyValueSpecification","valueRequired":true,"valueName":"search_term_string"}}],"inLanguage":"fr-FR"},{"@type":"Organization","@id":"https:\/\/courssilpleut.com\/#organization","name":"Cours s'il pleut","url":"https:\/\/courssilpleut.com\/","logo":{"@type":"ImageObject","inLanguage":"fr-FR","@id":"https:\/\/courssilpleut.com\/#\/schema\/logo\/image\/","url":"https:\/\/courssilpleut.com\/wp-content\/uploads\/2023\/08\/logo_courssilpleut_Plan-de-travail-1-2.svg","contentUrl":"https:\/\/courssilpleut.com\/wp-content\/uploads\/2023\/08\/logo_courssilpleut_Plan-de-travail-1-2.svg","width":500,"height":300,"caption":"Cours s'il pleut"},"image":{"@id":"https:\/\/courssilpleut.com\/#\/schema\/logo\/image\/"},"sameAs":["https:\/\/www.instagram.com\/courssilpleut\/"]}]}},"_links":{"self":[{"href":"https:\/\/courssilpleut.com\/fr\/wp-json\/wp\/v2\/product\/84","targetHints":{"allow":["GET"]}}],"collection":[{"href":"https:\/\/courssilpleut.com\/fr\/wp-json\/wp\/v2\/product"}],"about":[{"href":"https:\/\/courssilpleut.com\/fr\/wp-json\/wp\/v2\/types\/product"}],"version-history":[{"count":27,"href":"https:\/\/courssilpleut.com\/fr\/wp-json\/wp\/v2\/product\/84\/revisions"}],"predecessor-version":[{"id":7172,"href":"https:\/\/courssilpleut.com\/fr\/wp-json\/wp\/v2\/product\/84\/revisions\/7172"}],"wp:featuredmedia":[{"embeddable":true,"href":"https:\/\/courssilpleut.com\/fr\/wp-json\/wp\/v2\/media\/865"}],"wp:attachment":[{"href":"https:\/\/courssilpleut.com\/fr\/wp-json\/wp\/v2\/media?parent=84"}],"wp:term":[{"taxonomy":"product_brand","embeddable":true,"href":"https:\/\/courssilpleut.com\/fr\/wp-json\/wp\/v2\/product_brand?post=84"},{"taxonomy":"product_cat","embeddable":true,"href":"https:\/\/courssilpleut.com\/fr\/wp-json\/wp\/v2\/product_cat?post=84"},{"taxonomy":"product_tag","embeddable":true,"href":"https:\/\/courssilpleut.com\/fr\/wp-json\/wp\/v2\/product_tag?post=84"}],"curies":[{"name":"wp","href":"https:\/\/api.w.org\/{rel}","templated":true}]}}