{"id":7578,"date":"2025-11-17T09:52:49","date_gmt":"2025-11-17T08:52:49","guid":{"rendered":"https:\/\/courssilpleut.com\/?post_type=product&#038;p=7578"},"modified":"2026-03-03T15:31:48","modified_gmt":"2026-03-03T14:31:48","slug":"2-5l-maira-sidebag-ready-to-ship","status":"publish","type":"product","link":"https:\/\/courssilpleut.com\/fr\/shop\/bags\/2-5l-maira-sidebag-ready-to-ship\/","title":{"rendered":"2.5L Maira sidebag &#8211; ready-to-ship"},"content":{"rendered":"<p>The 2.5L Maira sidebag is a purse for everyday use while keeping cycling in mind. The removable third point strap keeps the bag close to the body and stops it from moving when riding a bike. The Maira sidebag fits a small paperback book in addition to everyday essentials, and features two external pockets to keep items organised. A hook securely keeps keys in place and the cord is easily adjustable thanks to two linelocks. Reflective logo + cord<\/p>\n<p>&nbsp;<\/p>\n<pre style=\"padding-left: 40px;\"><em><strong>\u2014 2.5L to fit the essentials while minimizing bulk<\/strong><\/em><em><strong>\r\n\u2014 adjustable cord strap + third point attachment\r\n\u2014 three pockets\r\n\r\n<\/strong><\/em><\/pre>\n<p>shipped within a week after ordering<\/p>\n<p>&nbsp;<\/p>\n<p>confectionn\u00e9 \u00e0 la main \u00e0 l'atelier, en France<\/p>\n<pre style=\"padding-left: 40px;\"><em><strong>\u00a0<\/strong><\/em><\/pre>","protected":false},"excerpt":{"rendered":"<h3 style=\"text-align: left;\"><\/h3>\n<p>The 2.5L Maira sidebag is a purse for everyday use while keeping cycling in mind. The removable third point strap keeps the bag close to the body and stops it from swaying when riding a bike. The Maira sidebag fits a small paperback book in addition to everyday essentials and features two external pockets to keep items organised. A hook securely keeps keys in place and the shoulder cord is easily adjustable thanks to two linelocks. Reflective logo + cord<\/p>\n<p>&nbsp;<\/p>\n<pre style=\"padding-left: 40px;\"><em><strong>\u2014 2.5L to fit the essentials while minimalising bulk<\/strong><\/em><em><strong>\r\n\u2014 adjustable cord strap + third point attachment\r\n\u2014 three pockets\r\n\r\n<\/strong><\/em><\/pre>\n<p><em>21 x 17 x 4.5 cm &#8211;\u00a0 ~ <\/em><em>160 g, depending on the fabrics<\/em><\/p>\n<p>&nbsp;<\/p>\n<p>shipped within a week after ordering<\/p>\n<p>&nbsp;<\/p>\n<p>handmade in the Cours s&#8217;il pleut workshop in Grenoble, France<\/p>\n<pre style=\"padding-left: 40px;\"><em><strong>\u00a0<\/strong><\/em><\/pre>","protected":false},"featured_media":7598,"template":"","meta":[],"product_brand":[],"product_cat":[32,43],"product_tag":[],"class_list":{"0":"post-7578","1":"product","2":"type-product","3":"status-publish","4":"has-post-thumbnail","6":"product_cat-bags","7":"product_cat-ready-to-ship","9":"first","10":"outofstock","11":"shipping-taxable","12":"purchasable","13":"product-type-variable"},"yoast_head":"<!-- This site is optimized with the Yoast SEO plugin v26.6 - https:\/\/yoast.com\/wordpress\/plugins\/seo\/ -->\n<title>2.5L Maira sidebag - ready-to-ship - Cours s&#039;il pleut<\/title>\n<meta name=\"description\" content=\"Compact sidebag to carry everyday essentials with third point strap to stabilise the bag when cycling. Three pockets, adjustable straps, reflective details.\" \/>\n<meta name=\"robots\" content=\"index, follow, max-snippet:-1, max-image-preview:large, max-video-preview:-1\" \/>\n<link rel=\"canonical\" href=\"https:\/\/courssilpleut.com\/fr\/shop\/bags\/2-5l-maira-sidebag-ready-to-ship\/\" \/>\n<meta property=\"og:locale\" content=\"fr_FR\" \/>\n<meta property=\"og:type\" content=\"article\" \/>\n<meta property=\"og:title\" content=\"2.5L Maira sidebag - ready-to-ship - Cours s&#039;il pleut\" \/>\n<meta property=\"og:description\" content=\"Compact sidebag to carry everyday essentials with third point strap to stabilise the bag when cycling. Three pockets, adjustable straps, reflective details.\" \/>\n<meta property=\"og:url\" content=\"https:\/\/courssilpleut.com\/fr\/shop\/bags\/2-5l-maira-sidebag-ready-to-ship\/\" \/>\n<meta property=\"og:site_name\" content=\"Cours s&#039;il pleut\" \/>\n<meta property=\"article:modified_time\" content=\"2026-03-03T14:31:48+00:00\" \/>\n<meta property=\"og:image\" content=\"https:\/\/courssilpleut.com\/wp-content\/uploads\/2025\/11\/P1222053-4.jpg\" \/>\n\t<meta property=\"og:image:width\" content=\"1350\" \/>\n\t<meta property=\"og:image:height\" content=\"1687\" \/>\n\t<meta property=\"og:image:type\" content=\"image\/jpeg\" \/>\n<meta name=\"twitter:card\" content=\"summary_large_image\" \/>\n<meta name=\"twitter:label1\" content=\"Dur\u00e9e de lecture estim\u00e9e\" \/>\n\t<meta name=\"twitter:data1\" content=\"1 minute\" \/>\n<script type=\"application\/ld+json\" class=\"yoast-schema-graph\">{\"@context\":\"https:\/\/schema.org\",\"@graph\":[{\"@type\":\"WebPage\",\"@id\":\"https:\/\/courssilpleut.com\/shop\/bags\/2-5l-maira-sidebag-ready-to-ship\/\",\"url\":\"https:\/\/courssilpleut.com\/shop\/bags\/2-5l-maira-sidebag-ready-to-ship\/\",\"name\":\"2.5L Maira sidebag - ready-to-ship - Cours s&#039;il pleut\",\"isPartOf\":{\"@id\":\"https:\/\/courssilpleut.com\/#website\"},\"primaryImageOfPage\":{\"@id\":\"https:\/\/courssilpleut.com\/shop\/bags\/2-5l-maira-sidebag-ready-to-ship\/#primaryimage\"},\"image\":{\"@id\":\"https:\/\/courssilpleut.com\/shop\/bags\/2-5l-maira-sidebag-ready-to-ship\/#primaryimage\"},\"thumbnailUrl\":\"https:\/\/courssilpleut.com\/wp-content\/uploads\/2025\/11\/P1222053-4.jpg\",\"datePublished\":\"2025-11-17T08:52:49+00:00\",\"dateModified\":\"2026-03-03T14:31:48+00:00\",\"description\":\"Compact sidebag to carry everyday essentials with third point strap to stabilise the bag when cycling. Three pockets, adjustable straps, reflective details.\",\"breadcrumb\":{\"@id\":\"https:\/\/courssilpleut.com\/shop\/bags\/2-5l-maira-sidebag-ready-to-ship\/#breadcrumb\"},\"inLanguage\":\"fr-FR\",\"potentialAction\":[{\"@type\":\"ReadAction\",\"target\":[\"https:\/\/courssilpleut.com\/shop\/bags\/2-5l-maira-sidebag-ready-to-ship\/\"]}]},{\"@type\":\"ImageObject\",\"inLanguage\":\"fr-FR\",\"@id\":\"https:\/\/courssilpleut.com\/shop\/bags\/2-5l-maira-sidebag-ready-to-ship\/#primaryimage\",\"url\":\"https:\/\/courssilpleut.com\/wp-content\/uploads\/2025\/11\/P1222053-4.jpg\",\"contentUrl\":\"https:\/\/courssilpleut.com\/wp-content\/uploads\/2025\/11\/P1222053-4.jpg\",\"width\":1350,\"height\":1687},{\"@type\":\"BreadcrumbList\",\"@id\":\"https:\/\/courssilpleut.com\/shop\/bags\/2-5l-maira-sidebag-ready-to-ship\/#breadcrumb\",\"itemListElement\":[{\"@type\":\"ListItem\",\"position\":1,\"name\":\"Home\",\"item\":\"https:\/\/courssilpleut.com\/\"},{\"@type\":\"ListItem\",\"position\":2,\"name\":\"Store\",\"item\":\"https:\/\/courssilpleut.com\/fr\/store\/\"},{\"@type\":\"ListItem\",\"position\":3,\"name\":\"2.5L Maira sidebag &#8211; ready-to-ship\"}]},{\"@type\":\"WebSite\",\"@id\":\"https:\/\/courssilpleut.com\/#website\",\"url\":\"https:\/\/courssilpleut.com\/\",\"name\":\"Cours s'il pleut\",\"description\":\"Outdoor equipment for near and far ventures, made on a small scale in France | Equipements outdoor artisanaux con\u00e7us et confectionn\u00e9s en France\",\"publisher\":{\"@id\":\"https:\/\/courssilpleut.com\/#organization\"},\"potentialAction\":[{\"@type\":\"SearchAction\",\"target\":{\"@type\":\"EntryPoint\",\"urlTemplate\":\"https:\/\/courssilpleut.com\/?s={search_term_string}\"},\"query-input\":{\"@type\":\"PropertyValueSpecification\",\"valueRequired\":true,\"valueName\":\"search_term_string\"}}],\"inLanguage\":\"fr-FR\"},{\"@type\":\"Organization\",\"@id\":\"https:\/\/courssilpleut.com\/#organization\",\"name\":\"Cours s'il pleut\",\"url\":\"https:\/\/courssilpleut.com\/\",\"logo\":{\"@type\":\"ImageObject\",\"inLanguage\":\"fr-FR\",\"@id\":\"https:\/\/courssilpleut.com\/#\/schema\/logo\/image\/\",\"url\":\"https:\/\/courssilpleut.com\/wp-content\/uploads\/2023\/08\/logo_courssilpleut_Plan-de-travail-1-2.svg\",\"contentUrl\":\"https:\/\/courssilpleut.com\/wp-content\/uploads\/2023\/08\/logo_courssilpleut_Plan-de-travail-1-2.svg\",\"width\":500,\"height\":300,\"caption\":\"Cours s'il pleut\"},\"image\":{\"@id\":\"https:\/\/courssilpleut.com\/#\/schema\/logo\/image\/\"},\"sameAs\":[\"https:\/\/www.instagram.com\/courssilpleut\/\"]}]}<\/script>\n<!-- \/ Yoast SEO plugin. -->","yoast_head_json":{"title":"2.5L Maira sidebag - ready-to-ship - Cours s&#039;il pleut","description":"Compact sidebag to carry everyday essentials with third point strap to stabilise the bag when cycling. Three pockets, adjustable straps, reflective details.","robots":{"index":"index","follow":"follow","max-snippet":"max-snippet:-1","max-image-preview":"max-image-preview:large","max-video-preview":"max-video-preview:-1"},"canonical":"https:\/\/courssilpleut.com\/fr\/shop\/bags\/2-5l-maira-sidebag-ready-to-ship\/","og_locale":"fr_FR","og_type":"article","og_title":"2.5L Maira sidebag - ready-to-ship - Cours s&#039;il pleut","og_description":"Compact sidebag to carry everyday essentials with third point strap to stabilise the bag when cycling. Three pockets, adjustable straps, reflective details.","og_url":"https:\/\/courssilpleut.com\/fr\/shop\/bags\/2-5l-maira-sidebag-ready-to-ship\/","og_site_name":"Cours s&#039;il pleut","article_modified_time":"2026-03-03T14:31:48+00:00","og_image":[{"width":1350,"height":1687,"url":"https:\/\/courssilpleut.com\/wp-content\/uploads\/2025\/11\/P1222053-4.jpg","type":"image\/jpeg"}],"twitter_card":"summary_large_image","twitter_misc":{"Dur\u00e9e de lecture estim\u00e9e":"1 minute"},"schema":{"@context":"https:\/\/schema.org","@graph":[{"@type":"WebPage","@id":"https:\/\/courssilpleut.com\/shop\/bags\/2-5l-maira-sidebag-ready-to-ship\/","url":"https:\/\/courssilpleut.com\/shop\/bags\/2-5l-maira-sidebag-ready-to-ship\/","name":"2.5L Maira sidebag - ready-to-ship - Cours s&#039;il pleut","isPartOf":{"@id":"https:\/\/courssilpleut.com\/#website"},"primaryImageOfPage":{"@id":"https:\/\/courssilpleut.com\/shop\/bags\/2-5l-maira-sidebag-ready-to-ship\/#primaryimage"},"image":{"@id":"https:\/\/courssilpleut.com\/shop\/bags\/2-5l-maira-sidebag-ready-to-ship\/#primaryimage"},"thumbnailUrl":"https:\/\/courssilpleut.com\/wp-content\/uploads\/2025\/11\/P1222053-4.jpg","datePublished":"2025-11-17T08:52:49+00:00","dateModified":"2026-03-03T14:31:48+00:00","description":"Compact sidebag to carry everyday essentials with third point strap to stabilise the bag when cycling. Three pockets, adjustable straps, reflective details.","breadcrumb":{"@id":"https:\/\/courssilpleut.com\/shop\/bags\/2-5l-maira-sidebag-ready-to-ship\/#breadcrumb"},"inLanguage":"fr-FR","potentialAction":[{"@type":"ReadAction","target":["https:\/\/courssilpleut.com\/shop\/bags\/2-5l-maira-sidebag-ready-to-ship\/"]}]},{"@type":"ImageObject","inLanguage":"fr-FR","@id":"https:\/\/courssilpleut.com\/shop\/bags\/2-5l-maira-sidebag-ready-to-ship\/#primaryimage","url":"https:\/\/courssilpleut.com\/wp-content\/uploads\/2025\/11\/P1222053-4.jpg","contentUrl":"https:\/\/courssilpleut.com\/wp-content\/uploads\/2025\/11\/P1222053-4.jpg","width":1350,"height":1687},{"@type":"BreadcrumbList","@id":"https:\/\/courssilpleut.com\/shop\/bags\/2-5l-maira-sidebag-ready-to-ship\/#breadcrumb","itemListElement":[{"@type":"ListItem","position":1,"name":"Home","item":"https:\/\/courssilpleut.com\/"},{"@type":"ListItem","position":2,"name":"Store","item":"https:\/\/courssilpleut.com\/fr\/store\/"},{"@type":"ListItem","position":3,"name":"2.5L Maira sidebag &#8211; ready-to-ship"}]},{"@type":"WebSite","@id":"https:\/\/courssilpleut.com\/#website","url":"https:\/\/courssilpleut.com\/","name":"Cours s'il pleut","description":"Outdoor equipment for near and far ventures, made on a small scale in France | Equipements outdoor artisanaux con\u00e7us et confectionn\u00e9s en France","publisher":{"@id":"https:\/\/courssilpleut.com\/#organization"},"potentialAction":[{"@type":"SearchAction","target":{"@type":"EntryPoint","urlTemplate":"https:\/\/courssilpleut.com\/?s={search_term_string}"},"query-input":{"@type":"PropertyValueSpecification","valueRequired":true,"valueName":"search_term_string"}}],"inLanguage":"fr-FR"},{"@type":"Organization","@id":"https:\/\/courssilpleut.com\/#organization","name":"Cours s'il pleut","url":"https:\/\/courssilpleut.com\/","logo":{"@type":"ImageObject","inLanguage":"fr-FR","@id":"https:\/\/courssilpleut.com\/#\/schema\/logo\/image\/","url":"https:\/\/courssilpleut.com\/wp-content\/uploads\/2023\/08\/logo_courssilpleut_Plan-de-travail-1-2.svg","contentUrl":"https:\/\/courssilpleut.com\/wp-content\/uploads\/2023\/08\/logo_courssilpleut_Plan-de-travail-1-2.svg","width":500,"height":300,"caption":"Cours s'il pleut"},"image":{"@id":"https:\/\/courssilpleut.com\/#\/schema\/logo\/image\/"},"sameAs":["https:\/\/www.instagram.com\/courssilpleut\/"]}]}},"_links":{"self":[{"href":"https:\/\/courssilpleut.com\/fr\/wp-json\/wp\/v2\/product\/7578","targetHints":{"allow":["GET"]}}],"collection":[{"href":"https:\/\/courssilpleut.com\/fr\/wp-json\/wp\/v2\/product"}],"about":[{"href":"https:\/\/courssilpleut.com\/fr\/wp-json\/wp\/v2\/types\/product"}],"version-history":[{"count":11,"href":"https:\/\/courssilpleut.com\/fr\/wp-json\/wp\/v2\/product\/7578\/revisions"}],"predecessor-version":[{"id":7830,"href":"https:\/\/courssilpleut.com\/fr\/wp-json\/wp\/v2\/product\/7578\/revisions\/7830"}],"wp:featuredmedia":[{"embeddable":true,"href":"https:\/\/courssilpleut.com\/fr\/wp-json\/wp\/v2\/media\/7598"}],"wp:attachment":[{"href":"https:\/\/courssilpleut.com\/fr\/wp-json\/wp\/v2\/media?parent=7578"}],"wp:term":[{"taxonomy":"product_brand","embeddable":true,"href":"https:\/\/courssilpleut.com\/fr\/wp-json\/wp\/v2\/product_brand?post=7578"},{"taxonomy":"product_cat","embeddable":true,"href":"https:\/\/courssilpleut.com\/fr\/wp-json\/wp\/v2\/product_cat?post=7578"},{"taxonomy":"product_tag","embeddable":true,"href":"https:\/\/courssilpleut.com\/fr\/wp-json\/wp\/v2\/product_tag?post=7578"}],"curies":[{"name":"wp","href":"https:\/\/api.w.org\/{rel}","templated":true}]}}