{"id":7553,"date":"2025-11-15T23:09:05","date_gmt":"2025-11-15T22:09:05","guid":{"rendered":"https:\/\/courssilpleut.com\/?post_type=product&#038;p=7553"},"modified":"2025-11-21T13:43:31","modified_gmt":"2025-11-21T12:43:31","slug":"50g-ultralight-musette","status":"publish","type":"product","link":"https:\/\/courssilpleut.com\/fr\/shop\/bags\/50g-ultralight-musette\/","title":{"rendered":"50g ultralight musette"},"content":{"rendered":"","protected":false},"excerpt":{"rendered":"<p>&nbsp;<\/p>\n<p>Musette l\u00e9g\u00e8re avec corde de stabilisation, id\u00e9ale pour transporter de la nourriture suppl\u00e9mentaire, une veste ou de l'eau. Elle est confectionn\u00e9e avec un tissu ripstop monofil qui est \u00e0 la fois l\u00e9ger, durable, respirant et s\u00e9chant rapidement.<\/p>\n<p>&nbsp;<\/p>\n<p><em><strong>\u2014 confectionn\u00e9e avec un nylon ripstop monofil 20D 34g\/m\u00b2<\/strong><\/em><\/p>\n<p><em><strong>\u2014 symmetrical design to be worn both on left and right hand sides<\/strong><\/em><\/p>\n<p><em><strong>\u2014 boucles manipulables m\u00eame avec des gants, d\u00e9tails et corde r\u00e9fl\u00e9chissants, fermeture par pression KAM<\/strong><\/em><\/p>\n<p>&nbsp;<\/p>\n<p>30 x 38 x 10 cm, ~ 50g<\/p>\n<p>10 x 7 x 3cm une fois repli\u00e9e dans la pochette, avec attache \u00e9lastique<\/p>\n<p>&nbsp;<\/p>\n<p>confectionn\u00e9 \u00e0 la main \u00e0 l'atelier, en France<\/p>\n<p>&nbsp;<\/p>","protected":false},"featured_media":4470,"template":"","meta":[],"product_brand":[],"product_cat":[44,32,43],"product_tag":[],"class_list":{"0":"post-7553","1":"product","2":"type-product","3":"status-publish","4":"has-post-thumbnail","6":"product_cat-accessories","7":"product_cat-bags","8":"product_cat-ready-to-ship","10":"first","11":"outofstock","12":"shipping-taxable","13":"purchasable","14":"product-type-simple"},"yoast_head":"<!-- This site is optimized with the Yoast SEO plugin v26.6 - https:\/\/yoast.com\/wordpress\/plugins\/seo\/ -->\n<title>50g ultralight musette - Cours s&#039;il pleut<\/title>\n<meta name=\"description\" content=\"Ultralight musette to carry extra food, bulky layers or water, with stabiliser cord. Handmade in France with lightweight monofil ripstop nylon.\" \/>\n<meta name=\"robots\" content=\"index, follow, max-snippet:-1, max-image-preview:large, max-video-preview:-1\" \/>\n<link rel=\"canonical\" href=\"https:\/\/courssilpleut.com\/fr\/shop\/bags\/50g-ultralight-musette\/\" \/>\n<meta property=\"og:locale\" content=\"fr_FR\" \/>\n<meta property=\"og:type\" content=\"article\" \/>\n<meta property=\"og:title\" content=\"50g ultralight musette - Cours s&#039;il pleut\" \/>\n<meta property=\"og:description\" content=\"Ultralight musette to carry extra food, bulky layers or water, with stabiliser cord. Handmade in France with lightweight monofil ripstop nylon.\" \/>\n<meta property=\"og:url\" content=\"https:\/\/courssilpleut.com\/fr\/shop\/bags\/50g-ultralight-musette\/\" \/>\n<meta property=\"og:site_name\" content=\"Cours s&#039;il pleut\" \/>\n<meta property=\"article:modified_time\" content=\"2025-11-21T12:43:31+00:00\" \/>\n<meta property=\"og:image\" content=\"https:\/\/courssilpleut.com\/wp-content\/uploads\/2024\/04\/P1219499.jpg\" \/>\n\t<meta property=\"og:image:width\" content=\"1080\" \/>\n\t<meta property=\"og:image:height\" content=\"1350\" \/>\n\t<meta property=\"og:image:type\" content=\"image\/jpeg\" \/>\n<meta name=\"twitter:card\" content=\"summary_large_image\" \/>\n<meta name=\"twitter:label1\" content=\"Dur\u00e9e de lecture estim\u00e9e\" \/>\n\t<meta name=\"twitter:data1\" content=\"1 minute\" \/>\n<script type=\"application\/ld+json\" class=\"yoast-schema-graph\">{\"@context\":\"https:\/\/schema.org\",\"@graph\":[{\"@type\":\"WebPage\",\"@id\":\"https:\/\/courssilpleut.com\/shop\/bags\/50g-ultralight-musette\/\",\"url\":\"https:\/\/courssilpleut.com\/shop\/bags\/50g-ultralight-musette\/\",\"name\":\"50g ultralight musette - Cours s&#039;il pleut\",\"isPartOf\":{\"@id\":\"https:\/\/courssilpleut.com\/#website\"},\"primaryImageOfPage\":{\"@id\":\"https:\/\/courssilpleut.com\/shop\/bags\/50g-ultralight-musette\/#primaryimage\"},\"image\":{\"@id\":\"https:\/\/courssilpleut.com\/shop\/bags\/50g-ultralight-musette\/#primaryimage\"},\"thumbnailUrl\":\"https:\/\/courssilpleut.com\/wp-content\/uploads\/2024\/04\/P1219499.jpg\",\"datePublished\":\"2025-11-15T22:09:05+00:00\",\"dateModified\":\"2025-11-21T12:43:31+00:00\",\"description\":\"Ultralight musette to carry extra food, bulky layers or water, with stabiliser cord. Handmade in France with lightweight monofil ripstop nylon.\",\"breadcrumb\":{\"@id\":\"https:\/\/courssilpleut.com\/shop\/bags\/50g-ultralight-musette\/#breadcrumb\"},\"inLanguage\":\"fr-FR\",\"potentialAction\":[{\"@type\":\"ReadAction\",\"target\":[\"https:\/\/courssilpleut.com\/shop\/bags\/50g-ultralight-musette\/\"]}]},{\"@type\":\"ImageObject\",\"inLanguage\":\"fr-FR\",\"@id\":\"https:\/\/courssilpleut.com\/shop\/bags\/50g-ultralight-musette\/#primaryimage\",\"url\":\"https:\/\/courssilpleut.com\/wp-content\/uploads\/2024\/04\/P1219499.jpg\",\"contentUrl\":\"https:\/\/courssilpleut.com\/wp-content\/uploads\/2024\/04\/P1219499.jpg\",\"width\":1080,\"height\":1350},{\"@type\":\"BreadcrumbList\",\"@id\":\"https:\/\/courssilpleut.com\/shop\/bags\/50g-ultralight-musette\/#breadcrumb\",\"itemListElement\":[{\"@type\":\"ListItem\",\"position\":1,\"name\":\"Home\",\"item\":\"https:\/\/courssilpleut.com\/\"},{\"@type\":\"ListItem\",\"position\":2,\"name\":\"Store\",\"item\":\"https:\/\/courssilpleut.com\/fr\/store\/\"},{\"@type\":\"ListItem\",\"position\":3,\"name\":\"50g ultralight musette\"}]},{\"@type\":\"WebSite\",\"@id\":\"https:\/\/courssilpleut.com\/#website\",\"url\":\"https:\/\/courssilpleut.com\/\",\"name\":\"Cours s'il pleut\",\"description\":\"Outdoor equipment for near and far ventures, made on a small scale in France | Equipements outdoor artisanaux con\u00e7us et confectionn\u00e9s en France\",\"publisher\":{\"@id\":\"https:\/\/courssilpleut.com\/#organization\"},\"potentialAction\":[{\"@type\":\"SearchAction\",\"target\":{\"@type\":\"EntryPoint\",\"urlTemplate\":\"https:\/\/courssilpleut.com\/?s={search_term_string}\"},\"query-input\":{\"@type\":\"PropertyValueSpecification\",\"valueRequired\":true,\"valueName\":\"search_term_string\"}}],\"inLanguage\":\"fr-FR\"},{\"@type\":\"Organization\",\"@id\":\"https:\/\/courssilpleut.com\/#organization\",\"name\":\"Cours s'il pleut\",\"url\":\"https:\/\/courssilpleut.com\/\",\"logo\":{\"@type\":\"ImageObject\",\"inLanguage\":\"fr-FR\",\"@id\":\"https:\/\/courssilpleut.com\/#\/schema\/logo\/image\/\",\"url\":\"https:\/\/courssilpleut.com\/wp-content\/uploads\/2023\/08\/logo_courssilpleut_Plan-de-travail-1-2.svg\",\"contentUrl\":\"https:\/\/courssilpleut.com\/wp-content\/uploads\/2023\/08\/logo_courssilpleut_Plan-de-travail-1-2.svg\",\"width\":500,\"height\":300,\"caption\":\"Cours s'il pleut\"},\"image\":{\"@id\":\"https:\/\/courssilpleut.com\/#\/schema\/logo\/image\/\"},\"sameAs\":[\"https:\/\/www.instagram.com\/courssilpleut\/\"]}]}<\/script>\n<!-- \/ Yoast SEO plugin. -->","yoast_head_json":{"title":"50g ultralight musette - Cours s&#039;il pleut","description":"Ultralight musette to carry extra food, bulky layers or water, with stabiliser cord. Handmade in France with lightweight monofil ripstop nylon.","robots":{"index":"index","follow":"follow","max-snippet":"max-snippet:-1","max-image-preview":"max-image-preview:large","max-video-preview":"max-video-preview:-1"},"canonical":"https:\/\/courssilpleut.com\/fr\/shop\/bags\/50g-ultralight-musette\/","og_locale":"fr_FR","og_type":"article","og_title":"50g ultralight musette - Cours s&#039;il pleut","og_description":"Ultralight musette to carry extra food, bulky layers or water, with stabiliser cord. Handmade in France with lightweight monofil ripstop nylon.","og_url":"https:\/\/courssilpleut.com\/fr\/shop\/bags\/50g-ultralight-musette\/","og_site_name":"Cours s&#039;il pleut","article_modified_time":"2025-11-21T12:43:31+00:00","og_image":[{"width":1080,"height":1350,"url":"https:\/\/courssilpleut.com\/wp-content\/uploads\/2024\/04\/P1219499.jpg","type":"image\/jpeg"}],"twitter_card":"summary_large_image","twitter_misc":{"Dur\u00e9e de lecture estim\u00e9e":"1 minute"},"schema":{"@context":"https:\/\/schema.org","@graph":[{"@type":"WebPage","@id":"https:\/\/courssilpleut.com\/shop\/bags\/50g-ultralight-musette\/","url":"https:\/\/courssilpleut.com\/shop\/bags\/50g-ultralight-musette\/","name":"50g ultralight musette - Cours s&#039;il pleut","isPartOf":{"@id":"https:\/\/courssilpleut.com\/#website"},"primaryImageOfPage":{"@id":"https:\/\/courssilpleut.com\/shop\/bags\/50g-ultralight-musette\/#primaryimage"},"image":{"@id":"https:\/\/courssilpleut.com\/shop\/bags\/50g-ultralight-musette\/#primaryimage"},"thumbnailUrl":"https:\/\/courssilpleut.com\/wp-content\/uploads\/2024\/04\/P1219499.jpg","datePublished":"2025-11-15T22:09:05+00:00","dateModified":"2025-11-21T12:43:31+00:00","description":"Ultralight musette to carry extra food, bulky layers or water, with stabiliser cord. Handmade in France with lightweight monofil ripstop nylon.","breadcrumb":{"@id":"https:\/\/courssilpleut.com\/shop\/bags\/50g-ultralight-musette\/#breadcrumb"},"inLanguage":"fr-FR","potentialAction":[{"@type":"ReadAction","target":["https:\/\/courssilpleut.com\/shop\/bags\/50g-ultralight-musette\/"]}]},{"@type":"ImageObject","inLanguage":"fr-FR","@id":"https:\/\/courssilpleut.com\/shop\/bags\/50g-ultralight-musette\/#primaryimage","url":"https:\/\/courssilpleut.com\/wp-content\/uploads\/2024\/04\/P1219499.jpg","contentUrl":"https:\/\/courssilpleut.com\/wp-content\/uploads\/2024\/04\/P1219499.jpg","width":1080,"height":1350},{"@type":"BreadcrumbList","@id":"https:\/\/courssilpleut.com\/shop\/bags\/50g-ultralight-musette\/#breadcrumb","itemListElement":[{"@type":"ListItem","position":1,"name":"Home","item":"https:\/\/courssilpleut.com\/"},{"@type":"ListItem","position":2,"name":"Store","item":"https:\/\/courssilpleut.com\/fr\/store\/"},{"@type":"ListItem","position":3,"name":"50g ultralight musette"}]},{"@type":"WebSite","@id":"https:\/\/courssilpleut.com\/#website","url":"https:\/\/courssilpleut.com\/","name":"Cours s'il pleut","description":"Outdoor equipment for near and far ventures, made on a small scale in France | Equipements outdoor artisanaux con\u00e7us et confectionn\u00e9s en France","publisher":{"@id":"https:\/\/courssilpleut.com\/#organization"},"potentialAction":[{"@type":"SearchAction","target":{"@type":"EntryPoint","urlTemplate":"https:\/\/courssilpleut.com\/?s={search_term_string}"},"query-input":{"@type":"PropertyValueSpecification","valueRequired":true,"valueName":"search_term_string"}}],"inLanguage":"fr-FR"},{"@type":"Organization","@id":"https:\/\/courssilpleut.com\/#organization","name":"Cours s'il pleut","url":"https:\/\/courssilpleut.com\/","logo":{"@type":"ImageObject","inLanguage":"fr-FR","@id":"https:\/\/courssilpleut.com\/#\/schema\/logo\/image\/","url":"https:\/\/courssilpleut.com\/wp-content\/uploads\/2023\/08\/logo_courssilpleut_Plan-de-travail-1-2.svg","contentUrl":"https:\/\/courssilpleut.com\/wp-content\/uploads\/2023\/08\/logo_courssilpleut_Plan-de-travail-1-2.svg","width":500,"height":300,"caption":"Cours s'il pleut"},"image":{"@id":"https:\/\/courssilpleut.com\/#\/schema\/logo\/image\/"},"sameAs":["https:\/\/www.instagram.com\/courssilpleut\/"]}]}},"_links":{"self":[{"href":"https:\/\/courssilpleut.com\/fr\/wp-json\/wp\/v2\/product\/7553","targetHints":{"allow":["GET"]}}],"collection":[{"href":"https:\/\/courssilpleut.com\/fr\/wp-json\/wp\/v2\/product"}],"about":[{"href":"https:\/\/courssilpleut.com\/fr\/wp-json\/wp\/v2\/types\/product"}],"version-history":[{"count":2,"href":"https:\/\/courssilpleut.com\/fr\/wp-json\/wp\/v2\/product\/7553\/revisions"}],"predecessor-version":[{"id":7555,"href":"https:\/\/courssilpleut.com\/fr\/wp-json\/wp\/v2\/product\/7553\/revisions\/7555"}],"wp:featuredmedia":[{"embeddable":true,"href":"https:\/\/courssilpleut.com\/fr\/wp-json\/wp\/v2\/media\/4470"}],"wp:attachment":[{"href":"https:\/\/courssilpleut.com\/fr\/wp-json\/wp\/v2\/media?parent=7553"}],"wp:term":[{"taxonomy":"product_brand","embeddable":true,"href":"https:\/\/courssilpleut.com\/fr\/wp-json\/wp\/v2\/product_brand?post=7553"},{"taxonomy":"product_cat","embeddable":true,"href":"https:\/\/courssilpleut.com\/fr\/wp-json\/wp\/v2\/product_cat?post=7553"},{"taxonomy":"product_tag","embeddable":true,"href":"https:\/\/courssilpleut.com\/fr\/wp-json\/wp\/v2\/product_tag?post=7553"}],"curies":[{"name":"wp","href":"https:\/\/api.w.org\/{rel}","templated":true}]}}