{"id":7380,"date":"2025-11-15T21:21:05","date_gmt":"2025-11-15T20:21:05","guid":{"rendered":"https:\/\/courssilpleut.com\/?post_type=product&#038;p=7380"},"modified":"2026-04-04T20:10:41","modified_gmt":"2026-04-04T19:10:41","slug":"4-5l-tilt-hip-pack-ready-to-ship","status":"publish","type":"product","link":"https:\/\/courssilpleut.com\/fr\/shop\/bags\/4-5l-tilt-hip-pack-ready-to-ship\/","title":{"rendered":"4.5L Tilt hip pack &#8211; ready to ship"},"content":{"rendered":"<p>Ready-to-ship roomy, comfortable, practical and custom-made bumbag to keep the essentials at hand, that doubles as a handlebar bag. Great to have everything close by at all times, on bikepacking trips or every day life alike.<\/p>\n<pre style=\"padding-left: 40px;\"><em><strong>\u2014 with handlebar attachment system<\/strong><\/em><em><strong>\r\n\u2014 mesh 3D et ceinture de 40mm pour un maintien stable\n\u2014 de multiples poches ! <\/strong><\/em><\/pre>","protected":false},"excerpt":{"rendered":"<p>Ready-to-ship roomy, comfortable, practical and custom-made bumbag to keep the essentials at hand, that doubles as a handlebar bag. Great to have everything close by at all times, on bikepacking trips or every day life alike.<\/p>\n<pre style=\"padding-left: 40px;\"><em><strong>\u2014 with handlebar attachment system<\/strong><\/em><em><strong>\r\n\u2014 mesh 3D et ceinture de 40mm pour un maintien stable\n\u2014 de multiples poches ! \r\n\r\n<\/strong><\/em><\/pre>\n<p style=\"padding-left: 40px;\"><a href=\"https:\/\/courssilpleut.com\/fr\/tilt-hip-pack\/\">description compl\u00e8te<\/a><\/p>\n<p>&nbsp;<\/p>\n<p>made-to-order 4.5L Tilt hip bag <a href=\"https:\/\/courssilpleut.com\/fr\/shop\/bags\/custom-tilt-hip-pack\/\">ici<\/a><\/p>\n<p>&nbsp;<\/p>\n<p>confectionn\u00e9 \u00e0 la main \u00e0 l'atelier, en France<\/p>\n<pre style=\"padding-left: 40px;\"><em><strong>\u00a0<\/strong><\/em><\/pre>","protected":false},"featured_media":7419,"template":"","meta":[],"product_brand":[],"product_cat":[32,43],"product_tag":[],"class_list":{"0":"post-7380","1":"product","2":"type-product","3":"status-publish","4":"has-post-thumbnail","6":"product_cat-bags","7":"product_cat-ready-to-ship","9":"first","10":"instock","11":"shipping-taxable","12":"purchasable","13":"product-type-variable"},"yoast_head":"<!-- This site is optimized with the Yoast SEO plugin v26.6 - https:\/\/yoast.com\/wordpress\/plugins\/seo\/ -->\n<title>4.5L Tilt hip pack - ready to ship - Cours s&#039;il pleut<\/title>\n<meta name=\"robots\" content=\"index, follow, max-snippet:-1, max-image-preview:large, max-video-preview:-1\" \/>\n<link rel=\"canonical\" href=\"https:\/\/courssilpleut.com\/fr\/shop\/bags\/4-5l-tilt-hip-pack-ready-to-ship\/\" \/>\n<meta property=\"og:locale\" content=\"fr_FR\" \/>\n<meta property=\"og:type\" content=\"article\" \/>\n<meta property=\"og:title\" content=\"4.5L Tilt hip pack - ready to ship - Cours s&#039;il pleut\" \/>\n<meta property=\"og:description\" content=\"Ready-to-ship roomy, comfortable, practical and custom-made bumbag to keep the essentials at hand, that doubles as a handlebar bag. Great to have everything close by at all times, on bikepacking trips or every day life alike. \u2014 with handlebar attachment system \u2014 3D mesh and 40mm hip belt for comfort \u2014 p-o-c-k-e-t-s    complete product description &nbsp;  made-to-order 4.5L Tilt hip bag here  &nbsp;  handmade in the Cours s&#039;il pleut workshop in France \u00a0\" \/>\n<meta property=\"og:url\" content=\"https:\/\/courssilpleut.com\/fr\/shop\/bags\/4-5l-tilt-hip-pack-ready-to-ship\/\" \/>\n<meta property=\"og:site_name\" content=\"Cours s&#039;il pleut\" \/>\n<meta property=\"article:modified_time\" content=\"2026-04-04T19:10:41+00:00\" \/>\n<meta property=\"og:image\" content=\"https:\/\/courssilpleut.com\/wp-content\/uploads\/2025\/11\/chili.jpg\" \/>\n\t<meta property=\"og:image:width\" content=\"1350\" \/>\n\t<meta property=\"og:image:height\" content=\"1688\" \/>\n\t<meta property=\"og:image:type\" content=\"image\/jpeg\" \/>\n<meta name=\"twitter:card\" content=\"summary_large_image\" \/>\n<meta name=\"twitter:label1\" content=\"Dur\u00e9e de lecture estim\u00e9e\" \/>\n\t<meta name=\"twitter:data1\" content=\"1 minute\" \/>\n<script type=\"application\/ld+json\" class=\"yoast-schema-graph\">{\"@context\":\"https:\/\/schema.org\",\"@graph\":[{\"@type\":\"WebPage\",\"@id\":\"https:\/\/courssilpleut.com\/shop\/bags\/4-5l-tilt-hip-pack-ready-to-ship\/\",\"url\":\"https:\/\/courssilpleut.com\/shop\/bags\/4-5l-tilt-hip-pack-ready-to-ship\/\",\"name\":\"4.5L Tilt hip pack - ready to ship - Cours s&#039;il pleut\",\"isPartOf\":{\"@id\":\"https:\/\/courssilpleut.com\/#website\"},\"primaryImageOfPage\":{\"@id\":\"https:\/\/courssilpleut.com\/shop\/bags\/4-5l-tilt-hip-pack-ready-to-ship\/#primaryimage\"},\"image\":{\"@id\":\"https:\/\/courssilpleut.com\/shop\/bags\/4-5l-tilt-hip-pack-ready-to-ship\/#primaryimage\"},\"thumbnailUrl\":\"https:\/\/courssilpleut.com\/wp-content\/uploads\/2025\/11\/chili.jpg\",\"datePublished\":\"2025-11-15T20:21:05+00:00\",\"dateModified\":\"2026-04-04T19:10:41+00:00\",\"breadcrumb\":{\"@id\":\"https:\/\/courssilpleut.com\/shop\/bags\/4-5l-tilt-hip-pack-ready-to-ship\/#breadcrumb\"},\"inLanguage\":\"fr-FR\",\"potentialAction\":[{\"@type\":\"ReadAction\",\"target\":[\"https:\/\/courssilpleut.com\/shop\/bags\/4-5l-tilt-hip-pack-ready-to-ship\/\"]}]},{\"@type\":\"ImageObject\",\"inLanguage\":\"fr-FR\",\"@id\":\"https:\/\/courssilpleut.com\/shop\/bags\/4-5l-tilt-hip-pack-ready-to-ship\/#primaryimage\",\"url\":\"https:\/\/courssilpleut.com\/wp-content\/uploads\/2025\/11\/chili.jpg\",\"contentUrl\":\"https:\/\/courssilpleut.com\/wp-content\/uploads\/2025\/11\/chili.jpg\",\"width\":1350,\"height\":1688},{\"@type\":\"BreadcrumbList\",\"@id\":\"https:\/\/courssilpleut.com\/shop\/bags\/4-5l-tilt-hip-pack-ready-to-ship\/#breadcrumb\",\"itemListElement\":[{\"@type\":\"ListItem\",\"position\":1,\"name\":\"Home\",\"item\":\"https:\/\/courssilpleut.com\/\"},{\"@type\":\"ListItem\",\"position\":2,\"name\":\"Store\",\"item\":\"https:\/\/courssilpleut.com\/fr\/store\/\"},{\"@type\":\"ListItem\",\"position\":3,\"name\":\"4.5L Tilt hip pack &#8211; ready to ship\"}]},{\"@type\":\"WebSite\",\"@id\":\"https:\/\/courssilpleut.com\/#website\",\"url\":\"https:\/\/courssilpleut.com\/\",\"name\":\"Cours s'il pleut\",\"description\":\"Outdoor equipment for near and far ventures, made on a small scale in France | Equipements outdoor artisanaux con\u00e7us et confectionn\u00e9s en France\",\"publisher\":{\"@id\":\"https:\/\/courssilpleut.com\/#organization\"},\"potentialAction\":[{\"@type\":\"SearchAction\",\"target\":{\"@type\":\"EntryPoint\",\"urlTemplate\":\"https:\/\/courssilpleut.com\/?s={search_term_string}\"},\"query-input\":{\"@type\":\"PropertyValueSpecification\",\"valueRequired\":true,\"valueName\":\"search_term_string\"}}],\"inLanguage\":\"fr-FR\"},{\"@type\":\"Organization\",\"@id\":\"https:\/\/courssilpleut.com\/#organization\",\"name\":\"Cours s'il pleut\",\"url\":\"https:\/\/courssilpleut.com\/\",\"logo\":{\"@type\":\"ImageObject\",\"inLanguage\":\"fr-FR\",\"@id\":\"https:\/\/courssilpleut.com\/#\/schema\/logo\/image\/\",\"url\":\"https:\/\/courssilpleut.com\/wp-content\/uploads\/2023\/08\/logo_courssilpleut_Plan-de-travail-1-2.svg\",\"contentUrl\":\"https:\/\/courssilpleut.com\/wp-content\/uploads\/2023\/08\/logo_courssilpleut_Plan-de-travail-1-2.svg\",\"width\":500,\"height\":300,\"caption\":\"Cours s'il pleut\"},\"image\":{\"@id\":\"https:\/\/courssilpleut.com\/#\/schema\/logo\/image\/\"},\"sameAs\":[\"https:\/\/www.instagram.com\/courssilpleut\/\"]}]}<\/script>\n<!-- \/ Yoast SEO plugin. -->","yoast_head_json":{"title":"4.5L Tilt hip pack - ready to ship - Cours s&#039;il pleut","robots":{"index":"index","follow":"follow","max-snippet":"max-snippet:-1","max-image-preview":"max-image-preview:large","max-video-preview":"max-video-preview:-1"},"canonical":"https:\/\/courssilpleut.com\/fr\/shop\/bags\/4-5l-tilt-hip-pack-ready-to-ship\/","og_locale":"fr_FR","og_type":"article","og_title":"4.5L Tilt hip pack - ready to ship - Cours s&#039;il pleut","og_description":"Ready-to-ship roomy, comfortable, practical and custom-made bumbag to keep the essentials at hand, that doubles as a handlebar bag. Great to have everything close by at all times, on bikepacking trips or every day life alike. \u2014 with handlebar attachment system \u2014 3D mesh and 40mm hip belt for comfort \u2014 p-o-c-k-e-t-s    complete product description &nbsp;  made-to-order 4.5L Tilt hip bag here  &nbsp;  handmade in the Cours s'il pleut workshop in France \u00a0","og_url":"https:\/\/courssilpleut.com\/fr\/shop\/bags\/4-5l-tilt-hip-pack-ready-to-ship\/","og_site_name":"Cours s&#039;il pleut","article_modified_time":"2026-04-04T19:10:41+00:00","og_image":[{"width":1350,"height":1688,"url":"https:\/\/courssilpleut.com\/wp-content\/uploads\/2025\/11\/chili.jpg","type":"image\/jpeg"}],"twitter_card":"summary_large_image","twitter_misc":{"Dur\u00e9e de lecture estim\u00e9e":"1 minute"},"schema":{"@context":"https:\/\/schema.org","@graph":[{"@type":"WebPage","@id":"https:\/\/courssilpleut.com\/shop\/bags\/4-5l-tilt-hip-pack-ready-to-ship\/","url":"https:\/\/courssilpleut.com\/shop\/bags\/4-5l-tilt-hip-pack-ready-to-ship\/","name":"4.5L Tilt hip pack - ready to ship - Cours s&#039;il pleut","isPartOf":{"@id":"https:\/\/courssilpleut.com\/#website"},"primaryImageOfPage":{"@id":"https:\/\/courssilpleut.com\/shop\/bags\/4-5l-tilt-hip-pack-ready-to-ship\/#primaryimage"},"image":{"@id":"https:\/\/courssilpleut.com\/shop\/bags\/4-5l-tilt-hip-pack-ready-to-ship\/#primaryimage"},"thumbnailUrl":"https:\/\/courssilpleut.com\/wp-content\/uploads\/2025\/11\/chili.jpg","datePublished":"2025-11-15T20:21:05+00:00","dateModified":"2026-04-04T19:10:41+00:00","breadcrumb":{"@id":"https:\/\/courssilpleut.com\/shop\/bags\/4-5l-tilt-hip-pack-ready-to-ship\/#breadcrumb"},"inLanguage":"fr-FR","potentialAction":[{"@type":"ReadAction","target":["https:\/\/courssilpleut.com\/shop\/bags\/4-5l-tilt-hip-pack-ready-to-ship\/"]}]},{"@type":"ImageObject","inLanguage":"fr-FR","@id":"https:\/\/courssilpleut.com\/shop\/bags\/4-5l-tilt-hip-pack-ready-to-ship\/#primaryimage","url":"https:\/\/courssilpleut.com\/wp-content\/uploads\/2025\/11\/chili.jpg","contentUrl":"https:\/\/courssilpleut.com\/wp-content\/uploads\/2025\/11\/chili.jpg","width":1350,"height":1688},{"@type":"BreadcrumbList","@id":"https:\/\/courssilpleut.com\/shop\/bags\/4-5l-tilt-hip-pack-ready-to-ship\/#breadcrumb","itemListElement":[{"@type":"ListItem","position":1,"name":"Home","item":"https:\/\/courssilpleut.com\/"},{"@type":"ListItem","position":2,"name":"Store","item":"https:\/\/courssilpleut.com\/fr\/store\/"},{"@type":"ListItem","position":3,"name":"4.5L Tilt hip pack &#8211; ready to ship"}]},{"@type":"WebSite","@id":"https:\/\/courssilpleut.com\/#website","url":"https:\/\/courssilpleut.com\/","name":"Cours s'il pleut","description":"Outdoor equipment for near and far ventures, made on a small scale in France | Equipements outdoor artisanaux con\u00e7us et confectionn\u00e9s en France","publisher":{"@id":"https:\/\/courssilpleut.com\/#organization"},"potentialAction":[{"@type":"SearchAction","target":{"@type":"EntryPoint","urlTemplate":"https:\/\/courssilpleut.com\/?s={search_term_string}"},"query-input":{"@type":"PropertyValueSpecification","valueRequired":true,"valueName":"search_term_string"}}],"inLanguage":"fr-FR"},{"@type":"Organization","@id":"https:\/\/courssilpleut.com\/#organization","name":"Cours s'il pleut","url":"https:\/\/courssilpleut.com\/","logo":{"@type":"ImageObject","inLanguage":"fr-FR","@id":"https:\/\/courssilpleut.com\/#\/schema\/logo\/image\/","url":"https:\/\/courssilpleut.com\/wp-content\/uploads\/2023\/08\/logo_courssilpleut_Plan-de-travail-1-2.svg","contentUrl":"https:\/\/courssilpleut.com\/wp-content\/uploads\/2023\/08\/logo_courssilpleut_Plan-de-travail-1-2.svg","width":500,"height":300,"caption":"Cours s'il pleut"},"image":{"@id":"https:\/\/courssilpleut.com\/#\/schema\/logo\/image\/"},"sameAs":["https:\/\/www.instagram.com\/courssilpleut\/"]}]}},"_links":{"self":[{"href":"https:\/\/courssilpleut.com\/fr\/wp-json\/wp\/v2\/product\/7380","targetHints":{"allow":["GET"]}}],"collection":[{"href":"https:\/\/courssilpleut.com\/fr\/wp-json\/wp\/v2\/product"}],"about":[{"href":"https:\/\/courssilpleut.com\/fr\/wp-json\/wp\/v2\/types\/product"}],"version-history":[{"count":4,"href":"https:\/\/courssilpleut.com\/fr\/wp-json\/wp\/v2\/product\/7380\/revisions"}],"predecessor-version":[{"id":7446,"href":"https:\/\/courssilpleut.com\/fr\/wp-json\/wp\/v2\/product\/7380\/revisions\/7446"}],"wp:featuredmedia":[{"embeddable":true,"href":"https:\/\/courssilpleut.com\/fr\/wp-json\/wp\/v2\/media\/7419"}],"wp:attachment":[{"href":"https:\/\/courssilpleut.com\/fr\/wp-json\/wp\/v2\/media?parent=7380"}],"wp:term":[{"taxonomy":"product_brand","embeddable":true,"href":"https:\/\/courssilpleut.com\/fr\/wp-json\/wp\/v2\/product_brand?post=7380"},{"taxonomy":"product_cat","embeddable":true,"href":"https:\/\/courssilpleut.com\/fr\/wp-json\/wp\/v2\/product_cat?post=7380"},{"taxonomy":"product_tag","embeddable":true,"href":"https:\/\/courssilpleut.com\/fr\/wp-json\/wp\/v2\/product_tag?post=7380"}],"curies":[{"name":"wp","href":"https:\/\/api.w.org\/{rel}","templated":true}]}}