{"id":6989,"date":"2025-09-01T16:48:28","date_gmt":"2025-09-01T15:48:28","guid":{"rendered":"https:\/\/courssilpleut.com\/?post_type=product&#038;p=6989"},"modified":"2025-11-15T21:28:09","modified_gmt":"2025-11-15T20:28:09","slug":"sarma-pannier-large","status":"publish","type":"product","link":"https:\/\/courssilpleut.com\/fr\/shop\/bags\/sarma-pannier-large\/","title":{"rendered":"Sarma pannier Large &#8211; made-to-order"},"content":{"rendered":"","protected":false},"excerpt":{"rendered":"<p>The Sarma pannier Small is a roomy, practical bag that will equally accommodate bulky camp items, a spare set of clothes when commuting or groceries. They are offered in two sizes, the Sarma Large (20L) and Sarma Small (11L) and constructed with durable, waterproof fabrics and sturdy, replaceable components.<\/p>\n<p>&nbsp;<\/p>\n<p><em><strong>\u2014 Large<\/strong><\/em><br \/>\n<em><strong>Capacit\u00e9 : 17 - 21 L<\/strong><\/em><br \/>\n<em><strong>Poids : <\/strong><\/em><em><strong>X Pac : ~ 990g\/u, <\/strong><\/em><em><strong>Ultragrid : ~ 790g\/u<\/strong><\/em><br \/>\n<em><strong>Dimensions: \u00e0 plat : 63 x 31 x 14cm, ferm\u00e9 : 48 x 31 x 14cm <\/strong><\/em><\/p>\n<p><em><strong>Attaches : clip et crochet<\/strong><\/em><\/p>\n<p>&nbsp;<\/p>\n<p><a href=\"https:\/\/courssilpleut.com\/fr\/sarma-bike-pannier\/\">description compl\u00e8te<\/a><\/p>\n<p>&nbsp;<\/p>\n<p><em>prix par sacoche<\/em><\/p>\n<p><em>sangle bandouli\u00e8re inclue<\/em><\/p>\n<p>&nbsp;<\/p>\n<p>confectionn\u00e9 \u00e0 la main \u00e0 l'atelier, en France<\/p>\n<p>&nbsp;<\/p>\n<p>&nbsp;<\/p>","protected":false},"featured_media":4552,"template":"","meta":[],"product_brand":[],"product_cat":[32,40],"product_tag":[],"class_list":{"0":"post-6989","1":"product","2":"type-product","3":"status-publish","4":"has-post-thumbnail","6":"product_cat-bags","7":"product_cat-made-to-order","9":"first","10":"instock","11":"shipping-taxable","12":"purchasable","13":"product-type-variable"},"yoast_head":"<!-- This site is optimized with the Yoast SEO plugin v26.6 - https:\/\/yoast.com\/wordpress\/plugins\/seo\/ -->\n<title>Sarma pannier Large - made-to-order - Cours s&#039;il pleut<\/title>\n<meta name=\"robots\" content=\"index, follow, max-snippet:-1, max-image-preview:large, max-video-preview:-1\" \/>\n<link rel=\"canonical\" href=\"https:\/\/courssilpleut.com\/fr\/shop\/bags\/sarma-pannier-large\/\" \/>\n<meta property=\"og:locale\" content=\"fr_FR\" \/>\n<meta property=\"og:type\" content=\"article\" \/>\n<meta property=\"og:title\" content=\"Sarma pannier Large - made-to-order - Cours s&#039;il pleut\" \/>\n<meta property=\"og:description\" content=\"The Sarma pannier Small is a roomy, practical bag that will equally accommodate bulky camp items, a spare set of clothes when commuting or groceries. They are offered in two sizes, the Sarma Large (20L) and Sarma Small (11L) and constructed with durable, waterproof fabrics and sturdy, replaceable components.  &nbsp;  \u2014 Large Capacity : 17-21L Weight: X Pac : ~ 990g\/u, Ultragrid : ~ 790g\/u Dimensions: unrolled : 63 x 31 x 14cm, rolled : 48 x 31 x 14cm   Attachment : clip and hook  &nbsp;  full product description  &nbsp;  priced per bag  shoulder strap included  &nbsp;  handmade in the Cours s&#039;il pleut workshop in France  &nbsp;  &nbsp;\" \/>\n<meta property=\"og:url\" content=\"https:\/\/courssilpleut.com\/fr\/shop\/bags\/sarma-pannier-large\/\" \/>\n<meta property=\"og:site_name\" content=\"Cours s&#039;il pleut\" \/>\n<meta property=\"article:modified_time\" content=\"2025-11-15T20:28:09+00:00\" \/>\n<meta property=\"og:image\" content=\"https:\/\/courssilpleut.com\/wp-content\/uploads\/2024\/06\/P1220032.jpg\" \/>\n\t<meta property=\"og:image:width\" content=\"1080\" \/>\n\t<meta property=\"og:image:height\" content=\"1350\" \/>\n\t<meta property=\"og:image:type\" content=\"image\/jpeg\" \/>\n<meta name=\"twitter:card\" content=\"summary_large_image\" \/>\n<meta name=\"twitter:label1\" content=\"Dur\u00e9e de lecture estim\u00e9e\" \/>\n\t<meta name=\"twitter:data1\" content=\"1 minute\" \/>\n<script type=\"application\/ld+json\" class=\"yoast-schema-graph\">{\"@context\":\"https:\/\/schema.org\",\"@graph\":[{\"@type\":\"WebPage\",\"@id\":\"https:\/\/courssilpleut.com\/shop\/bags\/sarma-pannier-large\/\",\"url\":\"https:\/\/courssilpleut.com\/shop\/bags\/sarma-pannier-large\/\",\"name\":\"Sarma pannier Large - made-to-order - Cours s&#039;il pleut\",\"isPartOf\":{\"@id\":\"https:\/\/courssilpleut.com\/#website\"},\"primaryImageOfPage\":{\"@id\":\"https:\/\/courssilpleut.com\/shop\/bags\/sarma-pannier-large\/#primaryimage\"},\"image\":{\"@id\":\"https:\/\/courssilpleut.com\/shop\/bags\/sarma-pannier-large\/#primaryimage\"},\"thumbnailUrl\":\"https:\/\/courssilpleut.com\/wp-content\/uploads\/2024\/06\/P1220032.jpg\",\"datePublished\":\"2025-09-01T15:48:28+00:00\",\"dateModified\":\"2025-11-15T20:28:09+00:00\",\"breadcrumb\":{\"@id\":\"https:\/\/courssilpleut.com\/shop\/bags\/sarma-pannier-large\/#breadcrumb\"},\"inLanguage\":\"fr-FR\",\"potentialAction\":[{\"@type\":\"ReadAction\",\"target\":[\"https:\/\/courssilpleut.com\/shop\/bags\/sarma-pannier-large\/\"]}]},{\"@type\":\"ImageObject\",\"inLanguage\":\"fr-FR\",\"@id\":\"https:\/\/courssilpleut.com\/shop\/bags\/sarma-pannier-large\/#primaryimage\",\"url\":\"https:\/\/courssilpleut.com\/wp-content\/uploads\/2024\/06\/P1220032.jpg\",\"contentUrl\":\"https:\/\/courssilpleut.com\/wp-content\/uploads\/2024\/06\/P1220032.jpg\",\"width\":1080,\"height\":1350},{\"@type\":\"BreadcrumbList\",\"@id\":\"https:\/\/courssilpleut.com\/shop\/bags\/sarma-pannier-large\/#breadcrumb\",\"itemListElement\":[{\"@type\":\"ListItem\",\"position\":1,\"name\":\"Home\",\"item\":\"https:\/\/courssilpleut.com\/\"},{\"@type\":\"ListItem\",\"position\":2,\"name\":\"Store\",\"item\":\"https:\/\/courssilpleut.com\/fr\/store\/\"},{\"@type\":\"ListItem\",\"position\":3,\"name\":\"Sarma pannier Large &#8211; made-to-order\"}]},{\"@type\":\"WebSite\",\"@id\":\"https:\/\/courssilpleut.com\/#website\",\"url\":\"https:\/\/courssilpleut.com\/\",\"name\":\"Cours s'il pleut\",\"description\":\"Outdoor equipment for near and far ventures, made on a small scale in France | Equipements outdoor artisanaux con\u00e7us et confectionn\u00e9s en France\",\"publisher\":{\"@id\":\"https:\/\/courssilpleut.com\/#organization\"},\"potentialAction\":[{\"@type\":\"SearchAction\",\"target\":{\"@type\":\"EntryPoint\",\"urlTemplate\":\"https:\/\/courssilpleut.com\/?s={search_term_string}\"},\"query-input\":{\"@type\":\"PropertyValueSpecification\",\"valueRequired\":true,\"valueName\":\"search_term_string\"}}],\"inLanguage\":\"fr-FR\"},{\"@type\":\"Organization\",\"@id\":\"https:\/\/courssilpleut.com\/#organization\",\"name\":\"Cours s'il pleut\",\"url\":\"https:\/\/courssilpleut.com\/\",\"logo\":{\"@type\":\"ImageObject\",\"inLanguage\":\"fr-FR\",\"@id\":\"https:\/\/courssilpleut.com\/#\/schema\/logo\/image\/\",\"url\":\"https:\/\/courssilpleut.com\/wp-content\/uploads\/2023\/08\/logo_courssilpleut_Plan-de-travail-1-2.svg\",\"contentUrl\":\"https:\/\/courssilpleut.com\/wp-content\/uploads\/2023\/08\/logo_courssilpleut_Plan-de-travail-1-2.svg\",\"width\":500,\"height\":300,\"caption\":\"Cours s'il pleut\"},\"image\":{\"@id\":\"https:\/\/courssilpleut.com\/#\/schema\/logo\/image\/\"},\"sameAs\":[\"https:\/\/www.instagram.com\/courssilpleut\/\"]}]}<\/script>\n<!-- \/ Yoast SEO plugin. -->","yoast_head_json":{"title":"Sarma pannier Large - made-to-order - Cours s&#039;il pleut","robots":{"index":"index","follow":"follow","max-snippet":"max-snippet:-1","max-image-preview":"max-image-preview:large","max-video-preview":"max-video-preview:-1"},"canonical":"https:\/\/courssilpleut.com\/fr\/shop\/bags\/sarma-pannier-large\/","og_locale":"fr_FR","og_type":"article","og_title":"Sarma pannier Large - made-to-order - Cours s&#039;il pleut","og_description":"The Sarma pannier Small is a roomy, practical bag that will equally accommodate bulky camp items, a spare set of clothes when commuting or groceries. They are offered in two sizes, the Sarma Large (20L) and Sarma Small (11L) and constructed with durable, waterproof fabrics and sturdy, replaceable components.  &nbsp;  \u2014 Large Capacity : 17-21L Weight: X Pac : ~ 990g\/u, Ultragrid : ~ 790g\/u Dimensions: unrolled : 63 x 31 x 14cm, rolled : 48 x 31 x 14cm   Attachment : clip and hook  &nbsp;  full product description  &nbsp;  priced per bag  shoulder strap included  &nbsp;  handmade in the Cours s'il pleut workshop in France  &nbsp;  &nbsp;","og_url":"https:\/\/courssilpleut.com\/fr\/shop\/bags\/sarma-pannier-large\/","og_site_name":"Cours s&#039;il pleut","article_modified_time":"2025-11-15T20:28:09+00:00","og_image":[{"width":1080,"height":1350,"url":"https:\/\/courssilpleut.com\/wp-content\/uploads\/2024\/06\/P1220032.jpg","type":"image\/jpeg"}],"twitter_card":"summary_large_image","twitter_misc":{"Dur\u00e9e de lecture estim\u00e9e":"1 minute"},"schema":{"@context":"https:\/\/schema.org","@graph":[{"@type":"WebPage","@id":"https:\/\/courssilpleut.com\/shop\/bags\/sarma-pannier-large\/","url":"https:\/\/courssilpleut.com\/shop\/bags\/sarma-pannier-large\/","name":"Sarma pannier Large - made-to-order - Cours s&#039;il pleut","isPartOf":{"@id":"https:\/\/courssilpleut.com\/#website"},"primaryImageOfPage":{"@id":"https:\/\/courssilpleut.com\/shop\/bags\/sarma-pannier-large\/#primaryimage"},"image":{"@id":"https:\/\/courssilpleut.com\/shop\/bags\/sarma-pannier-large\/#primaryimage"},"thumbnailUrl":"https:\/\/courssilpleut.com\/wp-content\/uploads\/2024\/06\/P1220032.jpg","datePublished":"2025-09-01T15:48:28+00:00","dateModified":"2025-11-15T20:28:09+00:00","breadcrumb":{"@id":"https:\/\/courssilpleut.com\/shop\/bags\/sarma-pannier-large\/#breadcrumb"},"inLanguage":"fr-FR","potentialAction":[{"@type":"ReadAction","target":["https:\/\/courssilpleut.com\/shop\/bags\/sarma-pannier-large\/"]}]},{"@type":"ImageObject","inLanguage":"fr-FR","@id":"https:\/\/courssilpleut.com\/shop\/bags\/sarma-pannier-large\/#primaryimage","url":"https:\/\/courssilpleut.com\/wp-content\/uploads\/2024\/06\/P1220032.jpg","contentUrl":"https:\/\/courssilpleut.com\/wp-content\/uploads\/2024\/06\/P1220032.jpg","width":1080,"height":1350},{"@type":"BreadcrumbList","@id":"https:\/\/courssilpleut.com\/shop\/bags\/sarma-pannier-large\/#breadcrumb","itemListElement":[{"@type":"ListItem","position":1,"name":"Home","item":"https:\/\/courssilpleut.com\/"},{"@type":"ListItem","position":2,"name":"Store","item":"https:\/\/courssilpleut.com\/fr\/store\/"},{"@type":"ListItem","position":3,"name":"Sarma pannier Large &#8211; made-to-order"}]},{"@type":"WebSite","@id":"https:\/\/courssilpleut.com\/#website","url":"https:\/\/courssilpleut.com\/","name":"Cours s'il pleut","description":"Outdoor equipment for near and far ventures, made on a small scale in France | Equipements outdoor artisanaux con\u00e7us et confectionn\u00e9s en France","publisher":{"@id":"https:\/\/courssilpleut.com\/#organization"},"potentialAction":[{"@type":"SearchAction","target":{"@type":"EntryPoint","urlTemplate":"https:\/\/courssilpleut.com\/?s={search_term_string}"},"query-input":{"@type":"PropertyValueSpecification","valueRequired":true,"valueName":"search_term_string"}}],"inLanguage":"fr-FR"},{"@type":"Organization","@id":"https:\/\/courssilpleut.com\/#organization","name":"Cours s'il pleut","url":"https:\/\/courssilpleut.com\/","logo":{"@type":"ImageObject","inLanguage":"fr-FR","@id":"https:\/\/courssilpleut.com\/#\/schema\/logo\/image\/","url":"https:\/\/courssilpleut.com\/wp-content\/uploads\/2023\/08\/logo_courssilpleut_Plan-de-travail-1-2.svg","contentUrl":"https:\/\/courssilpleut.com\/wp-content\/uploads\/2023\/08\/logo_courssilpleut_Plan-de-travail-1-2.svg","width":500,"height":300,"caption":"Cours s'il pleut"},"image":{"@id":"https:\/\/courssilpleut.com\/#\/schema\/logo\/image\/"},"sameAs":["https:\/\/www.instagram.com\/courssilpleut\/"]}]}},"_links":{"self":[{"href":"https:\/\/courssilpleut.com\/fr\/wp-json\/wp\/v2\/product\/6989","targetHints":{"allow":["GET"]}}],"collection":[{"href":"https:\/\/courssilpleut.com\/fr\/wp-json\/wp\/v2\/product"}],"about":[{"href":"https:\/\/courssilpleut.com\/fr\/wp-json\/wp\/v2\/types\/product"}],"version-history":[{"count":4,"href":"https:\/\/courssilpleut.com\/fr\/wp-json\/wp\/v2\/product\/6989\/revisions"}],"predecessor-version":[{"id":7436,"href":"https:\/\/courssilpleut.com\/fr\/wp-json\/wp\/v2\/product\/6989\/revisions\/7436"}],"wp:featuredmedia":[{"embeddable":true,"href":"https:\/\/courssilpleut.com\/fr\/wp-json\/wp\/v2\/media\/4552"}],"wp:attachment":[{"href":"https:\/\/courssilpleut.com\/fr\/wp-json\/wp\/v2\/media?parent=6989"}],"wp:term":[{"taxonomy":"product_brand","embeddable":true,"href":"https:\/\/courssilpleut.com\/fr\/wp-json\/wp\/v2\/product_brand?post=6989"},{"taxonomy":"product_cat","embeddable":true,"href":"https:\/\/courssilpleut.com\/fr\/wp-json\/wp\/v2\/product_cat?post=6989"},{"taxonomy":"product_tag","embeddable":true,"href":"https:\/\/courssilpleut.com\/fr\/wp-json\/wp\/v2\/product_tag?post=6989"}],"curies":[{"name":"wp","href":"https:\/\/api.w.org\/{rel}","templated":true}]}}