{"id":5403,"date":"2024-11-20T09:23:48","date_gmt":"2024-11-20T08:23:48","guid":{"rendered":"https:\/\/courssilpleut.com\/?post_type=product&#038;p=5403"},"modified":"2025-04-23T10:39:46","modified_gmt":"2025-04-23T09:39:46","slug":"off-cuts-pouches","status":"publish","type":"product","link":"https:\/\/courssilpleut.com\/fr\/shop\/bags\/off-cuts-pouches\/","title":{"rendered":"Off-Cuts - Petites Pochettes"},"content":{"rendered":"","protected":false},"excerpt":{"rendered":"<p>Nous avons un carton de chutes de tissus trop grandes pour \u00eatre jet\u00e9es mais trop petites pour \u00eatre employ\u00e9es sur la plupart des sacoches. Ces petites pochettes nous permettent d'utiliser une partie de ces d\u00e9coupes. Nous les trouvons id\u00e9ales pour ranger de petits accessoires tels que des c\u00e2bles et chargeurs, des outils, des accessoires de toilette ou des \u00e9l\u00e9ments de premiers secours. Elles ont un compartiment principal zipp\u00e9 et une poche ext\u00e9rieure ferm\u00e9e par un bouton pression.<\/p>\n<p>pi\u00e8ces uniques, stock limit\u00e9<\/p>\n<p>&nbsp;<\/p>\n<p>environ 15 x 8 x 2.5 cm<\/p>\n<p>&nbsp;<\/p>\n<p><em>pr\u00eates \u00e0 exp\u00e9dier<\/em><\/p>","protected":false},"featured_media":5424,"template":"","meta":[],"product_brand":[],"product_cat":[32,41,43],"product_tag":[],"class_list":{"0":"post-5403","1":"product","2":"type-product","3":"status-publish","4":"has-post-thumbnail","6":"product_cat-bags","7":"product_cat-one-of-a-kind","8":"product_cat-ready-to-ship","10":"first","11":"outofstock","12":"shipping-taxable","13":"purchasable","14":"product-type-variable"},"yoast_head":"<!-- This site is optimized with the Yoast SEO plugin v26.6 - https:\/\/yoast.com\/wordpress\/plugins\/seo\/ -->\n<title>Off-Cuts Accessory Pouches - Cours s&#039;il pleut<\/title>\n<meta name=\"description\" content=\"Small pouches with an external pocket made out of fabric off-cuts. Perfect for storing electronics, tools, toiletries or an aid kit.\" \/>\n<meta name=\"robots\" content=\"index, follow, max-snippet:-1, max-image-preview:large, max-video-preview:-1\" \/>\n<link rel=\"canonical\" href=\"https:\/\/courssilpleut.com\/fr\/shop\/bags\/off-cuts-pouches\/\" \/>\n<meta property=\"og:locale\" content=\"fr_FR\" \/>\n<meta property=\"og:type\" content=\"article\" \/>\n<meta property=\"og:title\" content=\"Off-Cuts Accessory Pouches - Cours s&#039;il pleut\" \/>\n<meta property=\"og:description\" content=\"Small pouches with an external pocket made out of fabric off-cuts. Perfect for storing electronics, tools, toiletries or an aid kit.\" \/>\n<meta property=\"og:url\" content=\"https:\/\/courssilpleut.com\/fr\/shop\/bags\/off-cuts-pouches\/\" \/>\n<meta property=\"og:site_name\" content=\"Cours s&#039;il pleut\" \/>\n<meta property=\"article:modified_time\" content=\"2025-04-23T09:39:46+00:00\" \/>\n<meta property=\"og:image\" content=\"https:\/\/courssilpleut.com\/wp-content\/uploads\/2024\/11\/P1221448.jpg\" \/>\n\t<meta property=\"og:image:width\" content=\"1080\" \/>\n\t<meta property=\"og:image:height\" content=\"1350\" \/>\n\t<meta property=\"og:image:type\" content=\"image\/jpeg\" \/>\n<meta name=\"twitter:card\" content=\"summary_large_image\" \/>\n<meta name=\"twitter:label1\" content=\"Dur\u00e9e de lecture estim\u00e9e\" \/>\n\t<meta name=\"twitter:data1\" content=\"1 minute\" \/>\n<script type=\"application\/ld+json\" class=\"yoast-schema-graph\">{\"@context\":\"https:\/\/schema.org\",\"@graph\":[{\"@type\":\"WebPage\",\"@id\":\"https:\/\/courssilpleut.com\/shop\/bags\/off-cuts-pouches\/\",\"url\":\"https:\/\/courssilpleut.com\/shop\/bags\/off-cuts-pouches\/\",\"name\":\"Off-Cuts Accessory Pouches - Cours s&#039;il pleut\",\"isPartOf\":{\"@id\":\"https:\/\/courssilpleut.com\/#website\"},\"primaryImageOfPage\":{\"@id\":\"https:\/\/courssilpleut.com\/shop\/bags\/off-cuts-pouches\/#primaryimage\"},\"image\":{\"@id\":\"https:\/\/courssilpleut.com\/shop\/bags\/off-cuts-pouches\/#primaryimage\"},\"thumbnailUrl\":\"https:\/\/courssilpleut.com\/wp-content\/uploads\/2024\/11\/P1221448.jpg\",\"datePublished\":\"2024-11-20T08:23:48+00:00\",\"dateModified\":\"2025-04-23T09:39:46+00:00\",\"description\":\"Small pouches with an external pocket made out of fabric off-cuts. Perfect for storing electronics, tools, toiletries or an aid kit.\",\"breadcrumb\":{\"@id\":\"https:\/\/courssilpleut.com\/shop\/bags\/off-cuts-pouches\/#breadcrumb\"},\"inLanguage\":\"fr-FR\",\"potentialAction\":[{\"@type\":\"ReadAction\",\"target\":[\"https:\/\/courssilpleut.com\/shop\/bags\/off-cuts-pouches\/\"]}]},{\"@type\":\"ImageObject\",\"inLanguage\":\"fr-FR\",\"@id\":\"https:\/\/courssilpleut.com\/shop\/bags\/off-cuts-pouches\/#primaryimage\",\"url\":\"https:\/\/courssilpleut.com\/wp-content\/uploads\/2024\/11\/P1221448.jpg\",\"contentUrl\":\"https:\/\/courssilpleut.com\/wp-content\/uploads\/2024\/11\/P1221448.jpg\",\"width\":1080,\"height\":1350},{\"@type\":\"BreadcrumbList\",\"@id\":\"https:\/\/courssilpleut.com\/shop\/bags\/off-cuts-pouches\/#breadcrumb\",\"itemListElement\":[{\"@type\":\"ListItem\",\"position\":1,\"name\":\"Home\",\"item\":\"https:\/\/courssilpleut.com\/\"},{\"@type\":\"ListItem\",\"position\":2,\"name\":\"Store\",\"item\":\"https:\/\/courssilpleut.com\/fr\/store\/\"},{\"@type\":\"ListItem\",\"position\":3,\"name\":\"Off-Cuts Accessory Pouches\"}]},{\"@type\":\"WebSite\",\"@id\":\"https:\/\/courssilpleut.com\/#website\",\"url\":\"https:\/\/courssilpleut.com\/\",\"name\":\"Cours s'il pleut\",\"description\":\"Outdoor equipment for near and far ventures, made on a small scale in France | Equipements outdoor artisanaux con\u00e7us et confectionn\u00e9s en France\",\"publisher\":{\"@id\":\"https:\/\/courssilpleut.com\/#organization\"},\"potentialAction\":[{\"@type\":\"SearchAction\",\"target\":{\"@type\":\"EntryPoint\",\"urlTemplate\":\"https:\/\/courssilpleut.com\/?s={search_term_string}\"},\"query-input\":{\"@type\":\"PropertyValueSpecification\",\"valueRequired\":true,\"valueName\":\"search_term_string\"}}],\"inLanguage\":\"fr-FR\"},{\"@type\":\"Organization\",\"@id\":\"https:\/\/courssilpleut.com\/#organization\",\"name\":\"Cours s'il pleut\",\"url\":\"https:\/\/courssilpleut.com\/\",\"logo\":{\"@type\":\"ImageObject\",\"inLanguage\":\"fr-FR\",\"@id\":\"https:\/\/courssilpleut.com\/#\/schema\/logo\/image\/\",\"url\":\"https:\/\/courssilpleut.com\/wp-content\/uploads\/2023\/08\/logo_courssilpleut_Plan-de-travail-1-2.svg\",\"contentUrl\":\"https:\/\/courssilpleut.com\/wp-content\/uploads\/2023\/08\/logo_courssilpleut_Plan-de-travail-1-2.svg\",\"width\":500,\"height\":300,\"caption\":\"Cours s'il pleut\"},\"image\":{\"@id\":\"https:\/\/courssilpleut.com\/#\/schema\/logo\/image\/\"},\"sameAs\":[\"https:\/\/www.instagram.com\/courssilpleut\/\"]}]}<\/script>\n<!-- \/ Yoast SEO plugin. -->","yoast_head_json":{"title":"Off-Cuts Accessory Pouches - Cours s&#039;il pleut","description":"Small pouches with an external pocket made out of fabric off-cuts. Perfect for storing electronics, tools, toiletries or an aid kit.","robots":{"index":"index","follow":"follow","max-snippet":"max-snippet:-1","max-image-preview":"max-image-preview:large","max-video-preview":"max-video-preview:-1"},"canonical":"https:\/\/courssilpleut.com\/fr\/shop\/bags\/off-cuts-pouches\/","og_locale":"fr_FR","og_type":"article","og_title":"Off-Cuts Accessory Pouches - Cours s&#039;il pleut","og_description":"Small pouches with an external pocket made out of fabric off-cuts. Perfect for storing electronics, tools, toiletries or an aid kit.","og_url":"https:\/\/courssilpleut.com\/fr\/shop\/bags\/off-cuts-pouches\/","og_site_name":"Cours s&#039;il pleut","article_modified_time":"2025-04-23T09:39:46+00:00","og_image":[{"width":1080,"height":1350,"url":"https:\/\/courssilpleut.com\/wp-content\/uploads\/2024\/11\/P1221448.jpg","type":"image\/jpeg"}],"twitter_card":"summary_large_image","twitter_misc":{"Dur\u00e9e de lecture estim\u00e9e":"1 minute"},"schema":{"@context":"https:\/\/schema.org","@graph":[{"@type":"WebPage","@id":"https:\/\/courssilpleut.com\/shop\/bags\/off-cuts-pouches\/","url":"https:\/\/courssilpleut.com\/shop\/bags\/off-cuts-pouches\/","name":"Off-Cuts Accessory Pouches - Cours s&#039;il pleut","isPartOf":{"@id":"https:\/\/courssilpleut.com\/#website"},"primaryImageOfPage":{"@id":"https:\/\/courssilpleut.com\/shop\/bags\/off-cuts-pouches\/#primaryimage"},"image":{"@id":"https:\/\/courssilpleut.com\/shop\/bags\/off-cuts-pouches\/#primaryimage"},"thumbnailUrl":"https:\/\/courssilpleut.com\/wp-content\/uploads\/2024\/11\/P1221448.jpg","datePublished":"2024-11-20T08:23:48+00:00","dateModified":"2025-04-23T09:39:46+00:00","description":"Small pouches with an external pocket made out of fabric off-cuts. Perfect for storing electronics, tools, toiletries or an aid kit.","breadcrumb":{"@id":"https:\/\/courssilpleut.com\/shop\/bags\/off-cuts-pouches\/#breadcrumb"},"inLanguage":"fr-FR","potentialAction":[{"@type":"ReadAction","target":["https:\/\/courssilpleut.com\/shop\/bags\/off-cuts-pouches\/"]}]},{"@type":"ImageObject","inLanguage":"fr-FR","@id":"https:\/\/courssilpleut.com\/shop\/bags\/off-cuts-pouches\/#primaryimage","url":"https:\/\/courssilpleut.com\/wp-content\/uploads\/2024\/11\/P1221448.jpg","contentUrl":"https:\/\/courssilpleut.com\/wp-content\/uploads\/2024\/11\/P1221448.jpg","width":1080,"height":1350},{"@type":"BreadcrumbList","@id":"https:\/\/courssilpleut.com\/shop\/bags\/off-cuts-pouches\/#breadcrumb","itemListElement":[{"@type":"ListItem","position":1,"name":"Home","item":"https:\/\/courssilpleut.com\/"},{"@type":"ListItem","position":2,"name":"Store","item":"https:\/\/courssilpleut.com\/fr\/store\/"},{"@type":"ListItem","position":3,"name":"Off-Cuts Accessory Pouches"}]},{"@type":"WebSite","@id":"https:\/\/courssilpleut.com\/#website","url":"https:\/\/courssilpleut.com\/","name":"Cours s'il pleut","description":"Outdoor equipment for near and far ventures, made on a small scale in France | Equipements outdoor artisanaux con\u00e7us et confectionn\u00e9s en France","publisher":{"@id":"https:\/\/courssilpleut.com\/#organization"},"potentialAction":[{"@type":"SearchAction","target":{"@type":"EntryPoint","urlTemplate":"https:\/\/courssilpleut.com\/?s={search_term_string}"},"query-input":{"@type":"PropertyValueSpecification","valueRequired":true,"valueName":"search_term_string"}}],"inLanguage":"fr-FR"},{"@type":"Organization","@id":"https:\/\/courssilpleut.com\/#organization","name":"Cours s'il pleut","url":"https:\/\/courssilpleut.com\/","logo":{"@type":"ImageObject","inLanguage":"fr-FR","@id":"https:\/\/courssilpleut.com\/#\/schema\/logo\/image\/","url":"https:\/\/courssilpleut.com\/wp-content\/uploads\/2023\/08\/logo_courssilpleut_Plan-de-travail-1-2.svg","contentUrl":"https:\/\/courssilpleut.com\/wp-content\/uploads\/2023\/08\/logo_courssilpleut_Plan-de-travail-1-2.svg","width":500,"height":300,"caption":"Cours s'il pleut"},"image":{"@id":"https:\/\/courssilpleut.com\/#\/schema\/logo\/image\/"},"sameAs":["https:\/\/www.instagram.com\/courssilpleut\/"]}]}},"_links":{"self":[{"href":"https:\/\/courssilpleut.com\/fr\/wp-json\/wp\/v2\/product\/5403","targetHints":{"allow":["GET"]}}],"collection":[{"href":"https:\/\/courssilpleut.com\/fr\/wp-json\/wp\/v2\/product"}],"about":[{"href":"https:\/\/courssilpleut.com\/fr\/wp-json\/wp\/v2\/types\/product"}],"version-history":[{"count":5,"href":"https:\/\/courssilpleut.com\/fr\/wp-json\/wp\/v2\/product\/5403\/revisions"}],"predecessor-version":[{"id":5448,"href":"https:\/\/courssilpleut.com\/fr\/wp-json\/wp\/v2\/product\/5403\/revisions\/5448"}],"wp:featuredmedia":[{"embeddable":true,"href":"https:\/\/courssilpleut.com\/fr\/wp-json\/wp\/v2\/media\/5424"}],"wp:attachment":[{"href":"https:\/\/courssilpleut.com\/fr\/wp-json\/wp\/v2\/media?parent=5403"}],"wp:term":[{"taxonomy":"product_brand","embeddable":true,"href":"https:\/\/courssilpleut.com\/fr\/wp-json\/wp\/v2\/product_brand?post=5403"},{"taxonomy":"product_cat","embeddable":true,"href":"https:\/\/courssilpleut.com\/fr\/wp-json\/wp\/v2\/product_cat?post=5403"},{"taxonomy":"product_tag","embeddable":true,"href":"https:\/\/courssilpleut.com\/fr\/wp-json\/wp\/v2\/product_tag?post=5403"}],"curies":[{"name":"wp","href":"https:\/\/api.w.org\/{rel}","templated":true}]}}