{"id":5212,"date":"2024-11-01T16:36:09","date_gmt":"2024-11-01T15:36:09","guid":{"rendered":"https:\/\/courssilpleut.com\/?post_type=product&#038;p=5212"},"modified":"2025-11-15T21:19:21","modified_gmt":"2025-11-15T20:19:21","slug":"custom-2-5l-tay-sling","status":"publish","type":"product","link":"https:\/\/courssilpleut.com\/fr\/shop\/bags\/custom-2-5l-tay-sling\/","title":{"rendered":"Custom 2.5L Tay sling"},"content":{"rendered":"<div class=\"elementor-element elementor-element-10efae17 e-flex e-con-boxed e-con e-parent\" data-id=\"10efae17\" data-element_type=\"container\" data-settings=\"{&quot;container_type&quot;:&quot;flex&quot;,&quot;content_width&quot;:&quot;boxed&quot;}\" data-core-v316-plus=\"true\">\n<div class=\"e-con-inner\">\n<div class=\"elementor-element elementor-element-6bd63a87 elementor-widget elementor-widget-text-editor\" data-id=\"6bd63a87\" data-element_type=\"widget\" data-widget_type=\"text-editor.default\">\n<div class=\"elementor-widget-container\">\n<p><span data-contrast=\"auto\">The 2.5L Tay sling is a 3-in-1 bag that can be used as a hip bag, a sling bag and as a handlebar bag. It\u2019s smaller than the 4.5L Tilt hip pack, for those who don\u2019t like carrying much weight on the back or for narrower handlebars that won\u2019t fit the Tilt hip pack, but shares its main features.<\/span><\/p>\n<\/div>\n<\/div>\n<\/div>\n<\/div>\n<div class=\"elementor-element elementor-element-5a432c1d e-flex e-con-boxed e-con e-parent\" data-id=\"5a432c1d\" data-element_type=\"container\" data-settings=\"{&quot;container_type&quot;:&quot;flex&quot;,&quot;content_width&quot;:&quot;boxed&quot;}\" data-core-v316-plus=\"true\">\n<div class=\"e-con-inner\">\n<div class=\"elementor-element elementor-element-24667a01 elementor-widget elementor-widget-text-editor\" data-id=\"24667a01\" data-element_type=\"widget\" data-widget_type=\"text-editor.default\">\n<div class=\"elementor-widget-container\">\n<pre><em><strong>\u2014 3-in-1 : hip, sling and handlebar bag \r\n\u2014 ready-to-ship<\/strong><\/em><em><strong>\r\n\u2014 volume de 2.5L, format livre de poche\r\n<\/strong><\/em><\/pre>\n<\/div>\n<\/div>\n<\/div>\n<\/div>\n<p style=\"padding-left: 40px;\"><a href=\"https:\/\/courssilpleut.com\/fr\/2-5l-tay-sling\/\">description compl\u00e8te<\/a><\/p>\n<p>&nbsp;<\/p>","protected":false},"excerpt":{"rendered":"<p>&nbsp;<\/p>\n<div class=\"elementor-element elementor-element-10efae17 e-flex e-con-boxed e-con e-parent\" data-id=\"10efae17\" data-element_type=\"container\" data-settings=\"{&quot;container_type&quot;:&quot;flex&quot;,&quot;content_width&quot;:&quot;boxed&quot;}\" data-core-v316-plus=\"true\">\n<div class=\"e-con-inner\">\n<div class=\"elementor-element elementor-element-6bd63a87 elementor-widget elementor-widget-text-editor\" data-id=\"6bd63a87\" data-element_type=\"widget\" data-widget_type=\"text-editor.default\">\n<div class=\"elementor-widget-container\">\n<p><span data-contrast=\"auto\">The 2.5L Tay sling is a 3-in-1 bag that can be used as a hip bag, a sling bag and as a handlebar bag. It\u2019s smaller than the 4.5L Tilt hip pack, for those who don\u2019t like carrying much weight on the back or for narrower handlebars that won\u2019t fit the Tilt hip pack, but shares its main features.<\/span><\/p>\n<\/div>\n<\/div>\n<\/div>\n<\/div>\n<div class=\"elementor-element elementor-element-5a432c1d e-flex e-con-boxed e-con e-parent\" data-id=\"5a432c1d\" data-element_type=\"container\" data-settings=\"{&quot;container_type&quot;:&quot;flex&quot;,&quot;content_width&quot;:&quot;boxed&quot;}\" data-core-v316-plus=\"true\">\n<div class=\"e-con-inner\">\n<div class=\"elementor-element elementor-element-24667a01 elementor-widget elementor-widget-text-editor\" data-id=\"24667a01\" data-element_type=\"widget\" data-widget_type=\"text-editor.default\">\n<div class=\"elementor-widget-container\">\n<pre><em><strong>\u2014 3-in-1 : hip, sling and handlebar bag \r\n\u2014 ready-to-ship<\/strong><\/em><em><strong>\r\n\u2014 volume de 2.5L, format livre de poche\r\n<\/strong><\/em><\/pre>\n<\/div>\n<\/div>\n<\/div>\n<\/div>\n<p>&nbsp;<\/p>\n<p style=\"padding-left: 40px;\"><a href=\"https:\/\/courssilpleut.com\/fr\/2-5l-tay-sling\/\">description compl\u00e8te<\/a><\/p>\n<p>&nbsp;<\/p>\n<p>confectionn\u00e9 \u00e0 la main \u00e0 l'atelier, en France<\/p>\n<p>&nbsp;<\/p>\n<p>&nbsp;<\/p>","protected":false},"featured_media":7417,"template":"elementor_theme","meta":[],"product_brand":[],"product_cat":[32,40],"product_tag":[],"class_list":{"0":"post-5212","1":"product","2":"type-product","3":"status-publish","4":"has-post-thumbnail","6":"product_cat-bags","7":"product_cat-made-to-order","8":"product_shipping_class-medium-parcel","10":"first","11":"instock","12":"shipping-taxable","13":"purchasable","14":"product-type-variable"},"yoast_head":"<!-- This site is optimized with the Yoast SEO plugin v26.6 - https:\/\/yoast.com\/wordpress\/plugins\/seo\/ -->\n<title>Custom 2.5L Tay sling - Cours s&#039;il pleut<\/title>\n<meta name=\"description\" content=\"A roomy, comfortable, practical hip pack that doubles as a handlebar bag. Made with waterproof, durable fabrics, waterproof zips and 3D mesh padding.\" \/>\n<meta name=\"robots\" content=\"index, follow, max-snippet:-1, max-image-preview:large, max-video-preview:-1\" \/>\n<link rel=\"canonical\" href=\"https:\/\/courssilpleut.com\/fr\/shop\/bags\/custom-2-5l-tay-sling\/\" \/>\n<meta property=\"og:locale\" content=\"fr_FR\" \/>\n<meta property=\"og:type\" content=\"article\" \/>\n<meta property=\"og:title\" content=\"Custom 2.5L Tay sling - Cours s&#039;il pleut\" \/>\n<meta property=\"og:description\" content=\"A roomy, comfortable, practical hip pack that doubles as a handlebar bag. Made with waterproof, durable fabrics, waterproof zips and 3D mesh padding.\" \/>\n<meta property=\"og:url\" content=\"https:\/\/courssilpleut.com\/fr\/shop\/bags\/custom-2-5l-tay-sling\/\" \/>\n<meta property=\"og:site_name\" content=\"Cours s&#039;il pleut\" \/>\n<meta property=\"article:modified_time\" content=\"2025-11-15T20:19:21+00:00\" \/>\n<meta property=\"og:image\" content=\"https:\/\/courssilpleut.com\/wp-content\/uploads\/2024\/11\/taysling_axo-product_Plan-de-travail-1-2-scaled.jpg\" \/>\n\t<meta property=\"og:image:width\" content=\"2048\" \/>\n\t<meta property=\"og:image:height\" content=\"2560\" \/>\n\t<meta property=\"og:image:type\" content=\"image\/jpeg\" \/>\n<meta name=\"twitter:card\" content=\"summary_large_image\" \/>\n<meta name=\"twitter:label1\" content=\"Dur\u00e9e de lecture estim\u00e9e\" \/>\n\t<meta name=\"twitter:data1\" content=\"1 minute\" \/>\n<script type=\"application\/ld+json\" class=\"yoast-schema-graph\">{\"@context\":\"https:\/\/schema.org\",\"@graph\":[{\"@type\":\"WebPage\",\"@id\":\"https:\/\/courssilpleut.com\/shop\/bags\/custom-2-5l-tay-sling\/\",\"url\":\"https:\/\/courssilpleut.com\/shop\/bags\/custom-2-5l-tay-sling\/\",\"name\":\"Custom 2.5L Tay sling - Cours s&#039;il pleut\",\"isPartOf\":{\"@id\":\"https:\/\/courssilpleut.com\/#website\"},\"primaryImageOfPage\":{\"@id\":\"https:\/\/courssilpleut.com\/shop\/bags\/custom-2-5l-tay-sling\/#primaryimage\"},\"image\":{\"@id\":\"https:\/\/courssilpleut.com\/shop\/bags\/custom-2-5l-tay-sling\/#primaryimage\"},\"thumbnailUrl\":\"https:\/\/courssilpleut.com\/wp-content\/uploads\/2024\/11\/taysling_axo-product_Plan-de-travail-1-2-scaled.jpg\",\"datePublished\":\"2024-11-01T15:36:09+00:00\",\"dateModified\":\"2025-11-15T20:19:21+00:00\",\"description\":\"A roomy, comfortable, practical hip pack that doubles as a handlebar bag. Made with waterproof, durable fabrics, waterproof zips and 3D mesh padding.\",\"breadcrumb\":{\"@id\":\"https:\/\/courssilpleut.com\/shop\/bags\/custom-2-5l-tay-sling\/#breadcrumb\"},\"inLanguage\":\"fr-FR\",\"potentialAction\":[{\"@type\":\"ReadAction\",\"target\":[\"https:\/\/courssilpleut.com\/shop\/bags\/custom-2-5l-tay-sling\/\"]}]},{\"@type\":\"ImageObject\",\"inLanguage\":\"fr-FR\",\"@id\":\"https:\/\/courssilpleut.com\/shop\/bags\/custom-2-5l-tay-sling\/#primaryimage\",\"url\":\"https:\/\/courssilpleut.com\/wp-content\/uploads\/2024\/11\/taysling_axo-product_Plan-de-travail-1-2-scaled.jpg\",\"contentUrl\":\"https:\/\/courssilpleut.com\/wp-content\/uploads\/2024\/11\/taysling_axo-product_Plan-de-travail-1-2-scaled.jpg\",\"width\":2048,\"height\":2560},{\"@type\":\"BreadcrumbList\",\"@id\":\"https:\/\/courssilpleut.com\/shop\/bags\/custom-2-5l-tay-sling\/#breadcrumb\",\"itemListElement\":[{\"@type\":\"ListItem\",\"position\":1,\"name\":\"Home\",\"item\":\"https:\/\/courssilpleut.com\/\"},{\"@type\":\"ListItem\",\"position\":2,\"name\":\"Store\",\"item\":\"https:\/\/courssilpleut.com\/fr\/store\/\"},{\"@type\":\"ListItem\",\"position\":3,\"name\":\"Custom 2.5L Tay sling\"}]},{\"@type\":\"WebSite\",\"@id\":\"https:\/\/courssilpleut.com\/#website\",\"url\":\"https:\/\/courssilpleut.com\/\",\"name\":\"Cours s'il pleut\",\"description\":\"Outdoor equipment for near and far ventures, made on a small scale in France | Equipements outdoor artisanaux con\u00e7us et confectionn\u00e9s en France\",\"publisher\":{\"@id\":\"https:\/\/courssilpleut.com\/#organization\"},\"potentialAction\":[{\"@type\":\"SearchAction\",\"target\":{\"@type\":\"EntryPoint\",\"urlTemplate\":\"https:\/\/courssilpleut.com\/?s={search_term_string}\"},\"query-input\":{\"@type\":\"PropertyValueSpecification\",\"valueRequired\":true,\"valueName\":\"search_term_string\"}}],\"inLanguage\":\"fr-FR\"},{\"@type\":\"Organization\",\"@id\":\"https:\/\/courssilpleut.com\/#organization\",\"name\":\"Cours s'il pleut\",\"url\":\"https:\/\/courssilpleut.com\/\",\"logo\":{\"@type\":\"ImageObject\",\"inLanguage\":\"fr-FR\",\"@id\":\"https:\/\/courssilpleut.com\/#\/schema\/logo\/image\/\",\"url\":\"https:\/\/courssilpleut.com\/wp-content\/uploads\/2023\/08\/logo_courssilpleut_Plan-de-travail-1-2.svg\",\"contentUrl\":\"https:\/\/courssilpleut.com\/wp-content\/uploads\/2023\/08\/logo_courssilpleut_Plan-de-travail-1-2.svg\",\"width\":500,\"height\":300,\"caption\":\"Cours s'il pleut\"},\"image\":{\"@id\":\"https:\/\/courssilpleut.com\/#\/schema\/logo\/image\/\"},\"sameAs\":[\"https:\/\/www.instagram.com\/courssilpleut\/\"]}]}<\/script>\n<!-- \/ Yoast SEO plugin. -->","yoast_head_json":{"title":"Custom 2.5L Tay sling - Cours s&#039;il pleut","description":"A roomy, comfortable, practical hip pack that doubles as a handlebar bag. Made with waterproof, durable fabrics, waterproof zips and 3D mesh padding.","robots":{"index":"index","follow":"follow","max-snippet":"max-snippet:-1","max-image-preview":"max-image-preview:large","max-video-preview":"max-video-preview:-1"},"canonical":"https:\/\/courssilpleut.com\/fr\/shop\/bags\/custom-2-5l-tay-sling\/","og_locale":"fr_FR","og_type":"article","og_title":"Custom 2.5L Tay sling - Cours s&#039;il pleut","og_description":"A roomy, comfortable, practical hip pack that doubles as a handlebar bag. Made with waterproof, durable fabrics, waterproof zips and 3D mesh padding.","og_url":"https:\/\/courssilpleut.com\/fr\/shop\/bags\/custom-2-5l-tay-sling\/","og_site_name":"Cours s&#039;il pleut","article_modified_time":"2025-11-15T20:19:21+00:00","og_image":[{"width":2048,"height":2560,"url":"https:\/\/courssilpleut.com\/wp-content\/uploads\/2024\/11\/taysling_axo-product_Plan-de-travail-1-2-scaled.jpg","type":"image\/jpeg"}],"twitter_card":"summary_large_image","twitter_misc":{"Dur\u00e9e de lecture estim\u00e9e":"1 minute"},"schema":{"@context":"https:\/\/schema.org","@graph":[{"@type":"WebPage","@id":"https:\/\/courssilpleut.com\/shop\/bags\/custom-2-5l-tay-sling\/","url":"https:\/\/courssilpleut.com\/shop\/bags\/custom-2-5l-tay-sling\/","name":"Custom 2.5L Tay sling - Cours s&#039;il pleut","isPartOf":{"@id":"https:\/\/courssilpleut.com\/#website"},"primaryImageOfPage":{"@id":"https:\/\/courssilpleut.com\/shop\/bags\/custom-2-5l-tay-sling\/#primaryimage"},"image":{"@id":"https:\/\/courssilpleut.com\/shop\/bags\/custom-2-5l-tay-sling\/#primaryimage"},"thumbnailUrl":"https:\/\/courssilpleut.com\/wp-content\/uploads\/2024\/11\/taysling_axo-product_Plan-de-travail-1-2-scaled.jpg","datePublished":"2024-11-01T15:36:09+00:00","dateModified":"2025-11-15T20:19:21+00:00","description":"A roomy, comfortable, practical hip pack that doubles as a handlebar bag. Made with waterproof, durable fabrics, waterproof zips and 3D mesh padding.","breadcrumb":{"@id":"https:\/\/courssilpleut.com\/shop\/bags\/custom-2-5l-tay-sling\/#breadcrumb"},"inLanguage":"fr-FR","potentialAction":[{"@type":"ReadAction","target":["https:\/\/courssilpleut.com\/shop\/bags\/custom-2-5l-tay-sling\/"]}]},{"@type":"ImageObject","inLanguage":"fr-FR","@id":"https:\/\/courssilpleut.com\/shop\/bags\/custom-2-5l-tay-sling\/#primaryimage","url":"https:\/\/courssilpleut.com\/wp-content\/uploads\/2024\/11\/taysling_axo-product_Plan-de-travail-1-2-scaled.jpg","contentUrl":"https:\/\/courssilpleut.com\/wp-content\/uploads\/2024\/11\/taysling_axo-product_Plan-de-travail-1-2-scaled.jpg","width":2048,"height":2560},{"@type":"BreadcrumbList","@id":"https:\/\/courssilpleut.com\/shop\/bags\/custom-2-5l-tay-sling\/#breadcrumb","itemListElement":[{"@type":"ListItem","position":1,"name":"Home","item":"https:\/\/courssilpleut.com\/"},{"@type":"ListItem","position":2,"name":"Store","item":"https:\/\/courssilpleut.com\/fr\/store\/"},{"@type":"ListItem","position":3,"name":"Custom 2.5L Tay sling"}]},{"@type":"WebSite","@id":"https:\/\/courssilpleut.com\/#website","url":"https:\/\/courssilpleut.com\/","name":"Cours s'il pleut","description":"Outdoor equipment for near and far ventures, made on a small scale in France | Equipements outdoor artisanaux con\u00e7us et confectionn\u00e9s en France","publisher":{"@id":"https:\/\/courssilpleut.com\/#organization"},"potentialAction":[{"@type":"SearchAction","target":{"@type":"EntryPoint","urlTemplate":"https:\/\/courssilpleut.com\/?s={search_term_string}"},"query-input":{"@type":"PropertyValueSpecification","valueRequired":true,"valueName":"search_term_string"}}],"inLanguage":"fr-FR"},{"@type":"Organization","@id":"https:\/\/courssilpleut.com\/#organization","name":"Cours s'il pleut","url":"https:\/\/courssilpleut.com\/","logo":{"@type":"ImageObject","inLanguage":"fr-FR","@id":"https:\/\/courssilpleut.com\/#\/schema\/logo\/image\/","url":"https:\/\/courssilpleut.com\/wp-content\/uploads\/2023\/08\/logo_courssilpleut_Plan-de-travail-1-2.svg","contentUrl":"https:\/\/courssilpleut.com\/wp-content\/uploads\/2023\/08\/logo_courssilpleut_Plan-de-travail-1-2.svg","width":500,"height":300,"caption":"Cours s'il pleut"},"image":{"@id":"https:\/\/courssilpleut.com\/#\/schema\/logo\/image\/"},"sameAs":["https:\/\/www.instagram.com\/courssilpleut\/"]}]}},"_links":{"self":[{"href":"https:\/\/courssilpleut.com\/fr\/wp-json\/wp\/v2\/product\/5212","targetHints":{"allow":["GET"]}}],"collection":[{"href":"https:\/\/courssilpleut.com\/fr\/wp-json\/wp\/v2\/product"}],"about":[{"href":"https:\/\/courssilpleut.com\/fr\/wp-json\/wp\/v2\/types\/product"}],"version-history":[{"count":1,"href":"https:\/\/courssilpleut.com\/fr\/wp-json\/wp\/v2\/product\/5212\/revisions"}],"predecessor-version":[{"id":7418,"href":"https:\/\/courssilpleut.com\/fr\/wp-json\/wp\/v2\/product\/5212\/revisions\/7418"}],"wp:featuredmedia":[{"embeddable":true,"href":"https:\/\/courssilpleut.com\/fr\/wp-json\/wp\/v2\/media\/7417"}],"wp:attachment":[{"href":"https:\/\/courssilpleut.com\/fr\/wp-json\/wp\/v2\/media?parent=5212"}],"wp:term":[{"taxonomy":"product_brand","embeddable":true,"href":"https:\/\/courssilpleut.com\/fr\/wp-json\/wp\/v2\/product_brand?post=5212"},{"taxonomy":"product_cat","embeddable":true,"href":"https:\/\/courssilpleut.com\/fr\/wp-json\/wp\/v2\/product_cat?post=5212"},{"taxonomy":"product_tag","embeddable":true,"href":"https:\/\/courssilpleut.com\/fr\/wp-json\/wp\/v2\/product_tag?post=5212"}],"curies":[{"name":"wp","href":"https:\/\/api.w.org\/{rel}","templated":true}]}}