{"id":4596,"date":"2024-06-16T17:10:30","date_gmt":"2024-06-16T16:10:30","guid":{"rendered":"https:\/\/courssilpleut.com\/?post_type=product&#038;p=4596"},"modified":"2025-11-15T21:27:47","modified_gmt":"2025-11-15T20:27:47","slug":"sarma-pannier-small","status":"publish","type":"product","link":"https:\/\/courssilpleut.com\/fr\/shop\/bags\/sarma-pannier-small\/","title":{"rendered":"Sarma pannier Small &#8211; made-to-order"},"content":{"rendered":"","protected":false},"excerpt":{"rendered":"<p>The Sarma pannier Small is a roomy, practical bag that will equally accommodate bulky camp items, a spare set of clothes when commuting or groceries. They are offered in two sizes, the Sarma Large (20L) and Sarma Small (11L) and constructed with durable, waterproof fabrics and sturdy, replaceable components.<\/p>\n<p>&nbsp;<\/p>\n<p><em><strong>\u2014 Small<\/strong><\/em><br \/>\n<em><strong>Capacit\u00e9 : 9 - 12L<\/strong><\/em><br \/>\n<em><strong>Poids : <\/strong><\/em><em><strong>X Pac : ~ 495g\/u, <\/strong><\/em><em><strong>Ultragrid : ~ 400g\/u<\/strong><\/em><br \/>\n<em><strong>Dimensions: \u00e0 plat : 49 x 25 x 12cm, ferm\u00e9 33 x 25 x 12cm <\/strong><\/em><\/p>\n<p><em><strong>Attaches : 3x6\" (15cm) sangles Fixplus (inclues)<\/strong><\/em><\/p>\n<p><em><strong>option pour fixation par clip et crochet <a href=\"https:\/\/courssilpleut.com\/fr\/shop\/uncategorized\/clip-and-hook-attachment-sarma-small\/\">ici<\/a><\/strong><\/em><\/p>\n<p>&nbsp;<\/p>\n<p>Large (20L) panniers available <a href=\"https:\/\/courssilpleut.com\/fr\/shop\/bags\/sarma-pannier-large\/\">ici<\/a> and Mini (4.5L) <a href=\"https:\/\/courssilpleut.com\/fr\/shop\/bags\/sarma-mini-panniers-ready-to-ship\/\">ici<\/a> (ready to ship) \/ <a href=\"https:\/\/courssilpleut.com\/fr\/shop\/bags\/sarma-mini-panniers-made-to-order\/\">ici<\/a> (made to order)<\/p>\n<p>&nbsp;<\/p>\n<p><a href=\"https:\/\/courssilpleut.com\/fr\/sarma-bike-pannier\/\">description compl\u00e8te<\/a><\/p>\n<p>&nbsp;<\/p>\n<p><em>prix par sacoche<\/em><\/p>\n<p><em>sangle bandouli\u00e8re inclue<\/em><\/p>\n<p>&nbsp;<\/p>\n<p>confectionn\u00e9 \u00e0 la main \u00e0 l'atelier, en France<\/p>\n<p>&nbsp;<\/p>\n<p>&nbsp;<\/p>","protected":false},"featured_media":4554,"template":"","meta":[],"product_brand":[],"product_cat":[32,40],"product_tag":[],"class_list":{"0":"post-4596","1":"product","2":"type-product","3":"status-publish","4":"has-post-thumbnail","6":"product_cat-bags","7":"product_cat-made-to-order","9":"first","10":"instock","11":"shipping-taxable","12":"purchasable","13":"product-type-variable"},"yoast_head":"<!-- This site is optimized with the Yoast SEO plugin v26.6 - https:\/\/yoast.com\/wordpress\/plugins\/seo\/ -->\n<title>Sarma pannier Small - made-to-order - Cours s&#039;il pleut<\/title>\n<meta name=\"robots\" content=\"index, follow, max-snippet:-1, max-image-preview:large, max-video-preview:-1\" \/>\n<link rel=\"canonical\" href=\"https:\/\/courssilpleut.com\/fr\/shop\/bags\/sarma-pannier-small\/\" \/>\n<meta property=\"og:locale\" content=\"fr_FR\" \/>\n<meta property=\"og:type\" content=\"article\" \/>\n<meta property=\"og:title\" content=\"Sarma pannier Small - made-to-order - Cours s&#039;il pleut\" \/>\n<meta property=\"og:description\" content=\"The Sarma pannier Small is a roomy, practical bag that will equally accommodate bulky camp items, a spare set of clothes when commuting or groceries. They are offered in two sizes, the Sarma Large (20L) and Sarma Small (11L) and constructed with durable, waterproof fabrics and sturdy, replaceable components.  &nbsp;  \u2014 Small Capacity : 9-12L Weight: X Pac : ~ 495g\/u, Ultragrid : ~ 400g\/u Dimensions: unrolled : 49 x 25 x 12cm, rolled 33 x 25 x 12cm   Attachment : 3x 6&quot; (15cm) Fixplus strap (included)  clip and hook option available here  &nbsp;  Large (20L) panniers available here and Mini (4.5L) here (ready to ship) \/ here (made to order)  &nbsp;  full product description  &nbsp;  priced per bag  shoulder strap included  &nbsp;  handmade in the Cours s&#039;il pleut workshop in France  &nbsp;  &nbsp;\" \/>\n<meta property=\"og:url\" content=\"https:\/\/courssilpleut.com\/fr\/shop\/bags\/sarma-pannier-small\/\" \/>\n<meta property=\"og:site_name\" content=\"Cours s&#039;il pleut\" \/>\n<meta property=\"article:modified_time\" content=\"2025-11-15T20:27:47+00:00\" \/>\n<meta property=\"og:image\" content=\"https:\/\/courssilpleut.com\/wp-content\/uploads\/2024\/06\/P1220041-1.jpg\" \/>\n\t<meta property=\"og:image:width\" content=\"1080\" \/>\n\t<meta property=\"og:image:height\" content=\"1350\" \/>\n\t<meta property=\"og:image:type\" content=\"image\/jpeg\" \/>\n<meta name=\"twitter:card\" content=\"summary_large_image\" \/>\n<meta name=\"twitter:label1\" content=\"Dur\u00e9e de lecture estim\u00e9e\" \/>\n\t<meta name=\"twitter:data1\" content=\"1 minute\" \/>\n<script type=\"application\/ld+json\" class=\"yoast-schema-graph\">{\"@context\":\"https:\/\/schema.org\",\"@graph\":[{\"@type\":\"WebPage\",\"@id\":\"https:\/\/courssilpleut.com\/shop\/bags\/sarma-pannier-small\/\",\"url\":\"https:\/\/courssilpleut.com\/shop\/bags\/sarma-pannier-small\/\",\"name\":\"Sarma pannier Small - made-to-order - Cours s&#039;il pleut\",\"isPartOf\":{\"@id\":\"https:\/\/courssilpleut.com\/#website\"},\"primaryImageOfPage\":{\"@id\":\"https:\/\/courssilpleut.com\/shop\/bags\/sarma-pannier-small\/#primaryimage\"},\"image\":{\"@id\":\"https:\/\/courssilpleut.com\/shop\/bags\/sarma-pannier-small\/#primaryimage\"},\"thumbnailUrl\":\"https:\/\/courssilpleut.com\/wp-content\/uploads\/2024\/06\/P1220041-1.jpg\",\"datePublished\":\"2024-06-16T16:10:30+00:00\",\"dateModified\":\"2025-11-15T20:27:47+00:00\",\"breadcrumb\":{\"@id\":\"https:\/\/courssilpleut.com\/shop\/bags\/sarma-pannier-small\/#breadcrumb\"},\"inLanguage\":\"fr-FR\",\"potentialAction\":[{\"@type\":\"ReadAction\",\"target\":[\"https:\/\/courssilpleut.com\/shop\/bags\/sarma-pannier-small\/\"]}]},{\"@type\":\"ImageObject\",\"inLanguage\":\"fr-FR\",\"@id\":\"https:\/\/courssilpleut.com\/shop\/bags\/sarma-pannier-small\/#primaryimage\",\"url\":\"https:\/\/courssilpleut.com\/wp-content\/uploads\/2024\/06\/P1220041-1.jpg\",\"contentUrl\":\"https:\/\/courssilpleut.com\/wp-content\/uploads\/2024\/06\/P1220041-1.jpg\",\"width\":1080,\"height\":1350},{\"@type\":\"BreadcrumbList\",\"@id\":\"https:\/\/courssilpleut.com\/shop\/bags\/sarma-pannier-small\/#breadcrumb\",\"itemListElement\":[{\"@type\":\"ListItem\",\"position\":1,\"name\":\"Home\",\"item\":\"https:\/\/courssilpleut.com\/\"},{\"@type\":\"ListItem\",\"position\":2,\"name\":\"Store\",\"item\":\"https:\/\/courssilpleut.com\/fr\/store\/\"},{\"@type\":\"ListItem\",\"position\":3,\"name\":\"Sarma pannier Small &#8211; made-to-order\"}]},{\"@type\":\"WebSite\",\"@id\":\"https:\/\/courssilpleut.com\/#website\",\"url\":\"https:\/\/courssilpleut.com\/\",\"name\":\"Cours s'il pleut\",\"description\":\"Outdoor equipment for near and far ventures, made on a small scale in France | Equipements outdoor artisanaux con\u00e7us et confectionn\u00e9s en France\",\"publisher\":{\"@id\":\"https:\/\/courssilpleut.com\/#organization\"},\"potentialAction\":[{\"@type\":\"SearchAction\",\"target\":{\"@type\":\"EntryPoint\",\"urlTemplate\":\"https:\/\/courssilpleut.com\/?s={search_term_string}\"},\"query-input\":{\"@type\":\"PropertyValueSpecification\",\"valueRequired\":true,\"valueName\":\"search_term_string\"}}],\"inLanguage\":\"fr-FR\"},{\"@type\":\"Organization\",\"@id\":\"https:\/\/courssilpleut.com\/#organization\",\"name\":\"Cours s'il pleut\",\"url\":\"https:\/\/courssilpleut.com\/\",\"logo\":{\"@type\":\"ImageObject\",\"inLanguage\":\"fr-FR\",\"@id\":\"https:\/\/courssilpleut.com\/#\/schema\/logo\/image\/\",\"url\":\"https:\/\/courssilpleut.com\/wp-content\/uploads\/2023\/08\/logo_courssilpleut_Plan-de-travail-1-2.svg\",\"contentUrl\":\"https:\/\/courssilpleut.com\/wp-content\/uploads\/2023\/08\/logo_courssilpleut_Plan-de-travail-1-2.svg\",\"width\":500,\"height\":300,\"caption\":\"Cours s'il pleut\"},\"image\":{\"@id\":\"https:\/\/courssilpleut.com\/#\/schema\/logo\/image\/\"},\"sameAs\":[\"https:\/\/www.instagram.com\/courssilpleut\/\"]}]}<\/script>\n<!-- \/ Yoast SEO plugin. -->","yoast_head_json":{"title":"Sarma pannier Small - made-to-order - Cours s&#039;il pleut","robots":{"index":"index","follow":"follow","max-snippet":"max-snippet:-1","max-image-preview":"max-image-preview:large","max-video-preview":"max-video-preview:-1"},"canonical":"https:\/\/courssilpleut.com\/fr\/shop\/bags\/sarma-pannier-small\/","og_locale":"fr_FR","og_type":"article","og_title":"Sarma pannier Small - made-to-order - Cours s&#039;il pleut","og_description":"The Sarma pannier Small is a roomy, practical bag that will equally accommodate bulky camp items, a spare set of clothes when commuting or groceries. They are offered in two sizes, the Sarma Large (20L) and Sarma Small (11L) and constructed with durable, waterproof fabrics and sturdy, replaceable components.  &nbsp;  \u2014 Small Capacity : 9-12L Weight: X Pac : ~ 495g\/u, Ultragrid : ~ 400g\/u Dimensions: unrolled : 49 x 25 x 12cm, rolled 33 x 25 x 12cm   Attachment : 3x 6\" (15cm) Fixplus strap (included)  clip and hook option available here  &nbsp;  Large (20L) panniers available here and Mini (4.5L) here (ready to ship) \/ here (made to order)  &nbsp;  full product description  &nbsp;  priced per bag  shoulder strap included  &nbsp;  handmade in the Cours s'il pleut workshop in France  &nbsp;  &nbsp;","og_url":"https:\/\/courssilpleut.com\/fr\/shop\/bags\/sarma-pannier-small\/","og_site_name":"Cours s&#039;il pleut","article_modified_time":"2025-11-15T20:27:47+00:00","og_image":[{"width":1080,"height":1350,"url":"https:\/\/courssilpleut.com\/wp-content\/uploads\/2024\/06\/P1220041-1.jpg","type":"image\/jpeg"}],"twitter_card":"summary_large_image","twitter_misc":{"Dur\u00e9e de lecture estim\u00e9e":"1 minute"},"schema":{"@context":"https:\/\/schema.org","@graph":[{"@type":"WebPage","@id":"https:\/\/courssilpleut.com\/shop\/bags\/sarma-pannier-small\/","url":"https:\/\/courssilpleut.com\/shop\/bags\/sarma-pannier-small\/","name":"Sarma pannier Small - made-to-order - Cours s&#039;il pleut","isPartOf":{"@id":"https:\/\/courssilpleut.com\/#website"},"primaryImageOfPage":{"@id":"https:\/\/courssilpleut.com\/shop\/bags\/sarma-pannier-small\/#primaryimage"},"image":{"@id":"https:\/\/courssilpleut.com\/shop\/bags\/sarma-pannier-small\/#primaryimage"},"thumbnailUrl":"https:\/\/courssilpleut.com\/wp-content\/uploads\/2024\/06\/P1220041-1.jpg","datePublished":"2024-06-16T16:10:30+00:00","dateModified":"2025-11-15T20:27:47+00:00","breadcrumb":{"@id":"https:\/\/courssilpleut.com\/shop\/bags\/sarma-pannier-small\/#breadcrumb"},"inLanguage":"fr-FR","potentialAction":[{"@type":"ReadAction","target":["https:\/\/courssilpleut.com\/shop\/bags\/sarma-pannier-small\/"]}]},{"@type":"ImageObject","inLanguage":"fr-FR","@id":"https:\/\/courssilpleut.com\/shop\/bags\/sarma-pannier-small\/#primaryimage","url":"https:\/\/courssilpleut.com\/wp-content\/uploads\/2024\/06\/P1220041-1.jpg","contentUrl":"https:\/\/courssilpleut.com\/wp-content\/uploads\/2024\/06\/P1220041-1.jpg","width":1080,"height":1350},{"@type":"BreadcrumbList","@id":"https:\/\/courssilpleut.com\/shop\/bags\/sarma-pannier-small\/#breadcrumb","itemListElement":[{"@type":"ListItem","position":1,"name":"Home","item":"https:\/\/courssilpleut.com\/"},{"@type":"ListItem","position":2,"name":"Store","item":"https:\/\/courssilpleut.com\/fr\/store\/"},{"@type":"ListItem","position":3,"name":"Sarma pannier Small &#8211; made-to-order"}]},{"@type":"WebSite","@id":"https:\/\/courssilpleut.com\/#website","url":"https:\/\/courssilpleut.com\/","name":"Cours s'il pleut","description":"Outdoor equipment for near and far ventures, made on a small scale in France | Equipements outdoor artisanaux con\u00e7us et confectionn\u00e9s en France","publisher":{"@id":"https:\/\/courssilpleut.com\/#organization"},"potentialAction":[{"@type":"SearchAction","target":{"@type":"EntryPoint","urlTemplate":"https:\/\/courssilpleut.com\/?s={search_term_string}"},"query-input":{"@type":"PropertyValueSpecification","valueRequired":true,"valueName":"search_term_string"}}],"inLanguage":"fr-FR"},{"@type":"Organization","@id":"https:\/\/courssilpleut.com\/#organization","name":"Cours s'il pleut","url":"https:\/\/courssilpleut.com\/","logo":{"@type":"ImageObject","inLanguage":"fr-FR","@id":"https:\/\/courssilpleut.com\/#\/schema\/logo\/image\/","url":"https:\/\/courssilpleut.com\/wp-content\/uploads\/2023\/08\/logo_courssilpleut_Plan-de-travail-1-2.svg","contentUrl":"https:\/\/courssilpleut.com\/wp-content\/uploads\/2023\/08\/logo_courssilpleut_Plan-de-travail-1-2.svg","width":500,"height":300,"caption":"Cours s'il pleut"},"image":{"@id":"https:\/\/courssilpleut.com\/#\/schema\/logo\/image\/"},"sameAs":["https:\/\/www.instagram.com\/courssilpleut\/"]}]}},"_links":{"self":[{"href":"https:\/\/courssilpleut.com\/fr\/wp-json\/wp\/v2\/product\/4596","targetHints":{"allow":["GET"]}}],"collection":[{"href":"https:\/\/courssilpleut.com\/fr\/wp-json\/wp\/v2\/product"}],"about":[{"href":"https:\/\/courssilpleut.com\/fr\/wp-json\/wp\/v2\/types\/product"}],"version-history":[{"count":25,"href":"https:\/\/courssilpleut.com\/fr\/wp-json\/wp\/v2\/product\/4596\/revisions"}],"predecessor-version":[{"id":7435,"href":"https:\/\/courssilpleut.com\/fr\/wp-json\/wp\/v2\/product\/4596\/revisions\/7435"}],"wp:featuredmedia":[{"embeddable":true,"href":"https:\/\/courssilpleut.com\/fr\/wp-json\/wp\/v2\/media\/4554"}],"wp:attachment":[{"href":"https:\/\/courssilpleut.com\/fr\/wp-json\/wp\/v2\/media?parent=4596"}],"wp:term":[{"taxonomy":"product_brand","embeddable":true,"href":"https:\/\/courssilpleut.com\/fr\/wp-json\/wp\/v2\/product_brand?post=4596"},{"taxonomy":"product_cat","embeddable":true,"href":"https:\/\/courssilpleut.com\/fr\/wp-json\/wp\/v2\/product_cat?post=4596"},{"taxonomy":"product_tag","embeddable":true,"href":"https:\/\/courssilpleut.com\/fr\/wp-json\/wp\/v2\/product_tag?post=4596"}],"curies":[{"name":"wp","href":"https:\/\/api.w.org\/{rel}","templated":true}]}}