{"id":414,"date":"2023-08-04T13:47:20","date_gmt":"2023-08-04T12:47:20","guid":{"rendered":"https:\/\/courssilpleut.com\/?post_type=product&#038;p=414"},"modified":"2025-11-15T21:48:40","modified_gmt":"2025-11-15T20:48:40","slug":"custom-tilt-hip-pack","status":"publish","type":"product","link":"https:\/\/courssilpleut.com\/fr\/shop\/bags\/custom-tilt-hip-pack\/","title":{"rendered":"Banane Tilt 4.5L personnalis\u00e9e"},"content":{"rendered":"<p>Roomy, comfortable, practical and custom-made bumbag to keep the essentials at hand, that doubles as a handlebar bag. Great to have everything close by at all times, on bikepacking trips or every day life alike.<\/p>\n<pre style=\"padding-left: 40px;\"><em><strong>\u2014 confectionn\u00e9e \u00e0 la commande avec des mat\u00e9riaux robustes et imperm\u00e9ables<\/strong><\/em><em><strong>\r\n\u2014 3D mesh and 40mm hip belt for comfort\r\n\u2014 handlebar attachment system<\/strong><\/em><\/pre>\n<p>&nbsp;<\/p>\n<p style=\"padding-left: 40px;\"><a href=\"https:\/\/courssilpleut.com\/fr\/tilt-hip-pack\/\">description compl\u00e8te<\/a><\/p>\n<p>&nbsp;<\/p>","protected":false},"excerpt":{"rendered":"<p>La sacoche banane Tilt 4.5L est spacieuse, confortable et pratique. Elle permet de garder les objets essentiels \u00e0 port\u00e9e de main, que ce soit lors de voyages bikepacking ou lors de trajets quotidiens. Elle peut aussi \u00eatre utilis\u00e9e comme sacoche de guidon.<\/p>\n<pre style=\"padding-left: 40px;\"><em><strong>\u2014 confectionn\u00e9e \u00e0 la commande avec des mat\u00e9riaux robustes et imperm\u00e9ables<\/strong><\/em><em><strong>\r\n\u2014 3D mesh and 40mm hip belt for comfort\r\n\u2014 handlebar attachment system<\/strong><\/em><\/pre>\n<p>&nbsp;<\/p>\n<p style=\"padding-left: 40px;\"><a href=\"https:\/\/courssilpleut.com\/fr\/tilt-hip-pack\/\">description compl\u00e8te<\/a><\/p>\n<p>&nbsp;<\/p>\n<p>ready-to-ship 4.5L Tilt hip bag <a href=\"https:\/\/courssilpleut.com\/fr\/shop\/bags\/4-5l-tilt-hip-pack-ready-to-ship\/\">ici<\/a><\/p>\n<p>&nbsp;<\/p>\n<p>confectionn\u00e9 \u00e0 la main \u00e0 l'atelier, en France<\/p>\n<p>&nbsp;<\/p>\n<p>&nbsp;<\/p>","protected":false},"featured_media":3718,"template":"elementor_theme","meta":[],"product_brand":[],"product_cat":[32,40],"product_tag":[],"class_list":{"0":"post-414","1":"product","2":"type-product","3":"status-publish","4":"has-post-thumbnail","6":"product_cat-bags","7":"product_cat-made-to-order","8":"product_shipping_class-medium-parcel","10":"first","11":"instock","12":"shipping-taxable","13":"purchasable","14":"product-type-simple"},"yoast_head":"<!-- This site is optimized with the Yoast SEO plugin v26.6 - https:\/\/yoast.com\/wordpress\/plugins\/seo\/ -->\n<title>Custom 4.5L Tilt hip pack - Cours s&#039;il pleut<\/title>\n<meta name=\"description\" content=\"A roomy, comfortable, practical hip pack that doubles as a handlebar bag. Made with waterproof, durable fabrics, waterproof zips and 3D mesh padding.\" \/>\n<meta name=\"robots\" content=\"index, follow, max-snippet:-1, max-image-preview:large, max-video-preview:-1\" \/>\n<link rel=\"canonical\" href=\"https:\/\/courssilpleut.com\/fr\/shop\/bags\/custom-tilt-hip-pack\/\" \/>\n<meta property=\"og:locale\" content=\"fr_FR\" \/>\n<meta property=\"og:type\" content=\"article\" \/>\n<meta property=\"og:title\" content=\"Custom 4.5L Tilt hip pack - Cours s&#039;il pleut\" \/>\n<meta property=\"og:description\" content=\"A roomy, comfortable, practical hip pack that doubles as a handlebar bag. Made with waterproof, durable fabrics, waterproof zips and 3D mesh padding.\" \/>\n<meta property=\"og:url\" content=\"https:\/\/courssilpleut.com\/fr\/shop\/bags\/custom-tilt-hip-pack\/\" \/>\n<meta property=\"og:site_name\" content=\"Cours s&#039;il pleut\" \/>\n<meta property=\"article:modified_time\" content=\"2025-11-15T20:48:40+00:00\" \/>\n<meta property=\"og:image\" content=\"https:\/\/courssilpleut.com\/wp-content\/uploads\/2024\/03\/hippack_fanion_portrait_Plan-de-travail-1-copie-2.png\" \/>\n\t<meta property=\"og:image:width\" content=\"4501\" \/>\n\t<meta property=\"og:image:height\" content=\"5626\" \/>\n\t<meta property=\"og:image:type\" content=\"image\/png\" \/>\n<meta name=\"twitter:card\" content=\"summary_large_image\" \/>\n<meta name=\"twitter:label1\" content=\"Dur\u00e9e de lecture estim\u00e9e\" \/>\n\t<meta name=\"twitter:data1\" content=\"1 minute\" \/>\n<script type=\"application\/ld+json\" class=\"yoast-schema-graph\">{\"@context\":\"https:\/\/schema.org\",\"@graph\":[{\"@type\":\"WebPage\",\"@id\":\"https:\/\/courssilpleut.com\/shop\/bags\/custom-tilt-hip-pack\/\",\"url\":\"https:\/\/courssilpleut.com\/shop\/bags\/custom-tilt-hip-pack\/\",\"name\":\"Custom 4.5L Tilt hip pack - Cours s&#039;il pleut\",\"isPartOf\":{\"@id\":\"https:\/\/courssilpleut.com\/#website\"},\"primaryImageOfPage\":{\"@id\":\"https:\/\/courssilpleut.com\/shop\/bags\/custom-tilt-hip-pack\/#primaryimage\"},\"image\":{\"@id\":\"https:\/\/courssilpleut.com\/shop\/bags\/custom-tilt-hip-pack\/#primaryimage\"},\"thumbnailUrl\":\"https:\/\/courssilpleut.com\/wp-content\/uploads\/2024\/03\/hippack_fanion_portrait_Plan-de-travail-1-copie-2.png\",\"datePublished\":\"2023-08-04T12:47:20+00:00\",\"dateModified\":\"2025-11-15T20:48:40+00:00\",\"description\":\"A roomy, comfortable, practical hip pack that doubles as a handlebar bag. Made with waterproof, durable fabrics, waterproof zips and 3D mesh padding.\",\"breadcrumb\":{\"@id\":\"https:\/\/courssilpleut.com\/shop\/bags\/custom-tilt-hip-pack\/#breadcrumb\"},\"inLanguage\":\"fr-FR\",\"potentialAction\":[{\"@type\":\"ReadAction\",\"target\":[\"https:\/\/courssilpleut.com\/shop\/bags\/custom-tilt-hip-pack\/\"]}]},{\"@type\":\"ImageObject\",\"inLanguage\":\"fr-FR\",\"@id\":\"https:\/\/courssilpleut.com\/shop\/bags\/custom-tilt-hip-pack\/#primaryimage\",\"url\":\"https:\/\/courssilpleut.com\/wp-content\/uploads\/2024\/03\/hippack_fanion_portrait_Plan-de-travail-1-copie-2.png\",\"contentUrl\":\"https:\/\/courssilpleut.com\/wp-content\/uploads\/2024\/03\/hippack_fanion_portrait_Plan-de-travail-1-copie-2.png\",\"width\":4501,\"height\":5626},{\"@type\":\"BreadcrumbList\",\"@id\":\"https:\/\/courssilpleut.com\/shop\/bags\/custom-tilt-hip-pack\/#breadcrumb\",\"itemListElement\":[{\"@type\":\"ListItem\",\"position\":1,\"name\":\"Home\",\"item\":\"https:\/\/courssilpleut.com\/\"},{\"@type\":\"ListItem\",\"position\":2,\"name\":\"Store\",\"item\":\"https:\/\/courssilpleut.com\/fr\/store\/\"},{\"@type\":\"ListItem\",\"position\":3,\"name\":\"Custom 4.5L Tilt hip pack\"}]},{\"@type\":\"WebSite\",\"@id\":\"https:\/\/courssilpleut.com\/#website\",\"url\":\"https:\/\/courssilpleut.com\/\",\"name\":\"Cours s'il pleut\",\"description\":\"Outdoor equipment for near and far ventures, made on a small scale in France | Equipements outdoor artisanaux con\u00e7us et confectionn\u00e9s en France\",\"publisher\":{\"@id\":\"https:\/\/courssilpleut.com\/#organization\"},\"potentialAction\":[{\"@type\":\"SearchAction\",\"target\":{\"@type\":\"EntryPoint\",\"urlTemplate\":\"https:\/\/courssilpleut.com\/?s={search_term_string}\"},\"query-input\":{\"@type\":\"PropertyValueSpecification\",\"valueRequired\":true,\"valueName\":\"search_term_string\"}}],\"inLanguage\":\"fr-FR\"},{\"@type\":\"Organization\",\"@id\":\"https:\/\/courssilpleut.com\/#organization\",\"name\":\"Cours s'il pleut\",\"url\":\"https:\/\/courssilpleut.com\/\",\"logo\":{\"@type\":\"ImageObject\",\"inLanguage\":\"fr-FR\",\"@id\":\"https:\/\/courssilpleut.com\/#\/schema\/logo\/image\/\",\"url\":\"https:\/\/courssilpleut.com\/wp-content\/uploads\/2023\/08\/logo_courssilpleut_Plan-de-travail-1-2.svg\",\"contentUrl\":\"https:\/\/courssilpleut.com\/wp-content\/uploads\/2023\/08\/logo_courssilpleut_Plan-de-travail-1-2.svg\",\"width\":500,\"height\":300,\"caption\":\"Cours s'il pleut\"},\"image\":{\"@id\":\"https:\/\/courssilpleut.com\/#\/schema\/logo\/image\/\"},\"sameAs\":[\"https:\/\/www.instagram.com\/courssilpleut\/\"]}]}<\/script>\n<!-- \/ Yoast SEO plugin. -->","yoast_head_json":{"title":"Custom 4.5L Tilt hip pack - Cours s&#039;il pleut","description":"A roomy, comfortable, practical hip pack that doubles as a handlebar bag. Made with waterproof, durable fabrics, waterproof zips and 3D mesh padding.","robots":{"index":"index","follow":"follow","max-snippet":"max-snippet:-1","max-image-preview":"max-image-preview:large","max-video-preview":"max-video-preview:-1"},"canonical":"https:\/\/courssilpleut.com\/fr\/shop\/bags\/custom-tilt-hip-pack\/","og_locale":"fr_FR","og_type":"article","og_title":"Custom 4.5L Tilt hip pack - Cours s&#039;il pleut","og_description":"A roomy, comfortable, practical hip pack that doubles as a handlebar bag. Made with waterproof, durable fabrics, waterproof zips and 3D mesh padding.","og_url":"https:\/\/courssilpleut.com\/fr\/shop\/bags\/custom-tilt-hip-pack\/","og_site_name":"Cours s&#039;il pleut","article_modified_time":"2025-11-15T20:48:40+00:00","og_image":[{"width":4501,"height":5626,"url":"https:\/\/courssilpleut.com\/wp-content\/uploads\/2024\/03\/hippack_fanion_portrait_Plan-de-travail-1-copie-2.png","type":"image\/png"}],"twitter_card":"summary_large_image","twitter_misc":{"Dur\u00e9e de lecture estim\u00e9e":"1 minute"},"schema":{"@context":"https:\/\/schema.org","@graph":[{"@type":"WebPage","@id":"https:\/\/courssilpleut.com\/shop\/bags\/custom-tilt-hip-pack\/","url":"https:\/\/courssilpleut.com\/shop\/bags\/custom-tilt-hip-pack\/","name":"Custom 4.5L Tilt hip pack - Cours s&#039;il pleut","isPartOf":{"@id":"https:\/\/courssilpleut.com\/#website"},"primaryImageOfPage":{"@id":"https:\/\/courssilpleut.com\/shop\/bags\/custom-tilt-hip-pack\/#primaryimage"},"image":{"@id":"https:\/\/courssilpleut.com\/shop\/bags\/custom-tilt-hip-pack\/#primaryimage"},"thumbnailUrl":"https:\/\/courssilpleut.com\/wp-content\/uploads\/2024\/03\/hippack_fanion_portrait_Plan-de-travail-1-copie-2.png","datePublished":"2023-08-04T12:47:20+00:00","dateModified":"2025-11-15T20:48:40+00:00","description":"A roomy, comfortable, practical hip pack that doubles as a handlebar bag. Made with waterproof, durable fabrics, waterproof zips and 3D mesh padding.","breadcrumb":{"@id":"https:\/\/courssilpleut.com\/shop\/bags\/custom-tilt-hip-pack\/#breadcrumb"},"inLanguage":"fr-FR","potentialAction":[{"@type":"ReadAction","target":["https:\/\/courssilpleut.com\/shop\/bags\/custom-tilt-hip-pack\/"]}]},{"@type":"ImageObject","inLanguage":"fr-FR","@id":"https:\/\/courssilpleut.com\/shop\/bags\/custom-tilt-hip-pack\/#primaryimage","url":"https:\/\/courssilpleut.com\/wp-content\/uploads\/2024\/03\/hippack_fanion_portrait_Plan-de-travail-1-copie-2.png","contentUrl":"https:\/\/courssilpleut.com\/wp-content\/uploads\/2024\/03\/hippack_fanion_portrait_Plan-de-travail-1-copie-2.png","width":4501,"height":5626},{"@type":"BreadcrumbList","@id":"https:\/\/courssilpleut.com\/shop\/bags\/custom-tilt-hip-pack\/#breadcrumb","itemListElement":[{"@type":"ListItem","position":1,"name":"Home","item":"https:\/\/courssilpleut.com\/"},{"@type":"ListItem","position":2,"name":"Store","item":"https:\/\/courssilpleut.com\/fr\/store\/"},{"@type":"ListItem","position":3,"name":"Custom 4.5L Tilt hip pack"}]},{"@type":"WebSite","@id":"https:\/\/courssilpleut.com\/#website","url":"https:\/\/courssilpleut.com\/","name":"Cours s'il pleut","description":"Outdoor equipment for near and far ventures, made on a small scale in France | Equipements outdoor artisanaux con\u00e7us et confectionn\u00e9s en France","publisher":{"@id":"https:\/\/courssilpleut.com\/#organization"},"potentialAction":[{"@type":"SearchAction","target":{"@type":"EntryPoint","urlTemplate":"https:\/\/courssilpleut.com\/?s={search_term_string}"},"query-input":{"@type":"PropertyValueSpecification","valueRequired":true,"valueName":"search_term_string"}}],"inLanguage":"fr-FR"},{"@type":"Organization","@id":"https:\/\/courssilpleut.com\/#organization","name":"Cours s'il pleut","url":"https:\/\/courssilpleut.com\/","logo":{"@type":"ImageObject","inLanguage":"fr-FR","@id":"https:\/\/courssilpleut.com\/#\/schema\/logo\/image\/","url":"https:\/\/courssilpleut.com\/wp-content\/uploads\/2023\/08\/logo_courssilpleut_Plan-de-travail-1-2.svg","contentUrl":"https:\/\/courssilpleut.com\/wp-content\/uploads\/2023\/08\/logo_courssilpleut_Plan-de-travail-1-2.svg","width":500,"height":300,"caption":"Cours s'il pleut"},"image":{"@id":"https:\/\/courssilpleut.com\/#\/schema\/logo\/image\/"},"sameAs":["https:\/\/www.instagram.com\/courssilpleut\/"]}]}},"_links":{"self":[{"href":"https:\/\/courssilpleut.com\/fr\/wp-json\/wp\/v2\/product\/414","targetHints":{"allow":["GET"]}}],"collection":[{"href":"https:\/\/courssilpleut.com\/fr\/wp-json\/wp\/v2\/product"}],"about":[{"href":"https:\/\/courssilpleut.com\/fr\/wp-json\/wp\/v2\/types\/product"}],"version-history":[{"count":21,"href":"https:\/\/courssilpleut.com\/fr\/wp-json\/wp\/v2\/product\/414\/revisions"}],"predecessor-version":[{"id":7447,"href":"https:\/\/courssilpleut.com\/fr\/wp-json\/wp\/v2\/product\/414\/revisions\/7447"}],"wp:featuredmedia":[{"embeddable":true,"href":"https:\/\/courssilpleut.com\/fr\/wp-json\/wp\/v2\/media\/3718"}],"wp:attachment":[{"href":"https:\/\/courssilpleut.com\/fr\/wp-json\/wp\/v2\/media?parent=414"}],"wp:term":[{"taxonomy":"product_brand","embeddable":true,"href":"https:\/\/courssilpleut.com\/fr\/wp-json\/wp\/v2\/product_brand?post=414"},{"taxonomy":"product_cat","embeddable":true,"href":"https:\/\/courssilpleut.com\/fr\/wp-json\/wp\/v2\/product_cat?post=414"},{"taxonomy":"product_tag","embeddable":true,"href":"https:\/\/courssilpleut.com\/fr\/wp-json\/wp\/v2\/product_tag?post=414"}],"curies":[{"name":"wp","href":"https:\/\/api.w.org\/{rel}","templated":true}]}}