{"id":4088,"date":"2024-03-26T14:46:50","date_gmt":"2024-03-26T13:46:50","guid":{"rendered":"https:\/\/courssilpleut.com\/?post_type=product&#038;p=4088"},"modified":"2025-11-15T21:33:54","modified_gmt":"2025-11-15T20:33:54","slug":"custom-1l-stem-bag","status":"publish","type":"product","link":"https:\/\/courssilpleut.com\/fr\/shop\/bags\/custom-1l-stem-bag\/","title":{"rendered":"Sacoche de potence 1L personnalis\u00e9e"},"content":{"rendered":"<div class=\"elementor-widget-container\">\n<p><span data-contrast=\"auto\">La sacoche de potence 1L a \u00e9t\u00e9 pens\u00e9e pour contenir une bouteille d'un litre, un petit appareil photo ou un en-cas g\u00e9n\u00e9reux. C'est une sacoche qui reste sur nos v\u00e9los toute l'ann\u00e9e, qui permet d'avoir les essentiels \u00e0 port\u00e9e de main lors de voyages et de trajets quotidiens. <\/span><\/p>\n<\/div>\n<pre style=\"padding-left: 40px;\"><em><strong>\u2014 confectionn\u00e9e \u00e0 la commande avec des mat\u00e9riaux robustes et imperm\u00e9ables<\/strong><\/em><em><strong>\r\n\u2014 deux options de poches : plates bilat\u00e9rales ou \u00e9lastiqu\u00e9e unilat\u00e9rale <\/strong><strong>\r\n\u2014 volum\u00e9trie d'un litre<\/strong><\/em>\r\n\r\n<a href=\"https:\/\/courssilpleut.com\/fr\/1l-stem-bag\/\">description compl\u00e8te<\/a>\r\n\r\nconfectionn\u00e9 \u00e0 la main \u00e0 l'atelier, en France\r\n\r\n<\/pre>","protected":false},"excerpt":{"rendered":"<div class=\"elementor-element elementor-element-5e056021 elementor-widget elementor-widget-text-editor\" data-id=\"5e056021\" data-element_type=\"widget\" data-widget_type=\"text-editor.default\">\n<div class=\"elementor-widget-container\">\n<p>&nbsp;<\/p>\n<p><span data-contrast=\"auto\">La sacoche de potence 1L a \u00e9t\u00e9 pens\u00e9e pour contenir une bouteille d'un litre, un petit appareil photo ou un en-cas g\u00e9n\u00e9reux. C'est une sacoche qui reste sur nos v\u00e9los toute l'ann\u00e9e, qui permet d'avoir les essentiels \u00e0 port\u00e9e de main lors de voyages et de trajets quotidiens. <\/span><\/p>\n<\/div>\n<pre style=\"padding-left: 40px;\"><em><strong>\u2014 confectionn\u00e9e \u00e0 la commande avec des mat\u00e9riaux robustes et imperm\u00e9ables<\/strong><\/em><em><strong>\r\n\u2014 deux options de poches : plates bilat\u00e9rales ou \u00e9lastiqu\u00e9e unilat\u00e9rale <\/strong><strong>\r\n\u2014 volum\u00e9trie d'un litre<\/strong><\/em>\r\n\r\n<a href=\"https:\/\/courssilpleut.com\/fr\/1l-stem-bag\/\">description compl\u00e8te<\/a>\r\n\r\nconfectionn\u00e9 \u00e0 la main \u00e0 l'atelier, en France\r\n\r\n\r\n<\/pre>\n<\/div>","protected":false},"featured_media":3701,"template":"","meta":[],"product_brand":[],"product_cat":[32,40],"product_tag":[],"class_list":{"0":"post-4088","1":"product","2":"type-product","3":"status-publish","4":"has-post-thumbnail","6":"product_cat-bags","7":"product_cat-made-to-order","8":"product_shipping_class-small-parcel","10":"first","11":"instock","12":"shipping-taxable","13":"purchasable","14":"product-type-simple"},"yoast_head":"<!-- This site is optimized with the Yoast SEO plugin v26.6 - https:\/\/yoast.com\/wordpress\/plugins\/seo\/ -->\n<title>Custom 1L stem bag - Cours s&#039;il pleut<\/title>\n<meta name=\"description\" content=\"Custom 1L stem bag, for carrying snacks, a camera and other small items. Made-to-order with durable and waterproof fabrics and closed-cell foam padding.\" \/>\n<meta name=\"robots\" content=\"index, follow, max-snippet:-1, max-image-preview:large, max-video-preview:-1\" \/>\n<link rel=\"canonical\" href=\"https:\/\/courssilpleut.com\/fr\/shop\/bags\/custom-1l-stem-bag\/\" \/>\n<meta property=\"og:locale\" content=\"fr_FR\" \/>\n<meta property=\"og:type\" content=\"article\" \/>\n<meta property=\"og:title\" content=\"Custom 1L stem bag - Cours s&#039;il pleut\" \/>\n<meta property=\"og:description\" content=\"Custom 1L stem bag, for carrying snacks, a camera and other small items. Made-to-order with durable and waterproof fabrics and closed-cell foam padding.\" \/>\n<meta property=\"og:url\" content=\"https:\/\/courssilpleut.com\/fr\/shop\/bags\/custom-1l-stem-bag\/\" \/>\n<meta property=\"og:site_name\" content=\"Cours s&#039;il pleut\" \/>\n<meta property=\"article:modified_time\" content=\"2025-11-15T20:33:54+00:00\" \/>\n<meta property=\"og:image\" content=\"https:\/\/courssilpleut.com\/wp-content\/uploads\/2024\/03\/stembag_Plan-de-travail-1-copie-2-1.png\" \/>\n\t<meta property=\"og:image:width\" content=\"4501\" \/>\n\t<meta property=\"og:image:height\" content=\"5626\" \/>\n\t<meta property=\"og:image:type\" content=\"image\/png\" \/>\n<meta name=\"twitter:card\" content=\"summary_large_image\" \/>\n<meta name=\"twitter:label1\" content=\"Dur\u00e9e de lecture estim\u00e9e\" \/>\n\t<meta name=\"twitter:data1\" content=\"1 minute\" \/>\n<script type=\"application\/ld+json\" class=\"yoast-schema-graph\">{\"@context\":\"https:\/\/schema.org\",\"@graph\":[{\"@type\":\"WebPage\",\"@id\":\"https:\/\/courssilpleut.com\/shop\/bags\/custom-1l-stem-bag\/\",\"url\":\"https:\/\/courssilpleut.com\/shop\/bags\/custom-1l-stem-bag\/\",\"name\":\"Custom 1L stem bag - Cours s&#039;il pleut\",\"isPartOf\":{\"@id\":\"https:\/\/courssilpleut.com\/#website\"},\"primaryImageOfPage\":{\"@id\":\"https:\/\/courssilpleut.com\/shop\/bags\/custom-1l-stem-bag\/#primaryimage\"},\"image\":{\"@id\":\"https:\/\/courssilpleut.com\/shop\/bags\/custom-1l-stem-bag\/#primaryimage\"},\"thumbnailUrl\":\"https:\/\/courssilpleut.com\/wp-content\/uploads\/2024\/03\/stembag_Plan-de-travail-1-copie-2-1.png\",\"datePublished\":\"2024-03-26T13:46:50+00:00\",\"dateModified\":\"2025-11-15T20:33:54+00:00\",\"description\":\"Custom 1L stem bag, for carrying snacks, a camera and other small items. Made-to-order with durable and waterproof fabrics and closed-cell foam padding.\",\"breadcrumb\":{\"@id\":\"https:\/\/courssilpleut.com\/shop\/bags\/custom-1l-stem-bag\/#breadcrumb\"},\"inLanguage\":\"fr-FR\",\"potentialAction\":[{\"@type\":\"ReadAction\",\"target\":[\"https:\/\/courssilpleut.com\/shop\/bags\/custom-1l-stem-bag\/\"]}]},{\"@type\":\"ImageObject\",\"inLanguage\":\"fr-FR\",\"@id\":\"https:\/\/courssilpleut.com\/shop\/bags\/custom-1l-stem-bag\/#primaryimage\",\"url\":\"https:\/\/courssilpleut.com\/wp-content\/uploads\/2024\/03\/stembag_Plan-de-travail-1-copie-2-1.png\",\"contentUrl\":\"https:\/\/courssilpleut.com\/wp-content\/uploads\/2024\/03\/stembag_Plan-de-travail-1-copie-2-1.png\",\"width\":4501,\"height\":5626},{\"@type\":\"BreadcrumbList\",\"@id\":\"https:\/\/courssilpleut.com\/shop\/bags\/custom-1l-stem-bag\/#breadcrumb\",\"itemListElement\":[{\"@type\":\"ListItem\",\"position\":1,\"name\":\"Home\",\"item\":\"https:\/\/courssilpleut.com\/\"},{\"@type\":\"ListItem\",\"position\":2,\"name\":\"Store\",\"item\":\"https:\/\/courssilpleut.com\/fr\/store\/\"},{\"@type\":\"ListItem\",\"position\":3,\"name\":\"Custom 1L stem bag\"}]},{\"@type\":\"WebSite\",\"@id\":\"https:\/\/courssilpleut.com\/#website\",\"url\":\"https:\/\/courssilpleut.com\/\",\"name\":\"Cours s'il pleut\",\"description\":\"Outdoor equipment for near and far ventures, made on a small scale in France | Equipements outdoor artisanaux con\u00e7us et confectionn\u00e9s en France\",\"publisher\":{\"@id\":\"https:\/\/courssilpleut.com\/#organization\"},\"potentialAction\":[{\"@type\":\"SearchAction\",\"target\":{\"@type\":\"EntryPoint\",\"urlTemplate\":\"https:\/\/courssilpleut.com\/?s={search_term_string}\"},\"query-input\":{\"@type\":\"PropertyValueSpecification\",\"valueRequired\":true,\"valueName\":\"search_term_string\"}}],\"inLanguage\":\"fr-FR\"},{\"@type\":\"Organization\",\"@id\":\"https:\/\/courssilpleut.com\/#organization\",\"name\":\"Cours s'il pleut\",\"url\":\"https:\/\/courssilpleut.com\/\",\"logo\":{\"@type\":\"ImageObject\",\"inLanguage\":\"fr-FR\",\"@id\":\"https:\/\/courssilpleut.com\/#\/schema\/logo\/image\/\",\"url\":\"https:\/\/courssilpleut.com\/wp-content\/uploads\/2023\/08\/logo_courssilpleut_Plan-de-travail-1-2.svg\",\"contentUrl\":\"https:\/\/courssilpleut.com\/wp-content\/uploads\/2023\/08\/logo_courssilpleut_Plan-de-travail-1-2.svg\",\"width\":500,\"height\":300,\"caption\":\"Cours s'il pleut\"},\"image\":{\"@id\":\"https:\/\/courssilpleut.com\/#\/schema\/logo\/image\/\"},\"sameAs\":[\"https:\/\/www.instagram.com\/courssilpleut\/\"]}]}<\/script>\n<!-- \/ Yoast SEO plugin. -->","yoast_head_json":{"title":"Custom 1L stem bag - Cours s&#039;il pleut","description":"Custom 1L stem bag, for carrying snacks, a camera and other small items. Made-to-order with durable and waterproof fabrics and closed-cell foam padding.","robots":{"index":"index","follow":"follow","max-snippet":"max-snippet:-1","max-image-preview":"max-image-preview:large","max-video-preview":"max-video-preview:-1"},"canonical":"https:\/\/courssilpleut.com\/fr\/shop\/bags\/custom-1l-stem-bag\/","og_locale":"fr_FR","og_type":"article","og_title":"Custom 1L stem bag - Cours s&#039;il pleut","og_description":"Custom 1L stem bag, for carrying snacks, a camera and other small items. Made-to-order with durable and waterproof fabrics and closed-cell foam padding.","og_url":"https:\/\/courssilpleut.com\/fr\/shop\/bags\/custom-1l-stem-bag\/","og_site_name":"Cours s&#039;il pleut","article_modified_time":"2025-11-15T20:33:54+00:00","og_image":[{"width":4501,"height":5626,"url":"https:\/\/courssilpleut.com\/wp-content\/uploads\/2024\/03\/stembag_Plan-de-travail-1-copie-2-1.png","type":"image\/png"}],"twitter_card":"summary_large_image","twitter_misc":{"Dur\u00e9e de lecture estim\u00e9e":"1 minute"},"schema":{"@context":"https:\/\/schema.org","@graph":[{"@type":"WebPage","@id":"https:\/\/courssilpleut.com\/shop\/bags\/custom-1l-stem-bag\/","url":"https:\/\/courssilpleut.com\/shop\/bags\/custom-1l-stem-bag\/","name":"Custom 1L stem bag - Cours s&#039;il pleut","isPartOf":{"@id":"https:\/\/courssilpleut.com\/#website"},"primaryImageOfPage":{"@id":"https:\/\/courssilpleut.com\/shop\/bags\/custom-1l-stem-bag\/#primaryimage"},"image":{"@id":"https:\/\/courssilpleut.com\/shop\/bags\/custom-1l-stem-bag\/#primaryimage"},"thumbnailUrl":"https:\/\/courssilpleut.com\/wp-content\/uploads\/2024\/03\/stembag_Plan-de-travail-1-copie-2-1.png","datePublished":"2024-03-26T13:46:50+00:00","dateModified":"2025-11-15T20:33:54+00:00","description":"Custom 1L stem bag, for carrying snacks, a camera and other small items. Made-to-order with durable and waterproof fabrics and closed-cell foam padding.","breadcrumb":{"@id":"https:\/\/courssilpleut.com\/shop\/bags\/custom-1l-stem-bag\/#breadcrumb"},"inLanguage":"fr-FR","potentialAction":[{"@type":"ReadAction","target":["https:\/\/courssilpleut.com\/shop\/bags\/custom-1l-stem-bag\/"]}]},{"@type":"ImageObject","inLanguage":"fr-FR","@id":"https:\/\/courssilpleut.com\/shop\/bags\/custom-1l-stem-bag\/#primaryimage","url":"https:\/\/courssilpleut.com\/wp-content\/uploads\/2024\/03\/stembag_Plan-de-travail-1-copie-2-1.png","contentUrl":"https:\/\/courssilpleut.com\/wp-content\/uploads\/2024\/03\/stembag_Plan-de-travail-1-copie-2-1.png","width":4501,"height":5626},{"@type":"BreadcrumbList","@id":"https:\/\/courssilpleut.com\/shop\/bags\/custom-1l-stem-bag\/#breadcrumb","itemListElement":[{"@type":"ListItem","position":1,"name":"Home","item":"https:\/\/courssilpleut.com\/"},{"@type":"ListItem","position":2,"name":"Store","item":"https:\/\/courssilpleut.com\/fr\/store\/"},{"@type":"ListItem","position":3,"name":"Custom 1L stem bag"}]},{"@type":"WebSite","@id":"https:\/\/courssilpleut.com\/#website","url":"https:\/\/courssilpleut.com\/","name":"Cours s'il pleut","description":"Outdoor equipment for near and far ventures, made on a small scale in France | Equipements outdoor artisanaux con\u00e7us et confectionn\u00e9s en France","publisher":{"@id":"https:\/\/courssilpleut.com\/#organization"},"potentialAction":[{"@type":"SearchAction","target":{"@type":"EntryPoint","urlTemplate":"https:\/\/courssilpleut.com\/?s={search_term_string}"},"query-input":{"@type":"PropertyValueSpecification","valueRequired":true,"valueName":"search_term_string"}}],"inLanguage":"fr-FR"},{"@type":"Organization","@id":"https:\/\/courssilpleut.com\/#organization","name":"Cours s'il pleut","url":"https:\/\/courssilpleut.com\/","logo":{"@type":"ImageObject","inLanguage":"fr-FR","@id":"https:\/\/courssilpleut.com\/#\/schema\/logo\/image\/","url":"https:\/\/courssilpleut.com\/wp-content\/uploads\/2023\/08\/logo_courssilpleut_Plan-de-travail-1-2.svg","contentUrl":"https:\/\/courssilpleut.com\/wp-content\/uploads\/2023\/08\/logo_courssilpleut_Plan-de-travail-1-2.svg","width":500,"height":300,"caption":"Cours s'il pleut"},"image":{"@id":"https:\/\/courssilpleut.com\/#\/schema\/logo\/image\/"},"sameAs":["https:\/\/www.instagram.com\/courssilpleut\/"]}]}},"_links":{"self":[{"href":"https:\/\/courssilpleut.com\/fr\/wp-json\/wp\/v2\/product\/4088","targetHints":{"allow":["GET"]}}],"collection":[{"href":"https:\/\/courssilpleut.com\/fr\/wp-json\/wp\/v2\/product"}],"about":[{"href":"https:\/\/courssilpleut.com\/fr\/wp-json\/wp\/v2\/types\/product"}],"version-history":[{"count":4,"href":"https:\/\/courssilpleut.com\/fr\/wp-json\/wp\/v2\/product\/4088\/revisions"}],"predecessor-version":[{"id":5168,"href":"https:\/\/courssilpleut.com\/fr\/wp-json\/wp\/v2\/product\/4088\/revisions\/5168"}],"wp:featuredmedia":[{"embeddable":true,"href":"https:\/\/courssilpleut.com\/fr\/wp-json\/wp\/v2\/media\/3701"}],"wp:attachment":[{"href":"https:\/\/courssilpleut.com\/fr\/wp-json\/wp\/v2\/media?parent=4088"}],"wp:term":[{"taxonomy":"product_brand","embeddable":true,"href":"https:\/\/courssilpleut.com\/fr\/wp-json\/wp\/v2\/product_brand?post=4088"},{"taxonomy":"product_cat","embeddable":true,"href":"https:\/\/courssilpleut.com\/fr\/wp-json\/wp\/v2\/product_cat?post=4088"},{"taxonomy":"product_tag","embeddable":true,"href":"https:\/\/courssilpleut.com\/fr\/wp-json\/wp\/v2\/product_tag?post=4088"}],"curies":[{"name":"wp","href":"https:\/\/api.w.org\/{rel}","templated":true}]}}