{"id":387,"date":"2023-08-04T13:32:44","date_gmt":"2023-08-04T12:32:44","guid":{"rendered":"https:\/\/courssilpleut.com\/?post_type=product&#038;p=387"},"modified":"2026-03-12T10:19:19","modified_gmt":"2026-03-12T09:19:19","slug":"custom-wrap-pants","status":"publish","type":"product","link":"https:\/\/courssilpleut.com\/fr\/shop\/apparel\/custom-wrap-pants\/","title":{"rendered":"Pantalon Wrap"},"content":{"rendered":"<p><span data-contrast=\"auto\">Le pantalon Wrap est une pi\u00e8ce l\u00e9g\u00e8re qui a \u00e9t\u00e9 pens\u00e9e pour \u00eatre port\u00e9e au bivouac, apr\u00e8s une longue journ\u00e9e sur le v\u00e9lo, dans le train du retour des montagnes ou dans une descente un peu fraiche. Pesant en moyenne 150g, il est compact, l\u00e9ger, solide et confortable, ce qui le rend id\u00e9al \u00e0 garder au fond de la sacoche en tout temps.<\/span><span data-ccp-props=\"{&quot;201341983&quot;:0,&quot;335559739&quot;:160,&quot;335559740&quot;:259}\">\u00a0<\/span><\/p>\n<div class=\"elementor-element elementor-element-8a540c5 e-flex e-con-boxed e-con\" data-id=\"8a540c5\" data-element_type=\"container\" data-settings=\"{&quot;content_width&quot;:&quot;boxed&quot;}\">\n<div class=\"e-con-inner\">\n<div class=\"elementor-element elementor-element-38c45fd1 elementor-widget elementor-widget-text-editor\" data-id=\"38c45fd1\" data-element_type=\"widget\" data-widget_type=\"text-editor.default\">\n<div class=\"elementor-widget-container\">\n<pre style=\"padding-left: 40px;\"><em><strong>\u2014 disponible de la taille 65 \u00e0 92 (correspondant au tour de taille)<\/strong><\/em><em><strong>\r\n\u2014 option entrejambe longue\n\u2014 construction avec une unique couture\r\n\r\n<\/strong><\/em><\/pre>\n<\/div>\n<\/div>\n<\/div>\n<\/div>\n<p style=\"padding-left: 40px;\"><a href=\"https:\/\/courssilpleut.com\/fr\/wrap-pants\/\">description compl\u00e8te<\/a><\/p>\n<p>&nbsp;<\/p>\n<p>confectionn\u00e9 \u00e0 la main \u00e0 l'atelier, en France<\/p>\n<p>&nbsp;<\/p>","protected":false},"excerpt":{"rendered":"<p><script>(function() {\n\twindow.mc4wp = window.mc4wp || {\n\t\tlisteners: [],\n\t\tforms: {\n\t\t\ton: function(evt, cb) {\n\t\t\t\twindow.mc4wp.listeners.push(\n\t\t\t\t\t{\n\t\t\t\t\t\tevent   : evt,\n\t\t\t\t\t\tcallback: cb\n\t\t\t\t\t}\n\t\t\t\t);\n\t\t\t}\n\t\t}\n\t}\n})();\n<\/script><!-- Mailchimp for WordPress v4.10.9 - https:\/\/wordpress.org\/plugins\/mailchimp-for-wp\/ --><\/p>\n<form id=\"mc4wp-form-1\" class=\"mc4wp-form mc4wp-form-997 mc4wp-form-basic\" method=\"post\" data-id=\"997\" data-name=\"Back in stock notification\" action=\"\" >\n<div class=\"mc4wp-form-fields\">\n<p style=\"border-width:1px; border-style:dashed; border-color:#0033cc; padding: 1em;text-indent:0;line-height:2em;letter-spacing:1.5px;word-spacing:3px;font-size:10px;\">\n  <i>en rupture de stock<br \/>\n    pour recevoir une mise \u00e0 jour des stocks :<br \/><\/i><br \/>\n  <input type=\"email\" name=\"EMAIL\" placeholder=\"email address (required)\" required \/><br \/>\n\t<input type=\"submit\" value=\"Sign up\" style=\"border-width:1px; border-style:solid; border-color:#0033cc; padding: 0.5em;text-indent:0;line-height:2em;letter-spacing:1.5px; word-spacing:3px; font-size:10px; color:#0033cc;\" onmouseover=\"this.style.background='#0033cc';this.style.color='#fff';\" onmouseout=\"this.style.background='#fff';this.style.color='#0033cc';\" \/><\/p>\n<\/div>\n<p><label style=\"display: none !important;\">Laissez ce champ vide si vous \u00eates humain\u00a0: <input type=\"text\" name=\"_mc4wp_honeypot\" value=\"\" tabindex=\"-1\" autocomplete=\"off\" \/><\/label><input type=\"hidden\" name=\"_mc4wp_timestamp\" value=\"1775710385\" \/><input type=\"hidden\" name=\"_mc4wp_form_id\" value=\"997\" \/><input type=\"hidden\" name=\"_mc4wp_form_element_id\" value=\"mc4wp-form-1\" \/><\/p>\n<div class=\"mc4wp-response\"><\/div>\n<input type=\"hidden\" name=\"trp-form-language\" value=\"fr\"\/><\/form>\n<p><!-- \/ Mailchimp for WordPress Plugin --><\/p>\n<p><!-- \/ Mailchimp for WordPress Plugin --><\/p>\n<p><!-- \/ Mailchimp for WordPress Plugin --><\/p>\n<p><!-- \/ Mailchimp for WordPress Plugin --><\/p>\n<p>&#8211;<\/p>\n<p><span data-contrast=\"auto\">Le pantalon Wrap est une pi\u00e8ce l\u00e9g\u00e8re qui a \u00e9t\u00e9 pens\u00e9e pour \u00eatre port\u00e9e au bivouac, apr\u00e8s une longue journ\u00e9e sur le v\u00e9lo, dans le train du retour des montagnes ou dans une descente un peu fraiche. Pesant en moyenne 150g, il est compact, l\u00e9ger, solide et confortable, ce qui le rend id\u00e9al \u00e0 garder au fond de la sacoche en tout temps.<\/span><span data-ccp-props=\"{&quot;201341983&quot;:0,&quot;335559739&quot;:160,&quot;335559740&quot;:259}\">\u00a0<\/span><\/p>\n<div class=\"elementor-element elementor-element-8a540c5 e-flex e-con-boxed e-con\" data-id=\"8a540c5\" data-element_type=\"container\" data-settings=\"{&quot;content_width&quot;:&quot;boxed&quot;}\">\n<div class=\"e-con-inner\">\n<div class=\"elementor-element elementor-element-38c45fd1 elementor-widget elementor-widget-text-editor\" data-id=\"38c45fd1\" data-element_type=\"widget\" data-widget_type=\"text-editor.default\">\n<div class=\"elementor-widget-container\">\n<pre style=\"padding-left: 40px;\"><em><strong>\u2014 disponible de la taille 65 \u00e0 92 (correspondant au tour de taille)<\/strong><\/em><em><strong>\r\n\u2014 option entrejambe longue\n\u2014 construction avec une unique couture\r\n\r\n<\/strong><\/em><\/pre>\n<\/div>\n<\/div>\n<\/div>\n<\/div>\n<p style=\"padding-left: 40px;\"><a href=\"https:\/\/courssilpleut.com\/fr\/wrap-pants\/\">description compl\u00e8te<\/a><\/p>\n<p>&nbsp;<\/p>\n<p>confectionn\u00e9 \u00e0 la main \u00e0 l'atelier, en France<\/p>\n<p>&nbsp;<\/p>","protected":false},"featured_media":3771,"template":"","meta":[],"product_brand":[],"product_cat":[33,40],"product_tag":[],"class_list":{"0":"post-387","1":"product","2":"type-product","3":"status-publish","4":"has-post-thumbnail","6":"product_cat-apparel","7":"product_cat-made-to-order","8":"product_shipping_class-small-parcel","10":"first","11":"outofstock","12":"shipping-taxable","13":"purchasable","14":"product-type-variable"},"yoast_head":"<!-- This site is optimized with the Yoast SEO plugin v26.6 - https:\/\/yoast.com\/wordpress\/plugins\/seo\/ -->\n<title>Custom Wrap pants - Cours s&#039;il pleut<\/title>\n<meta name=\"description\" content=\"The Wrap Pants are a lightweight pair of trousers designed to be worn at camp, on the train or when the temperatures get a chilly. 150g in size 75.\" \/>\n<meta name=\"robots\" content=\"index, follow, max-snippet:-1, max-image-preview:large, max-video-preview:-1\" \/>\n<link rel=\"canonical\" href=\"https:\/\/courssilpleut.com\/fr\/shop\/apparel\/custom-wrap-pants\/\" \/>\n<meta property=\"og:locale\" content=\"fr_FR\" \/>\n<meta property=\"og:type\" content=\"article\" \/>\n<meta property=\"og:title\" content=\"Custom Wrap pants - Cours s&#039;il pleut\" \/>\n<meta property=\"og:description\" content=\"The Wrap Pants are a lightweight pair of trousers designed to be worn at camp, on the train or when the temperatures get a chilly. 150g in size 75.\" \/>\n<meta property=\"og:url\" content=\"https:\/\/courssilpleut.com\/fr\/shop\/apparel\/custom-wrap-pants\/\" \/>\n<meta property=\"og:site_name\" content=\"Cours s&#039;il pleut\" \/>\n<meta property=\"article:modified_time\" content=\"2026-03-12T09:19:19+00:00\" \/>\n<meta property=\"og:image\" content=\"https:\/\/courssilpleut.com\/wp-content\/uploads\/2024\/03\/wrappants_Plan-de-travail-1-copie.png\" \/>\n\t<meta property=\"og:image:width\" content=\"4501\" \/>\n\t<meta property=\"og:image:height\" content=\"5625\" \/>\n\t<meta property=\"og:image:type\" content=\"image\/png\" \/>\n<meta name=\"twitter:card\" content=\"summary_large_image\" \/>\n<meta name=\"twitter:label1\" content=\"Dur\u00e9e de lecture estim\u00e9e\" \/>\n\t<meta name=\"twitter:data1\" content=\"1 minute\" \/>\n<script type=\"application\/ld+json\" class=\"yoast-schema-graph\">{\"@context\":\"https:\/\/schema.org\",\"@graph\":[{\"@type\":\"WebPage\",\"@id\":\"https:\/\/courssilpleut.com\/shop\/apparel\/custom-wrap-pants\/\",\"url\":\"https:\/\/courssilpleut.com\/shop\/apparel\/custom-wrap-pants\/\",\"name\":\"Custom Wrap pants - Cours s&#039;il pleut\",\"isPartOf\":{\"@id\":\"https:\/\/courssilpleut.com\/#website\"},\"primaryImageOfPage\":{\"@id\":\"https:\/\/courssilpleut.com\/shop\/apparel\/custom-wrap-pants\/#primaryimage\"},\"image\":{\"@id\":\"https:\/\/courssilpleut.com\/shop\/apparel\/custom-wrap-pants\/#primaryimage\"},\"thumbnailUrl\":\"https:\/\/courssilpleut.com\/wp-content\/uploads\/2024\/03\/wrappants_Plan-de-travail-1-copie.png\",\"datePublished\":\"2023-08-04T12:32:44+00:00\",\"dateModified\":\"2026-03-12T09:19:19+00:00\",\"description\":\"The Wrap Pants are a lightweight pair of trousers designed to be worn at camp, on the train or when the temperatures get a chilly. 150g in size 75.\",\"breadcrumb\":{\"@id\":\"https:\/\/courssilpleut.com\/shop\/apparel\/custom-wrap-pants\/#breadcrumb\"},\"inLanguage\":\"fr-FR\",\"potentialAction\":[{\"@type\":\"ReadAction\",\"target\":[\"https:\/\/courssilpleut.com\/shop\/apparel\/custom-wrap-pants\/\"]}]},{\"@type\":\"ImageObject\",\"inLanguage\":\"fr-FR\",\"@id\":\"https:\/\/courssilpleut.com\/shop\/apparel\/custom-wrap-pants\/#primaryimage\",\"url\":\"https:\/\/courssilpleut.com\/wp-content\/uploads\/2024\/03\/wrappants_Plan-de-travail-1-copie.png\",\"contentUrl\":\"https:\/\/courssilpleut.com\/wp-content\/uploads\/2024\/03\/wrappants_Plan-de-travail-1-copie.png\",\"width\":4501,\"height\":5625,\"caption\":\"custom wrap pants\"},{\"@type\":\"BreadcrumbList\",\"@id\":\"https:\/\/courssilpleut.com\/shop\/apparel\/custom-wrap-pants\/#breadcrumb\",\"itemListElement\":[{\"@type\":\"ListItem\",\"position\":1,\"name\":\"Home\",\"item\":\"https:\/\/courssilpleut.com\/\"},{\"@type\":\"ListItem\",\"position\":2,\"name\":\"Store\",\"item\":\"https:\/\/courssilpleut.com\/fr\/store\/\"},{\"@type\":\"ListItem\",\"position\":3,\"name\":\"Custom Wrap pants\"}]},{\"@type\":\"WebSite\",\"@id\":\"https:\/\/courssilpleut.com\/#website\",\"url\":\"https:\/\/courssilpleut.com\/\",\"name\":\"Cours s'il pleut\",\"description\":\"Outdoor equipment for near and far ventures, made on a small scale in France | Equipements outdoor artisanaux con\u00e7us et confectionn\u00e9s en France\",\"publisher\":{\"@id\":\"https:\/\/courssilpleut.com\/#organization\"},\"potentialAction\":[{\"@type\":\"SearchAction\",\"target\":{\"@type\":\"EntryPoint\",\"urlTemplate\":\"https:\/\/courssilpleut.com\/?s={search_term_string}\"},\"query-input\":{\"@type\":\"PropertyValueSpecification\",\"valueRequired\":true,\"valueName\":\"search_term_string\"}}],\"inLanguage\":\"fr-FR\"},{\"@type\":\"Organization\",\"@id\":\"https:\/\/courssilpleut.com\/#organization\",\"name\":\"Cours s'il pleut\",\"url\":\"https:\/\/courssilpleut.com\/\",\"logo\":{\"@type\":\"ImageObject\",\"inLanguage\":\"fr-FR\",\"@id\":\"https:\/\/courssilpleut.com\/#\/schema\/logo\/image\/\",\"url\":\"https:\/\/courssilpleut.com\/wp-content\/uploads\/2023\/08\/logo_courssilpleut_Plan-de-travail-1-2.svg\",\"contentUrl\":\"https:\/\/courssilpleut.com\/wp-content\/uploads\/2023\/08\/logo_courssilpleut_Plan-de-travail-1-2.svg\",\"width\":500,\"height\":300,\"caption\":\"Cours s'il pleut\"},\"image\":{\"@id\":\"https:\/\/courssilpleut.com\/#\/schema\/logo\/image\/\"},\"sameAs\":[\"https:\/\/www.instagram.com\/courssilpleut\/\"]}]}<\/script>\n<!-- \/ Yoast SEO plugin. -->","yoast_head_json":{"title":"Custom Wrap pants - Cours s&#039;il pleut","description":"The Wrap Pants are a lightweight pair of trousers designed to be worn at camp, on the train or when the temperatures get a chilly. 150g in size 75.","robots":{"index":"index","follow":"follow","max-snippet":"max-snippet:-1","max-image-preview":"max-image-preview:large","max-video-preview":"max-video-preview:-1"},"canonical":"https:\/\/courssilpleut.com\/fr\/shop\/apparel\/custom-wrap-pants\/","og_locale":"fr_FR","og_type":"article","og_title":"Custom Wrap pants - Cours s&#039;il pleut","og_description":"The Wrap Pants are a lightweight pair of trousers designed to be worn at camp, on the train or when the temperatures get a chilly. 150g in size 75.","og_url":"https:\/\/courssilpleut.com\/fr\/shop\/apparel\/custom-wrap-pants\/","og_site_name":"Cours s&#039;il pleut","article_modified_time":"2026-03-12T09:19:19+00:00","og_image":[{"width":4501,"height":5625,"url":"https:\/\/courssilpleut.com\/wp-content\/uploads\/2024\/03\/wrappants_Plan-de-travail-1-copie.png","type":"image\/png"}],"twitter_card":"summary_large_image","twitter_misc":{"Dur\u00e9e de lecture estim\u00e9e":"1 minute"},"schema":{"@context":"https:\/\/schema.org","@graph":[{"@type":"WebPage","@id":"https:\/\/courssilpleut.com\/shop\/apparel\/custom-wrap-pants\/","url":"https:\/\/courssilpleut.com\/shop\/apparel\/custom-wrap-pants\/","name":"Custom Wrap pants - Cours s&#039;il pleut","isPartOf":{"@id":"https:\/\/courssilpleut.com\/#website"},"primaryImageOfPage":{"@id":"https:\/\/courssilpleut.com\/shop\/apparel\/custom-wrap-pants\/#primaryimage"},"image":{"@id":"https:\/\/courssilpleut.com\/shop\/apparel\/custom-wrap-pants\/#primaryimage"},"thumbnailUrl":"https:\/\/courssilpleut.com\/wp-content\/uploads\/2024\/03\/wrappants_Plan-de-travail-1-copie.png","datePublished":"2023-08-04T12:32:44+00:00","dateModified":"2026-03-12T09:19:19+00:00","description":"The Wrap Pants are a lightweight pair of trousers designed to be worn at camp, on the train or when the temperatures get a chilly. 150g in size 75.","breadcrumb":{"@id":"https:\/\/courssilpleut.com\/shop\/apparel\/custom-wrap-pants\/#breadcrumb"},"inLanguage":"fr-FR","potentialAction":[{"@type":"ReadAction","target":["https:\/\/courssilpleut.com\/shop\/apparel\/custom-wrap-pants\/"]}]},{"@type":"ImageObject","inLanguage":"fr-FR","@id":"https:\/\/courssilpleut.com\/shop\/apparel\/custom-wrap-pants\/#primaryimage","url":"https:\/\/courssilpleut.com\/wp-content\/uploads\/2024\/03\/wrappants_Plan-de-travail-1-copie.png","contentUrl":"https:\/\/courssilpleut.com\/wp-content\/uploads\/2024\/03\/wrappants_Plan-de-travail-1-copie.png","width":4501,"height":5625,"caption":"custom wrap pants"},{"@type":"BreadcrumbList","@id":"https:\/\/courssilpleut.com\/shop\/apparel\/custom-wrap-pants\/#breadcrumb","itemListElement":[{"@type":"ListItem","position":1,"name":"Home","item":"https:\/\/courssilpleut.com\/"},{"@type":"ListItem","position":2,"name":"Store","item":"https:\/\/courssilpleut.com\/fr\/store\/"},{"@type":"ListItem","position":3,"name":"Custom Wrap pants"}]},{"@type":"WebSite","@id":"https:\/\/courssilpleut.com\/#website","url":"https:\/\/courssilpleut.com\/","name":"Cours s'il pleut","description":"Outdoor equipment for near and far ventures, made on a small scale in France | Equipements outdoor artisanaux con\u00e7us et confectionn\u00e9s en France","publisher":{"@id":"https:\/\/courssilpleut.com\/#organization"},"potentialAction":[{"@type":"SearchAction","target":{"@type":"EntryPoint","urlTemplate":"https:\/\/courssilpleut.com\/?s={search_term_string}"},"query-input":{"@type":"PropertyValueSpecification","valueRequired":true,"valueName":"search_term_string"}}],"inLanguage":"fr-FR"},{"@type":"Organization","@id":"https:\/\/courssilpleut.com\/#organization","name":"Cours s'il pleut","url":"https:\/\/courssilpleut.com\/","logo":{"@type":"ImageObject","inLanguage":"fr-FR","@id":"https:\/\/courssilpleut.com\/#\/schema\/logo\/image\/","url":"https:\/\/courssilpleut.com\/wp-content\/uploads\/2023\/08\/logo_courssilpleut_Plan-de-travail-1-2.svg","contentUrl":"https:\/\/courssilpleut.com\/wp-content\/uploads\/2023\/08\/logo_courssilpleut_Plan-de-travail-1-2.svg","width":500,"height":300,"caption":"Cours s'il pleut"},"image":{"@id":"https:\/\/courssilpleut.com\/#\/schema\/logo\/image\/"},"sameAs":["https:\/\/www.instagram.com\/courssilpleut\/"]}]}},"_links":{"self":[{"href":"https:\/\/courssilpleut.com\/fr\/wp-json\/wp\/v2\/product\/387","targetHints":{"allow":["GET"]}}],"collection":[{"href":"https:\/\/courssilpleut.com\/fr\/wp-json\/wp\/v2\/product"}],"about":[{"href":"https:\/\/courssilpleut.com\/fr\/wp-json\/wp\/v2\/types\/product"}],"version-history":[{"count":20,"href":"https:\/\/courssilpleut.com\/fr\/wp-json\/wp\/v2\/product\/387\/revisions"}],"predecessor-version":[{"id":5493,"href":"https:\/\/courssilpleut.com\/fr\/wp-json\/wp\/v2\/product\/387\/revisions\/5493"}],"wp:featuredmedia":[{"embeddable":true,"href":"https:\/\/courssilpleut.com\/fr\/wp-json\/wp\/v2\/media\/3771"}],"wp:attachment":[{"href":"https:\/\/courssilpleut.com\/fr\/wp-json\/wp\/v2\/media?parent=387"}],"wp:term":[{"taxonomy":"product_brand","embeddable":true,"href":"https:\/\/courssilpleut.com\/fr\/wp-json\/wp\/v2\/product_brand?post=387"},{"taxonomy":"product_cat","embeddable":true,"href":"https:\/\/courssilpleut.com\/fr\/wp-json\/wp\/v2\/product_cat?post=387"},{"taxonomy":"product_tag","embeddable":true,"href":"https:\/\/courssilpleut.com\/fr\/wp-json\/wp\/v2\/product_tag?post=387"}],"curies":[{"name":"wp","href":"https:\/\/api.w.org\/{rel}","templated":true}]}}