{"id":3129,"date":"2023-11-17T19:50:00","date_gmt":"2023-11-17T18:50:00","guid":{"rendered":"https:\/\/courssilpleut.com\/?post_type=product&#038;p=3129"},"modified":"2026-01-26T12:33:47","modified_gmt":"2026-01-26T11:33:47","slug":"insulated-oversocks","status":"publish","type":"product","link":"https:\/\/courssilpleut.com\/fr\/shop\/apparel\/insulated-oversocks\/","title":{"rendered":"Surchaussettes matelass\u00e9es"},"content":{"rendered":"<p><strong><em>please note that this is a pre-order. Preorders are open from the 25.10 to the 8.11. Please allow 2-3 weeks for production<\/em><\/strong><\/p>\n<p>&nbsp;<\/p>\n<p>The insulated oversocks are designed to be worn at camp, at home or when working outside in the cold months. They are made with a lightweight ripstop outershell, wool wadding and a soft, light taffetas liner. A printable size guide can be downloaded here<\/p>\n<pre style=\"padding-left: 40px;\"><em><strong>\u2014 available in three sizes : Small, Medium and Large and two wadding options : 60 or 120g\/sqm<\/strong><\/em><em><strong>\r\n\u2014 made with traceable, European wool wadding\r\n\u2014 packable and lightweight\r\n\r\n<\/strong><\/em><a href=\"https:\/\/courssilpleut.com\/fr\/quilted-oversocks\/\">description compl\u00e8te<\/a><\/pre>","protected":false},"excerpt":{"rendered":"<p>&nbsp;<\/p>\n<p><strong><em>please note that this is a pre-order. Please allow 2-3 weeks for production<\/em><\/strong><\/p>\n<p>Les chaussons matelass\u00e9s ont \u00e9t\u00e9 pens\u00e9s pour \u00eatre port\u00e9s au bivouac, \u00e0 la maison ou pour des activit\u00e9s ext\u00e9rieures quand les temp\u00e9ratures se rafraichissent. Ils sont compos\u00e9s d'un tissu ext\u00e9rieur ripstop, de la ouate de laine et une doublure en taffetas l\u00e9ger. Un guide de tailles imprimable peut \u00eatre t\u00e9l\u00e9charg\u00e9 <a href=\"https:\/\/courssilpleut.com\/wp-content\/uploads\/2024\/10\/CSP_guide_oversocks.pdf\">ici<\/a><\/p>\n<pre style=\"padding-left: 40px;\"><em><strong>\u2014 disponibles en trois tailles : S, M et L et 2 \u00e9paisseurs de ouate : 60 et 120g\/m\u00b2<\/strong><\/em><em><strong>\r\n\u2014 compos\u00e9s de ouate de laine europ\u00e9enne tra\u00e7able\n\u2014 compacts et l\u00e9gers\r\n\r\n<\/strong><\/em><a href=\"https:\/\/courssilpleut.com\/fr\/quilted-oversocks\/\">description compl\u00e8te<\/a>\r\n\r\nconfectionn\u00e9 \u00e0 la main \u00e0 l'atelier, en France\r\n\r\n<\/pre>","protected":false},"featured_media":3243,"template":"","meta":[],"product_brand":[],"product_cat":[44,33,40],"product_tag":[],"class_list":{"0":"post-3129","1":"product","2":"type-product","3":"status-publish","4":"has-post-thumbnail","6":"product_cat-accessories","7":"product_cat-apparel","8":"product_cat-made-to-order","10":"first","11":"instock","12":"shipping-taxable","13":"purchasable","14":"product-type-variable"},"yoast_head":"<!-- This site is optimized with the Yoast SEO plugin v26.6 - https:\/\/yoast.com\/wordpress\/plugins\/seo\/ -->\n<title>Insulated oversocks - Cours s&#039;il pleut<\/title>\n<meta name=\"description\" content=\"Insulated oversocks to wear at camp or at home. Light, warm and packable. Made with a DWR ripstop outershell, Lavalan wool wadding and an UL taffetas liner.\" \/>\n<meta name=\"robots\" content=\"index, follow, max-snippet:-1, max-image-preview:large, max-video-preview:-1\" \/>\n<link rel=\"canonical\" href=\"https:\/\/courssilpleut.com\/fr\/shop\/apparel\/insulated-oversocks\/\" \/>\n<meta property=\"og:locale\" content=\"fr_FR\" \/>\n<meta property=\"og:type\" content=\"article\" \/>\n<meta property=\"og:title\" content=\"Insulated oversocks - Cours s&#039;il pleut\" \/>\n<meta property=\"og:description\" content=\"Insulated oversocks to wear at camp or at home. Light, warm and packable. Made with a DWR ripstop outershell, Lavalan wool wadding and an UL taffetas liner.\" \/>\n<meta property=\"og:url\" content=\"https:\/\/courssilpleut.com\/fr\/shop\/apparel\/insulated-oversocks\/\" \/>\n<meta property=\"og:site_name\" content=\"Cours s&#039;il pleut\" \/>\n<meta property=\"article:modified_time\" content=\"2026-01-26T11:33:47+00:00\" \/>\n<meta property=\"og:image\" content=\"https:\/\/courssilpleut.com\/wp-content\/uploads\/2023\/11\/P1197532-2.jpg\" \/>\n\t<meta property=\"og:image:width\" content=\"1080\" \/>\n\t<meta property=\"og:image:height\" content=\"1350\" \/>\n\t<meta property=\"og:image:type\" content=\"image\/jpeg\" \/>\n<meta name=\"twitter:card\" content=\"summary_large_image\" \/>\n<meta name=\"twitter:label1\" content=\"Dur\u00e9e de lecture estim\u00e9e\" \/>\n\t<meta name=\"twitter:data1\" content=\"1 minute\" \/>\n<script type=\"application\/ld+json\" class=\"yoast-schema-graph\">{\"@context\":\"https:\/\/schema.org\",\"@graph\":[{\"@type\":\"WebPage\",\"@id\":\"https:\/\/courssilpleut.com\/shop\/apparel\/insulated-oversocks\/\",\"url\":\"https:\/\/courssilpleut.com\/shop\/apparel\/insulated-oversocks\/\",\"name\":\"Insulated oversocks - Cours s&#039;il pleut\",\"isPartOf\":{\"@id\":\"https:\/\/courssilpleut.com\/#website\"},\"primaryImageOfPage\":{\"@id\":\"https:\/\/courssilpleut.com\/shop\/apparel\/insulated-oversocks\/#primaryimage\"},\"image\":{\"@id\":\"https:\/\/courssilpleut.com\/shop\/apparel\/insulated-oversocks\/#primaryimage\"},\"thumbnailUrl\":\"https:\/\/courssilpleut.com\/wp-content\/uploads\/2023\/11\/P1197532-2.jpg\",\"datePublished\":\"2023-11-17T18:50:00+00:00\",\"dateModified\":\"2026-01-26T11:33:47+00:00\",\"description\":\"Insulated oversocks to wear at camp or at home. Light, warm and packable. Made with a DWR ripstop outershell, Lavalan wool wadding and an UL taffetas liner.\",\"breadcrumb\":{\"@id\":\"https:\/\/courssilpleut.com\/shop\/apparel\/insulated-oversocks\/#breadcrumb\"},\"inLanguage\":\"fr-FR\",\"potentialAction\":[{\"@type\":\"ReadAction\",\"target\":[\"https:\/\/courssilpleut.com\/shop\/apparel\/insulated-oversocks\/\"]}]},{\"@type\":\"ImageObject\",\"inLanguage\":\"fr-FR\",\"@id\":\"https:\/\/courssilpleut.com\/shop\/apparel\/insulated-oversocks\/#primaryimage\",\"url\":\"https:\/\/courssilpleut.com\/wp-content\/uploads\/2023\/11\/P1197532-2.jpg\",\"contentUrl\":\"https:\/\/courssilpleut.com\/wp-content\/uploads\/2023\/11\/P1197532-2.jpg\",\"width\":1080,\"height\":1350},{\"@type\":\"BreadcrumbList\",\"@id\":\"https:\/\/courssilpleut.com\/shop\/apparel\/insulated-oversocks\/#breadcrumb\",\"itemListElement\":[{\"@type\":\"ListItem\",\"position\":1,\"name\":\"Home\",\"item\":\"https:\/\/courssilpleut.com\/\"},{\"@type\":\"ListItem\",\"position\":2,\"name\":\"Store\",\"item\":\"https:\/\/courssilpleut.com\/fr\/store\/\"},{\"@type\":\"ListItem\",\"position\":3,\"name\":\"Insulated oversocks\"}]},{\"@type\":\"WebSite\",\"@id\":\"https:\/\/courssilpleut.com\/#website\",\"url\":\"https:\/\/courssilpleut.com\/\",\"name\":\"Cours s'il pleut\",\"description\":\"Outdoor equipment for near and far ventures, made on a small scale in France | Equipements outdoor artisanaux con\u00e7us et confectionn\u00e9s en France\",\"publisher\":{\"@id\":\"https:\/\/courssilpleut.com\/#organization\"},\"potentialAction\":[{\"@type\":\"SearchAction\",\"target\":{\"@type\":\"EntryPoint\",\"urlTemplate\":\"https:\/\/courssilpleut.com\/?s={search_term_string}\"},\"query-input\":{\"@type\":\"PropertyValueSpecification\",\"valueRequired\":true,\"valueName\":\"search_term_string\"}}],\"inLanguage\":\"fr-FR\"},{\"@type\":\"Organization\",\"@id\":\"https:\/\/courssilpleut.com\/#organization\",\"name\":\"Cours s'il pleut\",\"url\":\"https:\/\/courssilpleut.com\/\",\"logo\":{\"@type\":\"ImageObject\",\"inLanguage\":\"fr-FR\",\"@id\":\"https:\/\/courssilpleut.com\/#\/schema\/logo\/image\/\",\"url\":\"https:\/\/courssilpleut.com\/wp-content\/uploads\/2023\/08\/logo_courssilpleut_Plan-de-travail-1-2.svg\",\"contentUrl\":\"https:\/\/courssilpleut.com\/wp-content\/uploads\/2023\/08\/logo_courssilpleut_Plan-de-travail-1-2.svg\",\"width\":500,\"height\":300,\"caption\":\"Cours s'il pleut\"},\"image\":{\"@id\":\"https:\/\/courssilpleut.com\/#\/schema\/logo\/image\/\"},\"sameAs\":[\"https:\/\/www.instagram.com\/courssilpleut\/\"]}]}<\/script>\n<!-- \/ Yoast SEO plugin. -->","yoast_head_json":{"title":"Insulated oversocks - Cours s&#039;il pleut","description":"Insulated oversocks to wear at camp or at home. Light, warm and packable. Made with a DWR ripstop outershell, Lavalan wool wadding and an UL taffetas liner.","robots":{"index":"index","follow":"follow","max-snippet":"max-snippet:-1","max-image-preview":"max-image-preview:large","max-video-preview":"max-video-preview:-1"},"canonical":"https:\/\/courssilpleut.com\/fr\/shop\/apparel\/insulated-oversocks\/","og_locale":"fr_FR","og_type":"article","og_title":"Insulated oversocks - Cours s&#039;il pleut","og_description":"Insulated oversocks to wear at camp or at home. Light, warm and packable. Made with a DWR ripstop outershell, Lavalan wool wadding and an UL taffetas liner.","og_url":"https:\/\/courssilpleut.com\/fr\/shop\/apparel\/insulated-oversocks\/","og_site_name":"Cours s&#039;il pleut","article_modified_time":"2026-01-26T11:33:47+00:00","og_image":[{"width":1080,"height":1350,"url":"https:\/\/courssilpleut.com\/wp-content\/uploads\/2023\/11\/P1197532-2.jpg","type":"image\/jpeg"}],"twitter_card":"summary_large_image","twitter_misc":{"Dur\u00e9e de lecture estim\u00e9e":"1 minute"},"schema":{"@context":"https:\/\/schema.org","@graph":[{"@type":"WebPage","@id":"https:\/\/courssilpleut.com\/shop\/apparel\/insulated-oversocks\/","url":"https:\/\/courssilpleut.com\/shop\/apparel\/insulated-oversocks\/","name":"Insulated oversocks - Cours s&#039;il pleut","isPartOf":{"@id":"https:\/\/courssilpleut.com\/#website"},"primaryImageOfPage":{"@id":"https:\/\/courssilpleut.com\/shop\/apparel\/insulated-oversocks\/#primaryimage"},"image":{"@id":"https:\/\/courssilpleut.com\/shop\/apparel\/insulated-oversocks\/#primaryimage"},"thumbnailUrl":"https:\/\/courssilpleut.com\/wp-content\/uploads\/2023\/11\/P1197532-2.jpg","datePublished":"2023-11-17T18:50:00+00:00","dateModified":"2026-01-26T11:33:47+00:00","description":"Insulated oversocks to wear at camp or at home. Light, warm and packable. Made with a DWR ripstop outershell, Lavalan wool wadding and an UL taffetas liner.","breadcrumb":{"@id":"https:\/\/courssilpleut.com\/shop\/apparel\/insulated-oversocks\/#breadcrumb"},"inLanguage":"fr-FR","potentialAction":[{"@type":"ReadAction","target":["https:\/\/courssilpleut.com\/shop\/apparel\/insulated-oversocks\/"]}]},{"@type":"ImageObject","inLanguage":"fr-FR","@id":"https:\/\/courssilpleut.com\/shop\/apparel\/insulated-oversocks\/#primaryimage","url":"https:\/\/courssilpleut.com\/wp-content\/uploads\/2023\/11\/P1197532-2.jpg","contentUrl":"https:\/\/courssilpleut.com\/wp-content\/uploads\/2023\/11\/P1197532-2.jpg","width":1080,"height":1350},{"@type":"BreadcrumbList","@id":"https:\/\/courssilpleut.com\/shop\/apparel\/insulated-oversocks\/#breadcrumb","itemListElement":[{"@type":"ListItem","position":1,"name":"Home","item":"https:\/\/courssilpleut.com\/"},{"@type":"ListItem","position":2,"name":"Store","item":"https:\/\/courssilpleut.com\/fr\/store\/"},{"@type":"ListItem","position":3,"name":"Insulated oversocks"}]},{"@type":"WebSite","@id":"https:\/\/courssilpleut.com\/#website","url":"https:\/\/courssilpleut.com\/","name":"Cours s'il pleut","description":"Outdoor equipment for near and far ventures, made on a small scale in France | Equipements outdoor artisanaux con\u00e7us et confectionn\u00e9s en France","publisher":{"@id":"https:\/\/courssilpleut.com\/#organization"},"potentialAction":[{"@type":"SearchAction","target":{"@type":"EntryPoint","urlTemplate":"https:\/\/courssilpleut.com\/?s={search_term_string}"},"query-input":{"@type":"PropertyValueSpecification","valueRequired":true,"valueName":"search_term_string"}}],"inLanguage":"fr-FR"},{"@type":"Organization","@id":"https:\/\/courssilpleut.com\/#organization","name":"Cours s'il pleut","url":"https:\/\/courssilpleut.com\/","logo":{"@type":"ImageObject","inLanguage":"fr-FR","@id":"https:\/\/courssilpleut.com\/#\/schema\/logo\/image\/","url":"https:\/\/courssilpleut.com\/wp-content\/uploads\/2023\/08\/logo_courssilpleut_Plan-de-travail-1-2.svg","contentUrl":"https:\/\/courssilpleut.com\/wp-content\/uploads\/2023\/08\/logo_courssilpleut_Plan-de-travail-1-2.svg","width":500,"height":300,"caption":"Cours s'il pleut"},"image":{"@id":"https:\/\/courssilpleut.com\/#\/schema\/logo\/image\/"},"sameAs":["https:\/\/www.instagram.com\/courssilpleut\/"]}]}},"_links":{"self":[{"href":"https:\/\/courssilpleut.com\/fr\/wp-json\/wp\/v2\/product\/3129","targetHints":{"allow":["GET"]}}],"collection":[{"href":"https:\/\/courssilpleut.com\/fr\/wp-json\/wp\/v2\/product"}],"about":[{"href":"https:\/\/courssilpleut.com\/fr\/wp-json\/wp\/v2\/types\/product"}],"version-history":[{"count":18,"href":"https:\/\/courssilpleut.com\/fr\/wp-json\/wp\/v2\/product\/3129\/revisions"}],"predecessor-version":[{"id":5163,"href":"https:\/\/courssilpleut.com\/fr\/wp-json\/wp\/v2\/product\/3129\/revisions\/5163"}],"wp:featuredmedia":[{"embeddable":true,"href":"https:\/\/courssilpleut.com\/fr\/wp-json\/wp\/v2\/media\/3243"}],"wp:attachment":[{"href":"https:\/\/courssilpleut.com\/fr\/wp-json\/wp\/v2\/media?parent=3129"}],"wp:term":[{"taxonomy":"product_brand","embeddable":true,"href":"https:\/\/courssilpleut.com\/fr\/wp-json\/wp\/v2\/product_brand?post=3129"},{"taxonomy":"product_cat","embeddable":true,"href":"https:\/\/courssilpleut.com\/fr\/wp-json\/wp\/v2\/product_cat?post=3129"},{"taxonomy":"product_tag","embeddable":true,"href":"https:\/\/courssilpleut.com\/fr\/wp-json\/wp\/v2\/product_tag?post=3129"}],"curies":[{"name":"wp","href":"https:\/\/api.w.org\/{rel}","templated":true}]}}