{"id":3004,"date":"2023-10-13T18:41:31","date_gmt":"2023-10-13T17:41:31","guid":{"rendered":"https:\/\/courssilpleut.com\/?post_type=product&#038;p=3004"},"modified":"2025-11-28T20:08:46","modified_gmt":"2025-11-28T19:08:46","slug":"bright-wallet","status":"publish","type":"product","link":"https:\/\/courssilpleut.com\/fr\/shop\/bags\/bright-wallet\/","title":{"rendered":"Porte-monnaie"},"content":{"rendered":"<script>(function() {\n\twindow.mc4wp = window.mc4wp || {\n\t\tlisteners: [],\n\t\tforms: {\n\t\t\ton: function(evt, cb) {\n\t\t\t\twindow.mc4wp.listeners.push(\n\t\t\t\t\t{\n\t\t\t\t\t\tevent   : evt,\n\t\t\t\t\t\tcallback: cb\n\t\t\t\t\t}\n\t\t\t\t);\n\t\t\t}\n\t\t}\n\t}\n})();\n<\/script><!-- Mailchimp for WordPress v4.10.9 - https:\/\/wordpress.org\/plugins\/mailchimp-for-wp\/ --><form id=\"mc4wp-form-1\" class=\"mc4wp-form mc4wp-form-997 mc4wp-form-basic\" method=\"post\" data-id=\"997\" data-name=\"Back in stock notification\" action=\"\" ><div class=\"mc4wp-form-fields\"><p style=\"border-width:1px; border-style:dashed; border-color:#0033cc; padding: 1em;text-indent:0;line-height:2em;letter-spacing:1.5px;word-spacing:3px;font-size:10px;\">\r\n  <i>en rupture de stock<br>\r\n    pour recevoir une mise \u00e0 jour des stocks :<br><\/i>\r\n  <input type=\"email\" name=\"EMAIL\" placeholder=\"email address (required)\" required \/>\r\n\t<input type=\"submit\" value=\"Sign up\" style=\"border-width:1px; border-style:solid; border-color:#0033cc; padding: 0.5em;text-indent:0;line-height:2em;letter-spacing:1.5px; word-spacing:3px; font-size:10px; color:#0033cc;\" onmouseover=\"this.style.background='#0033cc';this.style.color='#fff';\" onmouseout=\"this.style.background='#fff';this.style.color='#0033cc';\" \/><\/p>\r\n\r\n<\/div><label style=\"display: none !important;\">Laissez ce champ vide si vous \u00eates humain\u00a0: <input type=\"text\" name=\"_mc4wp_honeypot\" value=\"\" tabindex=\"-1\" autocomplete=\"off\" \/><\/label><input type=\"hidden\" name=\"_mc4wp_timestamp\" value=\"1775521193\" \/><input type=\"hidden\" name=\"_mc4wp_form_id\" value=\"997\" \/><input type=\"hidden\" name=\"_mc4wp_form_element_id\" value=\"mc4wp-form-1\" \/><div class=\"mc4wp-response\"><\/div><input type=\"hidden\" name=\"trp-form-language\" value=\"fr\"\/><\/form><!-- \/ Mailchimp for WordPress Plugin -->","protected":false},"excerpt":{"rendered":"<div class=\"elementor-element elementor-element-1f243697 e-flex e-con-boxed e-con\" data-id=\"1f243697\" data-element_type=\"container\" data-settings=\"{&quot;content_width&quot;:&quot;boxed&quot;}\">\n<div class=\"e-con-inner\">\n<div class=\"elementor-element elementor-element-34e25582 elementor-widget elementor-widget-text-editor\" data-id=\"34e25582\" data-element_type=\"widget\" data-widget_type=\"text-editor.default\">\n<div class=\"elementor-widget-container\">\n<p>&nbsp;<\/p>\n<p><span data-contrast=\"auto\">Le porte-monnaie est un porte-cartes petit et plat, qui permet de ranger carte d'identit\u00e9, quelques cartes au format carte bancaire, du change et des petits objets. Confectionn\u00e9 avec des tissus aux couleurs vives, il est facile \u00e0 (re)trouver.<br \/>\n<\/span><\/p>\n<\/div>\n<\/div>\n<\/div>\n<\/div>\n<div class=\"elementor-element elementor-element-3bd2c3a6 e-flex e-con-boxed e-con\" data-id=\"3bd2c3a6\" data-element_type=\"container\" data-settings=\"{&quot;content_width&quot;:&quot;boxed&quot;}\">\n<div class=\"e-con-inner\">\n<div class=\"elementor-element elementor-element-1994af3d elementor-widget elementor-widget-text-editor\" data-id=\"1994af3d\" data-element_type=\"widget\" data-widget_type=\"text-editor.default\">\n<div class=\"elementor-widget-container\">\n<pre><em><strong>\u2014 confectionn\u00e9 avec des mat\u00e9riaux robustes et imperm\u00e9ables<\/strong><\/em><em><strong>\r\n\u2014 Velcro closing system\r\n\u2014 easy access zippered compartment<\/strong><\/em>\r\n\r\n\r\n<\/pre>\n<pre><a href=\"https:\/\/courssilpleut.com\/fr\/bright-wallet\/\">description compl\u00e8te<\/a>\r\n\r\n\r\nconfectionn\u00e9 \u00e0 la main \u00e0 l'atelier, en France\r\n\r\n<\/pre>\n<\/div>\n<\/div>\n<\/div>\n<\/div>","protected":false},"featured_media":7601,"template":"","meta":[],"product_brand":[],"product_cat":[44,32,43],"product_tag":[],"class_list":{"0":"post-3004","1":"product","2":"type-product","3":"status-publish","4":"has-post-thumbnail","6":"product_cat-accessories","7":"product_cat-bags","8":"product_cat-ready-to-ship","9":"product_shipping_class-xsmall-parcel","11":"first","12":"outofstock","13":"shipping-taxable","14":"purchasable","15":"product-type-variable"},"yoast_head":"<!-- This site is optimized with the Yoast SEO plugin v26.6 - https:\/\/yoast.com\/wordpress\/plugins\/seo\/ -->\n<title>Bright wallet - Cours s&#039;il pleut<\/title>\n<meta name=\"robots\" content=\"index, follow, max-snippet:-1, max-image-preview:large, max-video-preview:-1\" \/>\n<link rel=\"canonical\" href=\"https:\/\/courssilpleut.com\/fr\/shop\/bags\/bright-wallet\/\" \/>\n<meta property=\"og:locale\" content=\"fr_FR\" \/>\n<meta property=\"og:type\" content=\"article\" \/>\n<meta property=\"og:title\" content=\"Bright wallet - Cours s&#039;il pleut\" \/>\n<meta property=\"og:description\" content=\"&nbsp;  The Bright wallet is a small, flat wallet to carry the essentials on rides and trips. Made with durable, high-vis fabric, it\u2019s easy to find, and its pockets allow for storage of small items such as lighters, SD cards or small trail finds.           \u2014 made from a selection of durable, waterproof fabrics \u2014 Velcro closing system \u2014 easy access zippered compartment    complete product description   handmade in the Cours s&#039;il pleut workshop in France\" \/>\n<meta property=\"og:url\" content=\"https:\/\/courssilpleut.com\/fr\/shop\/bags\/bright-wallet\/\" \/>\n<meta property=\"og:site_name\" content=\"Cours s&#039;il pleut\" \/>\n<meta property=\"article:modified_time\" content=\"2025-11-28T19:08:46+00:00\" \/>\n<meta property=\"og:image\" content=\"https:\/\/courssilpleut.com\/wp-content\/uploads\/2023\/10\/P1222107.jpg\" \/>\n\t<meta property=\"og:image:width\" content=\"1200\" \/>\n\t<meta property=\"og:image:height\" content=\"1500\" \/>\n\t<meta property=\"og:image:type\" content=\"image\/jpeg\" \/>\n<meta name=\"twitter:card\" content=\"summary_large_image\" \/>\n<meta name=\"twitter:label1\" content=\"Dur\u00e9e de lecture estim\u00e9e\" \/>\n\t<meta name=\"twitter:data1\" content=\"1 minute\" \/>\n<script type=\"application\/ld+json\" class=\"yoast-schema-graph\">{\"@context\":\"https:\/\/schema.org\",\"@graph\":[{\"@type\":\"WebPage\",\"@id\":\"https:\/\/courssilpleut.com\/shop\/bags\/bright-wallet\/\",\"url\":\"https:\/\/courssilpleut.com\/shop\/bags\/bright-wallet\/\",\"name\":\"Bright wallet - Cours s&#039;il pleut\",\"isPartOf\":{\"@id\":\"https:\/\/courssilpleut.com\/#website\"},\"primaryImageOfPage\":{\"@id\":\"https:\/\/courssilpleut.com\/shop\/bags\/bright-wallet\/#primaryimage\"},\"image\":{\"@id\":\"https:\/\/courssilpleut.com\/shop\/bags\/bright-wallet\/#primaryimage\"},\"thumbnailUrl\":\"https:\/\/courssilpleut.com\/wp-content\/uploads\/2023\/10\/P1222107.jpg\",\"datePublished\":\"2023-10-13T17:41:31+00:00\",\"dateModified\":\"2025-11-28T19:08:46+00:00\",\"breadcrumb\":{\"@id\":\"https:\/\/courssilpleut.com\/shop\/bags\/bright-wallet\/#breadcrumb\"},\"inLanguage\":\"fr-FR\",\"potentialAction\":[{\"@type\":\"ReadAction\",\"target\":[\"https:\/\/courssilpleut.com\/shop\/bags\/bright-wallet\/\"]}]},{\"@type\":\"ImageObject\",\"inLanguage\":\"fr-FR\",\"@id\":\"https:\/\/courssilpleut.com\/shop\/bags\/bright-wallet\/#primaryimage\",\"url\":\"https:\/\/courssilpleut.com\/wp-content\/uploads\/2023\/10\/P1222107.jpg\",\"contentUrl\":\"https:\/\/courssilpleut.com\/wp-content\/uploads\/2023\/10\/P1222107.jpg\",\"width\":1200,\"height\":1500},{\"@type\":\"BreadcrumbList\",\"@id\":\"https:\/\/courssilpleut.com\/shop\/bags\/bright-wallet\/#breadcrumb\",\"itemListElement\":[{\"@type\":\"ListItem\",\"position\":1,\"name\":\"Home\",\"item\":\"https:\/\/courssilpleut.com\/\"},{\"@type\":\"ListItem\",\"position\":2,\"name\":\"Store\",\"item\":\"https:\/\/courssilpleut.com\/fr\/store\/\"},{\"@type\":\"ListItem\",\"position\":3,\"name\":\"Bright wallet\"}]},{\"@type\":\"WebSite\",\"@id\":\"https:\/\/courssilpleut.com\/#website\",\"url\":\"https:\/\/courssilpleut.com\/\",\"name\":\"Cours s'il pleut\",\"description\":\"Outdoor equipment for near and far ventures, made on a small scale in France | Equipements outdoor artisanaux con\u00e7us et confectionn\u00e9s en France\",\"publisher\":{\"@id\":\"https:\/\/courssilpleut.com\/#organization\"},\"potentialAction\":[{\"@type\":\"SearchAction\",\"target\":{\"@type\":\"EntryPoint\",\"urlTemplate\":\"https:\/\/courssilpleut.com\/?s={search_term_string}\"},\"query-input\":{\"@type\":\"PropertyValueSpecification\",\"valueRequired\":true,\"valueName\":\"search_term_string\"}}],\"inLanguage\":\"fr-FR\"},{\"@type\":\"Organization\",\"@id\":\"https:\/\/courssilpleut.com\/#organization\",\"name\":\"Cours s'il pleut\",\"url\":\"https:\/\/courssilpleut.com\/\",\"logo\":{\"@type\":\"ImageObject\",\"inLanguage\":\"fr-FR\",\"@id\":\"https:\/\/courssilpleut.com\/#\/schema\/logo\/image\/\",\"url\":\"https:\/\/courssilpleut.com\/wp-content\/uploads\/2023\/08\/logo_courssilpleut_Plan-de-travail-1-2.svg\",\"contentUrl\":\"https:\/\/courssilpleut.com\/wp-content\/uploads\/2023\/08\/logo_courssilpleut_Plan-de-travail-1-2.svg\",\"width\":500,\"height\":300,\"caption\":\"Cours s'il pleut\"},\"image\":{\"@id\":\"https:\/\/courssilpleut.com\/#\/schema\/logo\/image\/\"},\"sameAs\":[\"https:\/\/www.instagram.com\/courssilpleut\/\"]}]}<\/script>\n<!-- \/ Yoast SEO plugin. -->","yoast_head_json":{"title":"Bright wallet - Cours s&#039;il pleut","robots":{"index":"index","follow":"follow","max-snippet":"max-snippet:-1","max-image-preview":"max-image-preview:large","max-video-preview":"max-video-preview:-1"},"canonical":"https:\/\/courssilpleut.com\/fr\/shop\/bags\/bright-wallet\/","og_locale":"fr_FR","og_type":"article","og_title":"Bright wallet - Cours s&#039;il pleut","og_description":"&nbsp;  The Bright wallet is a small, flat wallet to carry the essentials on rides and trips. Made with durable, high-vis fabric, it\u2019s easy to find, and its pockets allow for storage of small items such as lighters, SD cards or small trail finds.           \u2014 made from a selection of durable, waterproof fabrics \u2014 Velcro closing system \u2014 easy access zippered compartment    complete product description   handmade in the Cours s'il pleut workshop in France","og_url":"https:\/\/courssilpleut.com\/fr\/shop\/bags\/bright-wallet\/","og_site_name":"Cours s&#039;il pleut","article_modified_time":"2025-11-28T19:08:46+00:00","og_image":[{"width":1200,"height":1500,"url":"https:\/\/courssilpleut.com\/wp-content\/uploads\/2023\/10\/P1222107.jpg","type":"image\/jpeg"}],"twitter_card":"summary_large_image","twitter_misc":{"Dur\u00e9e de lecture estim\u00e9e":"1 minute"},"schema":{"@context":"https:\/\/schema.org","@graph":[{"@type":"WebPage","@id":"https:\/\/courssilpleut.com\/shop\/bags\/bright-wallet\/","url":"https:\/\/courssilpleut.com\/shop\/bags\/bright-wallet\/","name":"Bright wallet - Cours s&#039;il pleut","isPartOf":{"@id":"https:\/\/courssilpleut.com\/#website"},"primaryImageOfPage":{"@id":"https:\/\/courssilpleut.com\/shop\/bags\/bright-wallet\/#primaryimage"},"image":{"@id":"https:\/\/courssilpleut.com\/shop\/bags\/bright-wallet\/#primaryimage"},"thumbnailUrl":"https:\/\/courssilpleut.com\/wp-content\/uploads\/2023\/10\/P1222107.jpg","datePublished":"2023-10-13T17:41:31+00:00","dateModified":"2025-11-28T19:08:46+00:00","breadcrumb":{"@id":"https:\/\/courssilpleut.com\/shop\/bags\/bright-wallet\/#breadcrumb"},"inLanguage":"fr-FR","potentialAction":[{"@type":"ReadAction","target":["https:\/\/courssilpleut.com\/shop\/bags\/bright-wallet\/"]}]},{"@type":"ImageObject","inLanguage":"fr-FR","@id":"https:\/\/courssilpleut.com\/shop\/bags\/bright-wallet\/#primaryimage","url":"https:\/\/courssilpleut.com\/wp-content\/uploads\/2023\/10\/P1222107.jpg","contentUrl":"https:\/\/courssilpleut.com\/wp-content\/uploads\/2023\/10\/P1222107.jpg","width":1200,"height":1500},{"@type":"BreadcrumbList","@id":"https:\/\/courssilpleut.com\/shop\/bags\/bright-wallet\/#breadcrumb","itemListElement":[{"@type":"ListItem","position":1,"name":"Home","item":"https:\/\/courssilpleut.com\/"},{"@type":"ListItem","position":2,"name":"Store","item":"https:\/\/courssilpleut.com\/fr\/store\/"},{"@type":"ListItem","position":3,"name":"Bright wallet"}]},{"@type":"WebSite","@id":"https:\/\/courssilpleut.com\/#website","url":"https:\/\/courssilpleut.com\/","name":"Cours s'il pleut","description":"Outdoor equipment for near and far ventures, made on a small scale in France | Equipements outdoor artisanaux con\u00e7us et confectionn\u00e9s en France","publisher":{"@id":"https:\/\/courssilpleut.com\/#organization"},"potentialAction":[{"@type":"SearchAction","target":{"@type":"EntryPoint","urlTemplate":"https:\/\/courssilpleut.com\/?s={search_term_string}"},"query-input":{"@type":"PropertyValueSpecification","valueRequired":true,"valueName":"search_term_string"}}],"inLanguage":"fr-FR"},{"@type":"Organization","@id":"https:\/\/courssilpleut.com\/#organization","name":"Cours s'il pleut","url":"https:\/\/courssilpleut.com\/","logo":{"@type":"ImageObject","inLanguage":"fr-FR","@id":"https:\/\/courssilpleut.com\/#\/schema\/logo\/image\/","url":"https:\/\/courssilpleut.com\/wp-content\/uploads\/2023\/08\/logo_courssilpleut_Plan-de-travail-1-2.svg","contentUrl":"https:\/\/courssilpleut.com\/wp-content\/uploads\/2023\/08\/logo_courssilpleut_Plan-de-travail-1-2.svg","width":500,"height":300,"caption":"Cours s'il pleut"},"image":{"@id":"https:\/\/courssilpleut.com\/#\/schema\/logo\/image\/"},"sameAs":["https:\/\/www.instagram.com\/courssilpleut\/"]}]}},"_links":{"self":[{"href":"https:\/\/courssilpleut.com\/fr\/wp-json\/wp\/v2\/product\/3004","targetHints":{"allow":["GET"]}}],"collection":[{"href":"https:\/\/courssilpleut.com\/fr\/wp-json\/wp\/v2\/product"}],"about":[{"href":"https:\/\/courssilpleut.com\/fr\/wp-json\/wp\/v2\/types\/product"}],"version-history":[{"count":15,"href":"https:\/\/courssilpleut.com\/fr\/wp-json\/wp\/v2\/product\/3004\/revisions"}],"predecessor-version":[{"id":7609,"href":"https:\/\/courssilpleut.com\/fr\/wp-json\/wp\/v2\/product\/3004\/revisions\/7609"}],"wp:featuredmedia":[{"embeddable":true,"href":"https:\/\/courssilpleut.com\/fr\/wp-json\/wp\/v2\/media\/7601"}],"wp:attachment":[{"href":"https:\/\/courssilpleut.com\/fr\/wp-json\/wp\/v2\/media?parent=3004"}],"wp:term":[{"taxonomy":"product_brand","embeddable":true,"href":"https:\/\/courssilpleut.com\/fr\/wp-json\/wp\/v2\/product_brand?post=3004"},{"taxonomy":"product_cat","embeddable":true,"href":"https:\/\/courssilpleut.com\/fr\/wp-json\/wp\/v2\/product_cat?post=3004"},{"taxonomy":"product_tag","embeddable":true,"href":"https:\/\/courssilpleut.com\/fr\/wp-json\/wp\/v2\/product_tag?post=3004"}],"curies":[{"name":"wp","href":"https:\/\/api.w.org\/{rel}","templated":true}]}}