{"id":556,"date":"2023-08-05T22:01:09","date_gmt":"2023-08-05T22:01:09","guid":{"rendered":"https:\/\/courssilpleut.com\/?page_id=556"},"modified":"2026-04-08T15:06:50","modified_gmt":"2026-04-08T14:06:50","slug":"how-it-works","status":"publish","type":"page","link":"https:\/\/courssilpleut.com\/fr\/how-it-works\/","title":{"rendered":"le fonctionnement"},"content":{"rendered":"<div data-elementor-type=\"wp-page\" data-elementor-id=\"556\" class=\"elementor elementor-556\">\n\t\t\t\t<div class=\"elementor-element elementor-element-0c66778 e-flex e-con-boxed e-con e-parent\" data-id=\"0c66778\" data-element_type=\"container\" data-settings=\"{&quot;container_type&quot;:&quot;flex&quot;,&quot;content_width&quot;:&quot;boxed&quot;}\" data-core-v316-plus=\"true\">\n\t\t\t\t\t<div class=\"e-con-inner\">\n\t\t\t\t<div class=\"elementor-element elementor-element-d518da3 elementor-widget elementor-widget-spacer\" data-id=\"d518da3\" data-element_type=\"widget\" data-widget_type=\"spacer.default\">\n\t\t\t\t<div class=\"elementor-widget-container\">\n\t\t\t<style>\/*! elementor - v3.19.0 - 26-02-2024 *\/\n.elementor-column .elementor-spacer-inner{height:var(--spacer-size)}.e-con{--container-widget-width:100%}.e-con-inner>.elementor-widget-spacer,.e-con>.elementor-widget-spacer{width:var(--container-widget-width,var(--spacer-size));--align-self:var(--container-widget-align-self,initial);--flex-shrink:0}.e-con-inner>.elementor-widget-spacer>.elementor-widget-container,.e-con>.elementor-widget-spacer>.elementor-widget-container{height:100%;width:100%}.e-con-inner>.elementor-widget-spacer>.elementor-widget-container>.elementor-spacer,.e-con>.elementor-widget-spacer>.elementor-widget-container>.elementor-spacer{height:100%}.e-con-inner>.elementor-widget-spacer>.elementor-widget-container>.elementor-spacer>.elementor-spacer-inner,.e-con>.elementor-widget-spacer>.elementor-widget-container>.elementor-spacer>.elementor-spacer-inner{height:var(--container-widget-height,var(--spacer-size))}.e-con-inner>.elementor-widget-spacer.elementor-widget-empty,.e-con>.elementor-widget-spacer.elementor-widget-empty{position:relative;min-height:22px;min-width:22px}.e-con-inner>.elementor-widget-spacer.elementor-widget-empty .elementor-widget-empty-icon,.e-con>.elementor-widget-spacer.elementor-widget-empty .elementor-widget-empty-icon{position:absolute;top:0;bottom:0;left:0;right:0;margin:auto;padding:0;width:22px;height:22px}<\/style>\t\t<div class=\"elementor-spacer\">\n\t\t\t<div class=\"elementor-spacer-inner\"><\/div>\n\t\t<\/div>\n\t\t\t\t<\/div>\n\t\t\t\t<\/div>\n\t\t\t\t<div class=\"elementor-element elementor-element-f34c905 elementor-widget elementor-widget-text-editor\" data-id=\"f34c905\" data-element_type=\"widget\" data-widget_type=\"text-editor.default\">\n\t\t\t\t<div class=\"elementor-widget-container\">\n\t\t\t<style>\/*! elementor - v3.19.0 - 26-02-2024 *\/\n.elementor-widget-text-editor.elementor-drop-cap-view-stacked .elementor-drop-cap{background-color:#69727d;color:#fff}.elementor-widget-text-editor.elementor-drop-cap-view-framed .elementor-drop-cap{color:#69727d;border:3px solid;background-color:transparent}.elementor-widget-text-editor:not(.elementor-drop-cap-view-default) .elementor-drop-cap{margin-top:8px}.elementor-widget-text-editor:not(.elementor-drop-cap-view-default) .elementor-drop-cap-letter{width:1em;height:1em}.elementor-widget-text-editor .elementor-drop-cap{float:left;text-align:center;line-height:1;font-size:50px}.elementor-widget-text-editor .elementor-drop-cap-letter{display:inline-block}<\/style>\t\t\t\t<p><span data-contrast=\"auto\">Dans une d\u00e9marche artisanale et locale, les articles sont tous r\u00e9alis\u00e9s dans l'atelier, pr\u00e8s du Mans. Certains sont r\u00e9alis\u00e9s \u00e0 la commande et d'autres en petites s\u00e9ries. <\/span><\/p>\t\t\t\t\t\t<\/div>\n\t\t\t\t<\/div>\n\t\t\t\t<div class=\"elementor-element elementor-element-9b04396 elementor-widget elementor-widget-heading\" data-id=\"9b04396\" data-element_type=\"widget\" data-widget_type=\"heading.default\">\n\t\t\t\t<div class=\"elementor-widget-container\">\n\t\t\t<style>\/*! elementor - v3.19.0 - 26-02-2024 *\/\n.elementor-heading-title{padding:0;margin:0;line-height:1}.elementor-widget-heading .elementor-heading-title[class*=elementor-size-]>a{color:inherit;font-size:inherit;line-height:inherit}.elementor-widget-heading .elementor-heading-title.elementor-size-small{font-size:15px}.elementor-widget-heading .elementor-heading-title.elementor-size-medium{font-size:19px}.elementor-widget-heading .elementor-heading-title.elementor-size-large{font-size:29px}.elementor-widget-heading .elementor-heading-title.elementor-size-xl{font-size:39px}.elementor-widget-heading .elementor-heading-title.elementor-size-xxl{font-size:59px}<\/style><h1 class=\"elementor-heading-title elementor-size-default\">Commander des sacoches et v\u00eatements<\/h1>\t\t<\/div>\n\t\t\t\t<\/div>\n\t\t\t\t<div class=\"elementor-element elementor-element-fbe35a8 elementor-widget elementor-widget-text-editor\" data-id=\"fbe35a8\" data-element_type=\"widget\" data-widget_type=\"text-editor.default\">\n\t\t\t\t<div class=\"elementor-widget-container\">\n\t\t\t\t\t\t\t<p><span data-contrast=\"auto\">Les commandes sont ouvertes toute l'ann\u00e9e. Une partie des produits est r\u00e9alis\u00e9e \u00e0 la commande et <strong>le d\u00e9lai de fabrication est de 4-6 semaines actuellement.<\/strong>Les produits r\u00e9alis\u00e9s \u00e0 la commande sont list\u00e9s <a href=\"https:\/\/courssilpleut.com\/fr\/categorie-produit\/made-to-order\/\">ici<\/a>. <\/span>Les articles produits en s\u00e9rie peuvent \u00eatre trouv\u00e9s sur <a href=\"https:\/\/courssilpleut.com\/fr\/categorie-produit\/ready-to-ship\/\">la page Pr\u00eat-\u00e0-exp\u00e9dier<\/a>.<\/p><p>All items are designed, cut, sewn and shipped from the workshop in Grenoble, France. Except for ready-to-ship articles, they are made specifically for you and therefore can&#8217;t be returned.<\/p>\t\t\t\t\t\t<\/div>\n\t\t\t\t<\/div>\n\t\t\t\t<div class=\"elementor-element elementor-element-b9b8e41 elementor-widget elementor-widget-heading\" data-id=\"b9b8e41\" data-element_type=\"widget\" data-widget_type=\"heading.default\">\n\t\t\t\t<div class=\"elementor-widget-container\">\n\t\t\t<h1 class=\"elementor-heading-title elementor-size-default\">Envois<\/h1>\t\t<\/div>\n\t\t\t\t<\/div>\n\t\t\t\t<div class=\"elementor-element elementor-element-7d03d35 elementor-widget elementor-widget-text-editor\" data-id=\"7d03d35\" data-element_type=\"widget\" data-widget_type=\"text-editor.default\">\n\t\t\t\t<div class=\"elementor-widget-container\">\n\t\t\t\t\t\t\t<p>We try our best to ship custom orders within the lead-time frame, although an extra delay of a few days can be expected during busy periods (before Christmas and in spring time). If your order is urgent, please get in touch at info[at]courssilpleut.com so we can try to find an arrangement.\u00a0<\/p><p>\u00a0<\/p><p>One-of-a-kind products are shipped within a week after placing the order. You will be notified of the shipping via email.<\/p><p>\u00a0<\/p><p>We ship wordwide from France, but please note that custom duties and taxes will be charged by local authorities basd on the value of your order.<\/p>\t\t\t\t\t\t<\/div>\n\t\t\t\t<\/div>\n\t\t\t\t<div class=\"elementor-element elementor-element-862e285 elementor-widget elementor-widget-spacer\" data-id=\"862e285\" data-element_type=\"widget\" data-widget_type=\"spacer.default\">\n\t\t\t\t<div class=\"elementor-widget-container\">\n\t\t\t\t\t<div class=\"elementor-spacer\">\n\t\t\t<div class=\"elementor-spacer-inner\"><\/div>\n\t\t<\/div>\n\t\t\t\t<\/div>\n\t\t\t\t<\/div>\n\t\t\t\t\t<\/div>\n\t\t\t\t<\/div>\n\t\t\t\t<\/div>","protected":false},"excerpt":{"rendered":"<p>To avoid over-production and waste, all products are made to order, in the workshop, to the sound of an eclectic selection of music, radios and podcasts and loud machines. Ordering bags and garments Orders are open year-long. Each item is made to order and the lead time is currently 4-6 weeks. Made-to-order products are found [&hellip;]<\/p>","protected":false},"author":1,"featured_media":0,"parent":0,"menu_order":0,"comment_status":"closed","ping_status":"closed","template":"","meta":{"footnotes":""},"class_list":["post-556","page","type-page","status-publish","hentry"],"yoast_head":"<!-- This site is optimized with the Yoast SEO plugin v26.6 - https:\/\/yoast.com\/wordpress\/plugins\/seo\/ -->\n<title>How it works - Cours s&#039;il pleut<\/title>\n<meta name=\"robots\" content=\"index, follow, max-snippet:-1, max-image-preview:large, max-video-preview:-1\" \/>\n<link rel=\"canonical\" href=\"https:\/\/courssilpleut.com\/fr\/how-it-works\/\" \/>\n<meta property=\"og:locale\" content=\"fr_FR\" \/>\n<meta property=\"og:type\" content=\"article\" \/>\n<meta property=\"og:title\" content=\"How it works - Cours s&#039;il pleut\" \/>\n<meta property=\"og:description\" content=\"To avoid over-production and waste, all products are made to order, in the workshop, to the sound of an eclectic selection of music, radios and podcasts and loud machines. Ordering bags and garments Orders are open year-long. Each item is made to order and the lead time is currently 4-6 weeks. Made-to-order products are found [&hellip;]\" \/>\n<meta property=\"og:url\" content=\"https:\/\/courssilpleut.com\/fr\/how-it-works\/\" \/>\n<meta property=\"og:site_name\" content=\"Cours s&#039;il pleut\" \/>\n<meta property=\"article:modified_time\" content=\"2026-04-08T14:06:50+00:00\" \/>\n<meta name=\"twitter:card\" content=\"summary_large_image\" \/>\n<meta name=\"twitter:label1\" content=\"Dur\u00e9e de lecture estim\u00e9e\" \/>\n\t<meta name=\"twitter:data1\" content=\"1 minute\" \/>\n<script type=\"application\/ld+json\" class=\"yoast-schema-graph\">{\"@context\":\"https:\/\/schema.org\",\"@graph\":[{\"@type\":\"WebPage\",\"@id\":\"https:\/\/courssilpleut.com\/how-it-works\/\",\"url\":\"https:\/\/courssilpleut.com\/how-it-works\/\",\"name\":\"How it works - Cours s&#039;il pleut\",\"isPartOf\":{\"@id\":\"https:\/\/courssilpleut.com\/#website\"},\"datePublished\":\"2023-08-05T22:01:09+00:00\",\"dateModified\":\"2026-04-08T14:06:50+00:00\",\"breadcrumb\":{\"@id\":\"https:\/\/courssilpleut.com\/how-it-works\/#breadcrumb\"},\"inLanguage\":\"fr-FR\",\"potentialAction\":[{\"@type\":\"ReadAction\",\"target\":[\"https:\/\/courssilpleut.com\/how-it-works\/\"]}]},{\"@type\":\"BreadcrumbList\",\"@id\":\"https:\/\/courssilpleut.com\/how-it-works\/#breadcrumb\",\"itemListElement\":[{\"@type\":\"ListItem\",\"position\":1,\"name\":\"Home\",\"item\":\"https:\/\/courssilpleut.com\/\"},{\"@type\":\"ListItem\",\"position\":2,\"name\":\"How it works\"}]},{\"@type\":\"WebSite\",\"@id\":\"https:\/\/courssilpleut.com\/#website\",\"url\":\"https:\/\/courssilpleut.com\/\",\"name\":\"Cours s'il pleut\",\"description\":\"Outdoor equipment for near and far ventures, made on a small scale in France | Equipements outdoor artisanaux con\u00e7us et confectionn\u00e9s en France\",\"publisher\":{\"@id\":\"https:\/\/courssilpleut.com\/#organization\"},\"potentialAction\":[{\"@type\":\"SearchAction\",\"target\":{\"@type\":\"EntryPoint\",\"urlTemplate\":\"https:\/\/courssilpleut.com\/?s={search_term_string}\"},\"query-input\":{\"@type\":\"PropertyValueSpecification\",\"valueRequired\":true,\"valueName\":\"search_term_string\"}}],\"inLanguage\":\"fr-FR\"},{\"@type\":\"Organization\",\"@id\":\"https:\/\/courssilpleut.com\/#organization\",\"name\":\"Cours s'il pleut\",\"url\":\"https:\/\/courssilpleut.com\/\",\"logo\":{\"@type\":\"ImageObject\",\"inLanguage\":\"fr-FR\",\"@id\":\"https:\/\/courssilpleut.com\/#\/schema\/logo\/image\/\",\"url\":\"https:\/\/courssilpleut.com\/wp-content\/uploads\/2023\/08\/logo_courssilpleut_Plan-de-travail-1-2.svg\",\"contentUrl\":\"https:\/\/courssilpleut.com\/wp-content\/uploads\/2023\/08\/logo_courssilpleut_Plan-de-travail-1-2.svg\",\"width\":500,\"height\":300,\"caption\":\"Cours s'il pleut\"},\"image\":{\"@id\":\"https:\/\/courssilpleut.com\/#\/schema\/logo\/image\/\"},\"sameAs\":[\"https:\/\/www.instagram.com\/courssilpleut\/\"]}]}<\/script>\n<!-- \/ Yoast SEO plugin. -->","yoast_head_json":{"title":"How it works - Cours s&#039;il pleut","robots":{"index":"index","follow":"follow","max-snippet":"max-snippet:-1","max-image-preview":"max-image-preview:large","max-video-preview":"max-video-preview:-1"},"canonical":"https:\/\/courssilpleut.com\/fr\/how-it-works\/","og_locale":"fr_FR","og_type":"article","og_title":"How it works - Cours s&#039;il pleut","og_description":"To avoid over-production and waste, all products are made to order, in the workshop, to the sound of an eclectic selection of music, radios and podcasts and loud machines. Ordering bags and garments Orders are open year-long. Each item is made to order and the lead time is currently 4-6 weeks. Made-to-order products are found [&hellip;]","og_url":"https:\/\/courssilpleut.com\/fr\/how-it-works\/","og_site_name":"Cours s&#039;il pleut","article_modified_time":"2026-04-08T14:06:50+00:00","twitter_card":"summary_large_image","twitter_misc":{"Dur\u00e9e de lecture estim\u00e9e":"1 minute"},"schema":{"@context":"https:\/\/schema.org","@graph":[{"@type":"WebPage","@id":"https:\/\/courssilpleut.com\/how-it-works\/","url":"https:\/\/courssilpleut.com\/how-it-works\/","name":"How it works - Cours s&#039;il pleut","isPartOf":{"@id":"https:\/\/courssilpleut.com\/#website"},"datePublished":"2023-08-05T22:01:09+00:00","dateModified":"2026-04-08T14:06:50+00:00","breadcrumb":{"@id":"https:\/\/courssilpleut.com\/how-it-works\/#breadcrumb"},"inLanguage":"fr-FR","potentialAction":[{"@type":"ReadAction","target":["https:\/\/courssilpleut.com\/how-it-works\/"]}]},{"@type":"BreadcrumbList","@id":"https:\/\/courssilpleut.com\/how-it-works\/#breadcrumb","itemListElement":[{"@type":"ListItem","position":1,"name":"Home","item":"https:\/\/courssilpleut.com\/"},{"@type":"ListItem","position":2,"name":"How it works"}]},{"@type":"WebSite","@id":"https:\/\/courssilpleut.com\/#website","url":"https:\/\/courssilpleut.com\/","name":"Cours s'il pleut","description":"Outdoor equipment for near and far ventures, made on a small scale in France | Equipements outdoor artisanaux con\u00e7us et confectionn\u00e9s en France","publisher":{"@id":"https:\/\/courssilpleut.com\/#organization"},"potentialAction":[{"@type":"SearchAction","target":{"@type":"EntryPoint","urlTemplate":"https:\/\/courssilpleut.com\/?s={search_term_string}"},"query-input":{"@type":"PropertyValueSpecification","valueRequired":true,"valueName":"search_term_string"}}],"inLanguage":"fr-FR"},{"@type":"Organization","@id":"https:\/\/courssilpleut.com\/#organization","name":"Cours s'il pleut","url":"https:\/\/courssilpleut.com\/","logo":{"@type":"ImageObject","inLanguage":"fr-FR","@id":"https:\/\/courssilpleut.com\/#\/schema\/logo\/image\/","url":"https:\/\/courssilpleut.com\/wp-content\/uploads\/2023\/08\/logo_courssilpleut_Plan-de-travail-1-2.svg","contentUrl":"https:\/\/courssilpleut.com\/wp-content\/uploads\/2023\/08\/logo_courssilpleut_Plan-de-travail-1-2.svg","width":500,"height":300,"caption":"Cours s'il pleut"},"image":{"@id":"https:\/\/courssilpleut.com\/#\/schema\/logo\/image\/"},"sameAs":["https:\/\/www.instagram.com\/courssilpleut\/"]}]}},"_links":{"self":[{"href":"https:\/\/courssilpleut.com\/fr\/wp-json\/wp\/v2\/pages\/556","targetHints":{"allow":["GET"]}}],"collection":[{"href":"https:\/\/courssilpleut.com\/fr\/wp-json\/wp\/v2\/pages"}],"about":[{"href":"https:\/\/courssilpleut.com\/fr\/wp-json\/wp\/v2\/types\/page"}],"author":[{"embeddable":true,"href":"https:\/\/courssilpleut.com\/fr\/wp-json\/wp\/v2\/users\/1"}],"replies":[{"embeddable":true,"href":"https:\/\/courssilpleut.com\/fr\/wp-json\/wp\/v2\/comments?post=556"}],"version-history":[{"count":55,"href":"https:\/\/courssilpleut.com\/fr\/wp-json\/wp\/v2\/pages\/556\/revisions"}],"predecessor-version":[{"id":7938,"href":"https:\/\/courssilpleut.com\/fr\/wp-json\/wp\/v2\/pages\/556\/revisions\/7938"}],"wp:attachment":[{"href":"https:\/\/courssilpleut.com\/fr\/wp-json\/wp\/v2\/media?parent=556"}],"curies":[{"name":"wp","href":"https:\/\/api.w.org\/{rel}","templated":true}]}}