{"id":1018,"date":"2023-08-09T17:14:24","date_gmt":"2023-08-09T16:14:24","guid":{"rendered":"https:\/\/courssilpleut.com\/?page_id=1018"},"modified":"2025-02-11T22:07:18","modified_gmt":"2025-02-11T21:07:18","slug":"info","status":"publish","type":"page","link":"https:\/\/courssilpleut.com\/fr\/info\/","title":{"rendered":"Info"},"content":{"rendered":"<div data-elementor-type=\"wp-page\" data-elementor-id=\"1018\" class=\"elementor elementor-1018\">\n\t\t\t\t<div class=\"elementor-element elementor-element-313145b e-flex e-con-boxed e-con e-parent\" data-id=\"313145b\" data-element_type=\"container\" data-settings=\"{&quot;container_type&quot;:&quot;flex&quot;,&quot;content_width&quot;:&quot;boxed&quot;}\" data-core-v316-plus=\"true\">\n\t\t\t\t\t<div class=\"e-con-inner\">\n\t\t\t\t<div class=\"elementor-element elementor-element-73450f8 elementor-widget elementor-widget-spacer\" data-id=\"73450f8\" data-element_type=\"widget\" data-widget_type=\"spacer.default\">\n\t\t\t\t<div class=\"elementor-widget-container\">\n\t\t\t<style>\/*! elementor - v3.19.0 - 26-02-2024 *\/\n.elementor-column .elementor-spacer-inner{height:var(--spacer-size)}.e-con{--container-widget-width:100%}.e-con-inner>.elementor-widget-spacer,.e-con>.elementor-widget-spacer{width:var(--container-widget-width,var(--spacer-size));--align-self:var(--container-widget-align-self,initial);--flex-shrink:0}.e-con-inner>.elementor-widget-spacer>.elementor-widget-container,.e-con>.elementor-widget-spacer>.elementor-widget-container{height:100%;width:100%}.e-con-inner>.elementor-widget-spacer>.elementor-widget-container>.elementor-spacer,.e-con>.elementor-widget-spacer>.elementor-widget-container>.elementor-spacer{height:100%}.e-con-inner>.elementor-widget-spacer>.elementor-widget-container>.elementor-spacer>.elementor-spacer-inner,.e-con>.elementor-widget-spacer>.elementor-widget-container>.elementor-spacer>.elementor-spacer-inner{height:var(--container-widget-height,var(--spacer-size))}.e-con-inner>.elementor-widget-spacer.elementor-widget-empty,.e-con>.elementor-widget-spacer.elementor-widget-empty{position:relative;min-height:22px;min-width:22px}.e-con-inner>.elementor-widget-spacer.elementor-widget-empty .elementor-widget-empty-icon,.e-con>.elementor-widget-spacer.elementor-widget-empty .elementor-widget-empty-icon{position:absolute;top:0;bottom:0;left:0;right:0;margin:auto;padding:0;width:22px;height:22px}<\/style>\t\t<div class=\"elementor-spacer\">\n\t\t\t<div class=\"elementor-spacer-inner\"><\/div>\n\t\t<\/div>\n\t\t\t\t<\/div>\n\t\t\t\t<\/div>\n\t\t\t\t<div class=\"elementor-element elementor-element-7a9ba53 elementor-widget elementor-widget-text-editor\" data-id=\"7a9ba53\" data-element_type=\"widget\" data-widget_type=\"text-editor.default\">\n\t\t\t\t<div class=\"elementor-widget-container\">\n\t\t\t<style>\/*! elementor - v3.19.0 - 26-02-2024 *\/\n.elementor-widget-text-editor.elementor-drop-cap-view-stacked .elementor-drop-cap{background-color:#69727d;color:#fff}.elementor-widget-text-editor.elementor-drop-cap-view-framed .elementor-drop-cap{color:#69727d;border:3px solid;background-color:transparent}.elementor-widget-text-editor:not(.elementor-drop-cap-view-default) .elementor-drop-cap{margin-top:8px}.elementor-widget-text-editor:not(.elementor-drop-cap-view-default) .elementor-drop-cap-letter{width:1em;height:1em}.elementor-widget-text-editor .elementor-drop-cap{float:left;text-align:center;line-height:1;font-size:50px}.elementor-widget-text-editor .elementor-drop-cap-letter{display:inline-block}<\/style>\t\t\t\t<p>Cours s'il pleut con\u00e7oit et confectionne des \u00e9quipements d'activit\u00e9 en plein air dans un petit atelier \u00e0 Grenoble. Le nom provient<span class=\"TextRun SCXW153763564 BCX0\" lang=\"EN-GB\" xml:lang=\"EN-GB\" data-contrast=\"none\"><span class=\"NormalTextRun SCXW153763564 BCX0\"> d'un ruisseau appel\u00e9 <em>le Cours s&#8217;il pleut<\/em>.<\/span><\/span><\/p><p>Les pi\u00e8ces sont r\u00e9alis\u00e9es \u00e0 la commande (<a href=\"https:\/\/courssilpleut.com\/fr\/how-it-works\/\" target=\"_blank\" rel=\"noopener\">le fonctionnement<\/a>) dans l'atelier \u00e0 Grenoble, en employant des mat\u00e9riaux recycl\u00e9s, de fin de stocks et\/ou recyclables.<\/p>\t\t\t\t\t\t<\/div>\n\t\t\t\t<\/div>\n\t\t<div class=\"elementor-element elementor-element-beeda93 e-flex e-con-boxed e-con e-child\" data-id=\"beeda93\" data-element_type=\"container\" data-settings=\"{&quot;container_type&quot;:&quot;flex&quot;,&quot;content_width&quot;:&quot;boxed&quot;}\">\n\t\t\t\t\t<div class=\"e-con-inner\">\n\t\t\t\t<div class=\"elementor-element elementor-element-f2f30f4 elementor-widget elementor-widget-text-editor\" data-id=\"f2f30f4\" data-element_type=\"widget\" data-widget_type=\"text-editor.default\">\n\t\t\t\t<div class=\"elementor-widget-container\">\n\t\t\t\t\t\t\t<p>Cours s'il pleut a \u00e9t\u00e9 cr\u00e9\u00e9 par Ga\u00eblle Bojko, qui s'est tourn\u00e9e vers la conception textile apr\u00e8s son dipl\u00f4me en architecture. Cours s'il pleut se veut \u00eatre un espace cr\u00e9atif \u00e0 \u00e9chelle artisanale, inspir\u00e9 par des voyages \u00e0 v\u00e9los, treks et une utilisation quotidienne. Les produits sont constamment am\u00e9lior\u00e9s suite \u00e0 des suggestions ext\u00e9rieures et une utilisation personnelle au long terme.<\/p><p>Les ma\u00eetre mots sont la praticit\u00e9, le confort, et les poches.<\/p>\t\t\t\t\t\t<\/div>\n\t\t\t\t<\/div>\n\t\t\t\t\t<\/div>\n\t\t\t\t<\/div>\n\t\t\t\t<div class=\"elementor-element elementor-element-02df882 elementor-widget elementor-widget-text-editor\" data-id=\"02df882\" data-element_type=\"widget\" data-widget_type=\"text-editor.default\">\n\t\t\t\t<div class=\"elementor-widget-container\">\n\t\t\t\t\t\t\t<h2><br><\/h2><h2>R\u00e9parations<\/h2>\n<p>Toutes les pi\u00e8ces sont fabriqu\u00e9es avec le plus grand soin, mais elles sont aussi parfois mises \u00e0 rude \u00e9preuve. Pour les faire durer, un petit kit de r\u00e9paration est inclus avec certains articles pour raccommoder des petites d\u00e9chirures, frottements et autres usures qui surviennent lorsque l'on passe du temps dehors.<\/p>\n<p>Les pi\u00e8ces peuvent \u00eatre envoy\u00e9es \u00e0 l'atelier pour r\u00e9paration. Merci d'envoyer un mail \u00e0 info@courssilpleut.com avec des photos de l'article.<\/p>\n<h3>&nbsp;<\/h3>\t\t\t\t\t\t<\/div>\n\t\t\t\t<\/div>\n\t\t\t\t\t<\/div>\n\t\t\t\t<\/div>\n\t\t<div class=\"elementor-element elementor-element-c5442b7 e-flex e-con-boxed e-con e-parent\" data-id=\"c5442b7\" data-element_type=\"container\" data-settings=\"{&quot;container_type&quot;:&quot;flex&quot;,&quot;content_width&quot;:&quot;boxed&quot;}\" data-core-v316-plus=\"true\">\n\t\t\t\t\t<div class=\"e-con-inner\">\n\t\t\t\t<div class=\"elementor-element elementor-element-52c859c elementor-widget elementor-widget-image\" data-id=\"52c859c\" data-element_type=\"widget\" data-widget_type=\"image.default\">\n\t\t\t\t<div class=\"elementor-widget-container\">\n\t\t\t<style>\/*! elementor - v3.19.0 - 26-02-2024 *\/\n.elementor-widget-image{text-align:center}.elementor-widget-image a{display:inline-block}.elementor-widget-image a img[src$=\".svg\"]{width:48px}.elementor-widget-image img{vertical-align:middle;display:inline-block}<\/style>\t\t\t\t\t\t\t\t\t\t<img fetchpriority=\"high\" decoding=\"async\" width=\"1920\" height=\"1080\" src=\"https:\/\/courssilpleut.com\/wp-content\/uploads\/2023\/09\/vlcsnap-2023-09-15-13h33m50s685-3.jpg\" class=\"attachment-full size-full wp-image-2473\" alt=\"\" srcset=\"https:\/\/courssilpleut.com\/wp-content\/uploads\/2023\/09\/vlcsnap-2023-09-15-13h33m50s685-3.jpg 1920w, https:\/\/courssilpleut.com\/wp-content\/uploads\/2023\/09\/vlcsnap-2023-09-15-13h33m50s685-3-600x338.jpg 600w, https:\/\/courssilpleut.com\/wp-content\/uploads\/2023\/09\/vlcsnap-2023-09-15-13h33m50s685-3-300x169.jpg 300w, https:\/\/courssilpleut.com\/wp-content\/uploads\/2023\/09\/vlcsnap-2023-09-15-13h33m50s685-3-1024x576.jpg 1024w, https:\/\/courssilpleut.com\/wp-content\/uploads\/2023\/09\/vlcsnap-2023-09-15-13h33m50s685-3-768x432.jpg 768w, https:\/\/courssilpleut.com\/wp-content\/uploads\/2023\/09\/vlcsnap-2023-09-15-13h33m50s685-3-1536x864.jpg 1536w, https:\/\/courssilpleut.com\/wp-content\/uploads\/2023\/09\/vlcsnap-2023-09-15-13h33m50s685-3-18x10.jpg 18w\" sizes=\"(max-width: 1920px) 100vw, 1920px\" \/>\t\t\t\t\t\t\t\t\t\t\t\t\t<\/div>\n\t\t\t\t<\/div>\n\t\t\t\t\t<\/div>\n\t\t\t\t<\/div>\n\t\t\t\t<\/div>","protected":false},"excerpt":{"rendered":"<p>Cours s&#8217;il pleut designs and makes outdoor goods in a small workshop at the foot of the Alps in Grenoble, France. It draws its name from a stream that flows close to Cours s&#8217;il pleut&#8217;s very first workshop called le Cours s&#8217;il pleut, meaning &#8216;run when it rains&#8217;. Most items are made to order (How [&hellip;]<\/p>","protected":false},"author":1,"featured_media":0,"parent":0,"menu_order":0,"comment_status":"closed","ping_status":"closed","template":"","meta":{"footnotes":""},"class_list":["post-1018","page","type-page","status-publish","hentry"],"yoast_head":"<!-- This site is optimized with the Yoast SEO plugin v26.6 - https:\/\/yoast.com\/wordpress\/plugins\/seo\/ -->\n<title>Info - Cours s&#039;il pleut<\/title>\n<meta name=\"robots\" content=\"index, follow, max-snippet:-1, max-image-preview:large, max-video-preview:-1\" \/>\n<link rel=\"canonical\" href=\"https:\/\/courssilpleut.com\/fr\/info\/\" \/>\n<meta property=\"og:locale\" content=\"fr_FR\" \/>\n<meta property=\"og:type\" content=\"article\" \/>\n<meta property=\"og:title\" content=\"Info - Cours s&#039;il pleut\" \/>\n<meta property=\"og:description\" content=\"Cours s&#8217;il pleut designs and makes outdoor goods in a small workshop at the foot of the Alps in Grenoble, France. It draws its name from a stream that flows close to Cours s&#8217;il pleut&#8217;s very first workshop called le Cours s&#8217;il pleut, meaning &#8216;run when it rains&#8217;. Most items are made to order (How [&hellip;]\" \/>\n<meta property=\"og:url\" content=\"https:\/\/courssilpleut.com\/fr\/info\/\" \/>\n<meta property=\"og:site_name\" content=\"Cours s&#039;il pleut\" \/>\n<meta property=\"article:modified_time\" content=\"2025-02-11T21:07:18+00:00\" \/>\n<meta property=\"og:image\" content=\"https:\/\/courssilpleut.com\/wp-content\/uploads\/2023\/09\/vlcsnap-2023-09-15-13h33m50s685-3.jpg\" \/>\n<meta name=\"twitter:card\" content=\"summary_large_image\" \/>\n<meta name=\"twitter:label1\" content=\"Dur\u00e9e de lecture estim\u00e9e\" \/>\n\t<meta name=\"twitter:data1\" content=\"2 minutes\" \/>\n<script type=\"application\/ld+json\" class=\"yoast-schema-graph\">{\"@context\":\"https:\/\/schema.org\",\"@graph\":[{\"@type\":\"WebPage\",\"@id\":\"https:\/\/courssilpleut.com\/info\/\",\"url\":\"https:\/\/courssilpleut.com\/info\/\",\"name\":\"Info - Cours s&#039;il pleut\",\"isPartOf\":{\"@id\":\"https:\/\/courssilpleut.com\/#website\"},\"primaryImageOfPage\":{\"@id\":\"https:\/\/courssilpleut.com\/info\/#primaryimage\"},\"image\":{\"@id\":\"https:\/\/courssilpleut.com\/info\/#primaryimage\"},\"thumbnailUrl\":\"https:\/\/courssilpleut.com\/wp-content\/uploads\/2023\/09\/vlcsnap-2023-09-15-13h33m50s685-3.jpg\",\"datePublished\":\"2023-08-09T16:14:24+00:00\",\"dateModified\":\"2025-02-11T21:07:18+00:00\",\"breadcrumb\":{\"@id\":\"https:\/\/courssilpleut.com\/info\/#breadcrumb\"},\"inLanguage\":\"fr-FR\",\"potentialAction\":[{\"@type\":\"ReadAction\",\"target\":[\"https:\/\/courssilpleut.com\/info\/\"]}]},{\"@type\":\"ImageObject\",\"inLanguage\":\"fr-FR\",\"@id\":\"https:\/\/courssilpleut.com\/info\/#primaryimage\",\"url\":\"https:\/\/courssilpleut.com\/wp-content\/uploads\/2023\/09\/vlcsnap-2023-09-15-13h33m50s685-3.jpg\",\"contentUrl\":\"https:\/\/courssilpleut.com\/wp-content\/uploads\/2023\/09\/vlcsnap-2023-09-15-13h33m50s685-3.jpg\"},{\"@type\":\"BreadcrumbList\",\"@id\":\"https:\/\/courssilpleut.com\/info\/#breadcrumb\",\"itemListElement\":[{\"@type\":\"ListItem\",\"position\":1,\"name\":\"Home\",\"item\":\"https:\/\/courssilpleut.com\/\"},{\"@type\":\"ListItem\",\"position\":2,\"name\":\"Info\"}]},{\"@type\":\"WebSite\",\"@id\":\"https:\/\/courssilpleut.com\/#website\",\"url\":\"https:\/\/courssilpleut.com\/\",\"name\":\"Cours s'il pleut\",\"description\":\"Outdoor equipment for near and far ventures, made on a small scale in France | Equipements outdoor artisanaux con\u00e7us et confectionn\u00e9s en France\",\"publisher\":{\"@id\":\"https:\/\/courssilpleut.com\/#organization\"},\"potentialAction\":[{\"@type\":\"SearchAction\",\"target\":{\"@type\":\"EntryPoint\",\"urlTemplate\":\"https:\/\/courssilpleut.com\/?s={search_term_string}\"},\"query-input\":{\"@type\":\"PropertyValueSpecification\",\"valueRequired\":true,\"valueName\":\"search_term_string\"}}],\"inLanguage\":\"fr-FR\"},{\"@type\":\"Organization\",\"@id\":\"https:\/\/courssilpleut.com\/#organization\",\"name\":\"Cours s'il pleut\",\"url\":\"https:\/\/courssilpleut.com\/\",\"logo\":{\"@type\":\"ImageObject\",\"inLanguage\":\"fr-FR\",\"@id\":\"https:\/\/courssilpleut.com\/#\/schema\/logo\/image\/\",\"url\":\"https:\/\/courssilpleut.com\/wp-content\/uploads\/2023\/08\/logo_courssilpleut_Plan-de-travail-1-2.svg\",\"contentUrl\":\"https:\/\/courssilpleut.com\/wp-content\/uploads\/2023\/08\/logo_courssilpleut_Plan-de-travail-1-2.svg\",\"width\":500,\"height\":300,\"caption\":\"Cours s'il pleut\"},\"image\":{\"@id\":\"https:\/\/courssilpleut.com\/#\/schema\/logo\/image\/\"},\"sameAs\":[\"https:\/\/www.instagram.com\/courssilpleut\/\"]}]}<\/script>\n<!-- \/ Yoast SEO plugin. -->","yoast_head_json":{"title":"Info - Cours s&#039;il pleut","robots":{"index":"index","follow":"follow","max-snippet":"max-snippet:-1","max-image-preview":"max-image-preview:large","max-video-preview":"max-video-preview:-1"},"canonical":"https:\/\/courssilpleut.com\/fr\/info\/","og_locale":"fr_FR","og_type":"article","og_title":"Info - Cours s&#039;il pleut","og_description":"Cours s&#8217;il pleut designs and makes outdoor goods in a small workshop at the foot of the Alps in Grenoble, France. It draws its name from a stream that flows close to Cours s&#8217;il pleut&#8217;s very first workshop called le Cours s&#8217;il pleut, meaning &#8216;run when it rains&#8217;. Most items are made to order (How [&hellip;]","og_url":"https:\/\/courssilpleut.com\/fr\/info\/","og_site_name":"Cours s&#039;il pleut","article_modified_time":"2025-02-11T21:07:18+00:00","og_image":[{"url":"https:\/\/courssilpleut.com\/wp-content\/uploads\/2023\/09\/vlcsnap-2023-09-15-13h33m50s685-3.jpg","type":"","width":"","height":""}],"twitter_card":"summary_large_image","twitter_misc":{"Dur\u00e9e de lecture estim\u00e9e":"2 minutes"},"schema":{"@context":"https:\/\/schema.org","@graph":[{"@type":"WebPage","@id":"https:\/\/courssilpleut.com\/info\/","url":"https:\/\/courssilpleut.com\/info\/","name":"Info - Cours s&#039;il pleut","isPartOf":{"@id":"https:\/\/courssilpleut.com\/#website"},"primaryImageOfPage":{"@id":"https:\/\/courssilpleut.com\/info\/#primaryimage"},"image":{"@id":"https:\/\/courssilpleut.com\/info\/#primaryimage"},"thumbnailUrl":"https:\/\/courssilpleut.com\/wp-content\/uploads\/2023\/09\/vlcsnap-2023-09-15-13h33m50s685-3.jpg","datePublished":"2023-08-09T16:14:24+00:00","dateModified":"2025-02-11T21:07:18+00:00","breadcrumb":{"@id":"https:\/\/courssilpleut.com\/info\/#breadcrumb"},"inLanguage":"fr-FR","potentialAction":[{"@type":"ReadAction","target":["https:\/\/courssilpleut.com\/info\/"]}]},{"@type":"ImageObject","inLanguage":"fr-FR","@id":"https:\/\/courssilpleut.com\/info\/#primaryimage","url":"https:\/\/courssilpleut.com\/wp-content\/uploads\/2023\/09\/vlcsnap-2023-09-15-13h33m50s685-3.jpg","contentUrl":"https:\/\/courssilpleut.com\/wp-content\/uploads\/2023\/09\/vlcsnap-2023-09-15-13h33m50s685-3.jpg"},{"@type":"BreadcrumbList","@id":"https:\/\/courssilpleut.com\/info\/#breadcrumb","itemListElement":[{"@type":"ListItem","position":1,"name":"Home","item":"https:\/\/courssilpleut.com\/"},{"@type":"ListItem","position":2,"name":"Info"}]},{"@type":"WebSite","@id":"https:\/\/courssilpleut.com\/#website","url":"https:\/\/courssilpleut.com\/","name":"Cours s'il pleut","description":"Outdoor equipment for near and far ventures, made on a small scale in France | Equipements outdoor artisanaux con\u00e7us et confectionn\u00e9s en France","publisher":{"@id":"https:\/\/courssilpleut.com\/#organization"},"potentialAction":[{"@type":"SearchAction","target":{"@type":"EntryPoint","urlTemplate":"https:\/\/courssilpleut.com\/?s={search_term_string}"},"query-input":{"@type":"PropertyValueSpecification","valueRequired":true,"valueName":"search_term_string"}}],"inLanguage":"fr-FR"},{"@type":"Organization","@id":"https:\/\/courssilpleut.com\/#organization","name":"Cours s'il pleut","url":"https:\/\/courssilpleut.com\/","logo":{"@type":"ImageObject","inLanguage":"fr-FR","@id":"https:\/\/courssilpleut.com\/#\/schema\/logo\/image\/","url":"https:\/\/courssilpleut.com\/wp-content\/uploads\/2023\/08\/logo_courssilpleut_Plan-de-travail-1-2.svg","contentUrl":"https:\/\/courssilpleut.com\/wp-content\/uploads\/2023\/08\/logo_courssilpleut_Plan-de-travail-1-2.svg","width":500,"height":300,"caption":"Cours s'il pleut"},"image":{"@id":"https:\/\/courssilpleut.com\/#\/schema\/logo\/image\/"},"sameAs":["https:\/\/www.instagram.com\/courssilpleut\/"]}]}},"_links":{"self":[{"href":"https:\/\/courssilpleut.com\/fr\/wp-json\/wp\/v2\/pages\/1018","targetHints":{"allow":["GET"]}}],"collection":[{"href":"https:\/\/courssilpleut.com\/fr\/wp-json\/wp\/v2\/pages"}],"about":[{"href":"https:\/\/courssilpleut.com\/fr\/wp-json\/wp\/v2\/types\/page"}],"author":[{"embeddable":true,"href":"https:\/\/courssilpleut.com\/fr\/wp-json\/wp\/v2\/users\/1"}],"replies":[{"embeddable":true,"href":"https:\/\/courssilpleut.com\/fr\/wp-json\/wp\/v2\/comments?post=1018"}],"version-history":[{"count":82,"href":"https:\/\/courssilpleut.com\/fr\/wp-json\/wp\/v2\/pages\/1018\/revisions"}],"predecessor-version":[{"id":5525,"href":"https:\/\/courssilpleut.com\/fr\/wp-json\/wp\/v2\/pages\/1018\/revisions\/5525"}],"wp:attachment":[{"href":"https:\/\/courssilpleut.com\/fr\/wp-json\/wp\/v2\/media?parent=1018"}],"curies":[{"name":"wp","href":"https:\/\/api.w.org\/{rel}","templated":true}]}}